{"id":33,"date":"2024-04-16T10:43:07","date_gmt":"2024-04-16T10:43:07","guid":{"rendered":"https:\/\/www.ufpb.br\/animaiscomunitariosufpb\/?page_id=33"},"modified":"2026-01-04T19:55:36","modified_gmt":"2026-01-04T22:55:36","slug":"quem-somos","status":"publish","type":"page","link":"https:\/\/www.ufpb.br\/animaiscomunitariosufpb\/quem-somos\/","title":{"rendered":"Quem somos?"},"content":{"rendered":"\n<p class=\"has-text-align-center\">Promovendo educa\u00e7\u00e3o ambiental e sensibiliza\u00e7\u00e3o social, nosso foco esta na conscientiza\u00e7\u00e3o da comunidade universit\u00e1ria e da popula\u00e7\u00e3o pessoense sobre a causa animal.<\/p>\n\n\n<div class=\"wp-block-image is-style-rounded\">\n<figure class=\"aligncenter size-large is-resized\"><img loading=\"lazy\" decoding=\"async\" width=\"905\" height=\"1024\" src=\"http:\/\/www.ufpb.br\/animaiscomunitariosufpb\/wp-content\/uploads\/sites\/79\/sites\/167\/2024\/04\/Logo-905x1024.jpeg\" alt=\"\" class=\"wp-image-15\" style=\"width:262px;height:auto\" \/><\/figure>\n<\/div>\n\n\n<p class=\"has-text-align-center\">Seja bem-vindo!<\/p>\n\n\n\n<p class=\"has-text-align-center\"><p class=\"has-text-align-center\" style=\"text-align:justify\">Somos um projeto de extens\u00e3o da <strong>Universidade Federal da Para\u00edba (UFPB), Campus I<\/strong>, em Jo\u00e3o Pessoa &#8211; PB, reconhecido oficialmente desde 2020 e em <em>opera\u00e7\u00e3o desde 2014<\/em>. Realizamos diversas atividades educativas, campanhas de ado\u00e7\u00e3o, divulga\u00e7\u00e3o de informa\u00e7\u00f5es sobre sa\u00fade e cuidados, resgates e manejo de animais dentro da universidade, aplicando o m\u00e9todo <strong>Captura, Esteriliza\u00e7\u00e3o e Devolu\u00e7\u00e3o (CED)<\/strong>, que resulta em um maior controle populacional na \u00e1rea, al\u00e9m de parcerias com ONGs locais para fortalecer a rede de prote\u00e7\u00e3o animal.<br>Nosso objetivo \u00e9 fomentar uma cultura de respeito e cuidado, trazendo um olhar sens\u00edvel sobre zoonoses e controle populacional de c\u00e3es e gatos, integrando quest\u00f5es ambientais e sociais em nossas a\u00e7\u00f5es. Assim, buscamos chamar a aten\u00e7\u00e3o para o n\u00e3o abandono de animais dom\u00e9sticos no Campus I e na <strong>regi\u00e3o metropolitana de Jo\u00e3o Pessoa<\/strong>.<\/p><\/p>\n\n\n\n<p><\/p>\n","protected":false},"excerpt":{"rendered":"<p>Promovendo educa\u00e7\u00e3o ambiental e sensibiliza\u00e7\u00e3o social, nosso foco esta na conscientiza\u00e7\u00e3o da comunidade universit\u00e1ria e [&hellip;]<\/p>\n","protected":false},"author":47,"featured_media":766,"parent":0,"menu_order":0,"comment_status":"closed","ping_status":"closed","template":"","meta":{"footnotes":""},"class_list":["post-33","page","type-page","status-publish","has-post-thumbnail","hentry"],"_links":{"self":[{"href":"https:\/\/www.ufpb.br\/animaiscomunitariosufpb\/wp-json\/wp\/v2\/pages\/33","targetHints":{"allow":["GET"]}}],"collection":[{"href":"https:\/\/www.ufpb.br\/animaiscomunitariosufpb\/wp-json\/wp\/v2\/pages"}],"about":[{"href":"https:\/\/www.ufpb.br\/animaiscomunitariosufpb\/wp-json\/wp\/v2\/types\/page"}],"author":[{"embeddable":true,"href":"https:\/\/www.ufpb.br\/animaiscomunitariosufpb\/wp-json\/wp\/v2\/users\/47"}],"replies":[{"embeddable":true,"href":"https:\/\/www.ufpb.br\/animaiscomunitariosufpb\/wp-json\/wp\/v2\/comments?post=33"}],"version-history":[{"count":10,"href":"https:\/\/www.ufpb.br\/animaiscomunitariosufpb\/wp-json\/wp\/v2\/pages\/33\/revisions"}],"predecessor-version":[{"id":912,"href":"https:\/\/www.ufpb.br\/animaiscomunitariosufpb\/wp-json\/wp\/v2\/pages\/33\/revisions\/912"}],"wp:featuredmedia":[{"embeddable":true,"href":"https:\/\/www.ufpb.br\/animaiscomunitariosufpb\/wp-json\/wp\/v2\/media\/766"}],"wp:attachment":[{"href":"https:\/\/www.ufpb.br\/animaiscomunitariosufpb\/wp-json\/wp\/v2\/media?parent=33"}],"curies":[{"name":"wp","href":"https:\/\/api.w.org\/{rel}","templated":true}]}}