{"id":41,"date":"2024-04-16T10:44:30","date_gmt":"2024-04-16T10:44:30","guid":{"rendered":"https:\/\/www.ufpb.br\/animaiscomunitariosufpb\/?page_id=41"},"modified":"2026-01-04T19:55:35","modified_gmt":"2026-01-04T22:55:35","slug":"doacoes","status":"publish","type":"page","link":"https:\/\/www.ufpb.br\/animaiscomunitariosufpb\/doacoes\/","title":{"rendered":"Doa\u00e7\u00f5es"},"content":{"rendered":"\n<p class=\"has-text-align-left has-medium-font-size\">Ei, voc\u00ea pode nos ajudar?<\/p>\n\n\n\n<figure class=\"wp-block-image size-large\"><img loading=\"lazy\" decoding=\"async\" width=\"1024\" height=\"509\" src=\"http:\/\/www.ufpb.br\/animaiscomunitariosufpb\/wp-content\/uploads\/sites\/79\/sites\/167\/2024\/11\/Captura-de-tela-2024-10-14-225813-1024x509.png\" alt=\"\" class=\"wp-image-1083\" srcset=\"https:\/\/www.ufpb.br\/animaiscomunitariosufpb\/wp-content\/uploads\/sites\/79\/sites\/167\/2024\/11\/Captura-de-tela-2024-10-14-225813-1024x509.png 1024w, https:\/\/www.ufpb.br\/animaiscomunitariosufpb\/wp-content\/uploads\/sites\/79\/sites\/167\/2024\/11\/Captura-de-tela-2024-10-14-225813-300x149.png 300w, https:\/\/www.ufpb.br\/animaiscomunitariosufpb\/wp-content\/uploads\/sites\/79\/sites\/167\/2024\/11\/Captura-de-tela-2024-10-14-225813-768x381.png 768w, https:\/\/www.ufpb.br\/animaiscomunitariosufpb\/wp-content\/uploads\/sites\/79\/sites\/167\/2024\/11\/Captura-de-tela-2024-10-14-225813.png 1365w\" sizes=\"auto, (max-width: 1024px) 100vw, 1024px\" \/><\/figure>\n\n\n\n<div style=\"height:8px\" aria-hidden=\"true\" class=\"wp-block-spacer\"><\/div>\n\n\n\n<p class=\"has-text-align-center has-medium-font-size\">Recebemos doa\u00e7\u00f5es de itens novos ou usados, especialmente <strong>medicamentos e ra\u00e7\u00f5es<\/strong>, que s\u00e3o fundamentais para a sa\u00fade e bem-estar dos animais assistidos pelo projeto. Sua contribui\u00e7\u00e3o \u00e9 essencial para continuarmos proporcionando os cuidados necess\u00e1rios.<\/p>\n\n\n\n<p class=\"has-text-align-center has-medium-font-size\">Se voc\u00ea tem algo para doar ou deseja mais informa\u00e7\u00f5es, entre em contato pelo: <a href=\"https:\/\/www.ufpb.br\/animaiscomunitariosufpb\/fale-conosco\/\" data-type=\"page\" data-id=\"61\">Fale Conosco<\/a> ou via <a href=\"https:\/\/www.instagram.com\/animaiscomunitariosufpb\/\">Instragram<\/a>. Tamb\u00e9m pode fazer sua doa\u00e7\u00e3o em qualquer valor atrav\u00e9s do <strong>PIX: animaiscomunitariosufpb@gmail.com<\/strong><\/p>\n\n\n\n<p class=\"has-text-align-center has-medium-font-size\">Agradecemos sua colabora\u00e7\u00e3o! <\/p>\n\n\n\n<p><\/p>\n","protected":false},"excerpt":{"rendered":"<p>Sua contribui\u00e7\u00e3o pode transformar a vida dos animais que cuidamos! Aceitamos doa\u00e7\u00f5es de ra\u00e7\u00e3o, medicamentos, roupas e outros itens que garantem a sa\u00fade e o bem-estar deles. Entre em contato para fazer sua doa\u00e7\u00e3o ou fa\u00e7a uma contribui\u00e7\u00e3o. Juntos, fazemos a diferen\u00e7a!<\/p>\n","protected":false},"author":47,"featured_media":587,"parent":0,"menu_order":0,"comment_status":"closed","ping_status":"closed","template":"","meta":{"footnotes":""},"class_list":["post-41","page","type-page","status-publish","has-post-thumbnail","hentry"],"_links":{"self":[{"href":"https:\/\/www.ufpb.br\/animaiscomunitariosufpb\/wp-json\/wp\/v2\/pages\/41","targetHints":{"allow":["GET"]}}],"collection":[{"href":"https:\/\/www.ufpb.br\/animaiscomunitariosufpb\/wp-json\/wp\/v2\/pages"}],"about":[{"href":"https:\/\/www.ufpb.br\/animaiscomunitariosufpb\/wp-json\/wp\/v2\/types\/page"}],"author":[{"embeddable":true,"href":"https:\/\/www.ufpb.br\/animaiscomunitariosufpb\/wp-json\/wp\/v2\/users\/47"}],"replies":[{"embeddable":true,"href":"https:\/\/www.ufpb.br\/animaiscomunitariosufpb\/wp-json\/wp\/v2\/comments?post=41"}],"version-history":[{"count":19,"href":"https:\/\/www.ufpb.br\/animaiscomunitariosufpb\/wp-json\/wp\/v2\/pages\/41\/revisions"}],"predecessor-version":[{"id":1084,"href":"https:\/\/www.ufpb.br\/animaiscomunitariosufpb\/wp-json\/wp\/v2\/pages\/41\/revisions\/1084"}],"wp:featuredmedia":[{"embeddable":true,"href":"https:\/\/www.ufpb.br\/animaiscomunitariosufpb\/wp-json\/wp\/v2\/media\/587"}],"wp:attachment":[{"href":"https:\/\/www.ufpb.br\/animaiscomunitariosufpb\/wp-json\/wp\/v2\/media?parent=41"}],"curies":[{"name":"wp","href":"https:\/\/api.w.org\/{rel}","templated":true}]}}