{"id":87,"date":"2024-05-31T10:51:09","date_gmt":"2024-05-31T13:51:09","guid":{"rendered":"https:\/\/www.ufpb.br\/animaiscomunitariosufpb\/?page_id=87"},"modified":"2026-01-04T19:55:36","modified_gmt":"2026-01-04T22:55:36","slug":"eventos","status":"publish","type":"page","link":"https:\/\/www.ufpb.br\/animaiscomunitariosufpb\/materiais-educativos\/eventos\/","title":{"rendered":"Eventos"},"content":{"rendered":"\n<div class=\"wp-block-query is-layout-flow wp-block-query-is-layout-flow\">\n<h2 class=\"wp-block-heading has-black-color has-text-color has-link-color wp-elements-921c5a4da0a8c8e255b3375193aee9d3\"><div class=\"linha-header\"><strong>Live no Instagram: 2\u00aa edi\u00e7\u00e3o de coment\u00e1rios ao C\u00f3digo de Direito e Bem-estar Animal do estado da Para\u00edba<\/strong><\/div><\/h2>\n\n\n\n<p><\/p>\n<\/div>\n\n\n\n<div class=\"wp-block-columns are-vertically-aligned-top is-layout-flex wp-container-core-columns-is-layout-9d6595d7 wp-block-columns-is-layout-flex\">\n<div class=\"wp-block-column is-vertically-aligned-top is-layout-flow wp-block-column-is-layout-flow\" style=\"flex-basis:50%\">\n<div class=\"wp-block-group\"><div class=\"wp-block-group__inner-container is-layout-constrained wp-block-group-is-layout-constrained\">\n<div class=\"wp-block-columns is-layout-flex wp-container-core-columns-is-layout-9d6595d7 wp-block-columns-is-layout-flex\">\n<div class=\"wp-block-column is-vertically-aligned-stretch has-black-color has-text-color has-link-color wp-elements-8b8bcdde900d2624a822dad26425bd05 is-layout-flow wp-block-column-is-layout-flow\" style=\"flex-basis:100%\">\n<p><\/p>\n\n\n\n<p class=\"has-black-color has-text-color has-link-color wp-elements-b43b5d178b9e169f3450185fa2cfa1b4\" style=\"font-size:16px\">\ud83d\udcc5\u00a0<strong>Data:<\/strong> Quarta-feira, 26 de junho de 2024<\/p>\n\n\n\n<p class=\"has-black-color has-text-color has-link-color wp-elements-876c66f2bb644ad4258de8477a74e8b5\" style=\"font-size:16px\">\ud83d\udd5b <strong>Hor\u00e1rio:<\/strong> 12h00 (Hor\u00e1rio de Bras\u00edllia)<\/p>\n\n\n\n<p class=\"has-black-color has-text-color has-link-color wp-elements-e08140e82d55df643ff953d473f65af0\" style=\"font-size:16px\">\ud83c\udf10 <strong>Local:<\/strong> Online e gratuito (Via Instagram)<\/p>\n\n\n\n<p class=\"has-white-color has-text-color has-link-color wp-elements-4cffdbce52ed3b482817940e022d95ed\">tes<\/p>\n\n\n\n<details class=\"wp-block-details is-layout-flow wp-block-details-is-layout-flow\" style=\"font-size:16px\"><summary>Clique aqui para saber mais<\/summary>\n<p><\/p>\n\n\n\n<h4 class=\"wp-block-heading\" style=\"font-size:16px\">Detalhes do evento:<\/h4>\n\n\n\n<p><\/p>\n\n\n\n<p class=\"has-black-color has-text-color has-link-color wp-elements-e3933ccd9806e69617dace601533e886\" style=\"font-size:16px\">Os participantes da live receber\u00e3o um cupom de desconto para a aquisi\u00e7\u00e3o da obra, fornecido pela Editora Juru\u00e1.<\/p>\n\n\n\n<p class=\"has-text-align-left has-black-color has-text-color has-link-color wp-elements-59a9396a03c834d68466a84c93989d1c\" style=\"font-size:16px\">[&#8230;] Junte-se a n\u00f3s para uma live especial no Instagram onde discutiremos a <a href=\"https:\/\/www.jurua.com.br\/shop_item.asp?id=31058\" data-type=\"link\" data-id=\"https:\/\/www.jurua.com.br\/shop_item.asp?id=31058\">2\u00aa edi\u00e7\u00e3o de Coment\u00e1rios ao C\u00f3digo de Direito e Bem-Estar Animal do Estado da Para\u00edba.<\/a> <\/p>\n\n\n\n<p><\/p>\n\n\n\n<h4 class=\"wp-block-heading\" style=\"font-size:16px\">Sobre a Obra:<\/h4>\n\n\n\n<p><\/p>\n\n\n\n<p class=\"has-black-color has-text-color has-link-color wp-elements-9fc6887627c1ae499663d26c63c49192\" style=\"font-size:16px\">A 2\u00aa edi\u00e7\u00e3o de <em>Coment\u00e1rios ao C\u00f3digo de Direito e Bem-Estar Animal do Estado da Para\u00edba<\/em> explora um avan\u00e7o not\u00e1vel na legisla\u00e7\u00e3o interesp\u00e9cies, promovendo um passo civilizat\u00f3rio significativo ao reconhecer os direitos fundamentais dos animais.<\/p>\n<\/details>\n<\/div>\n<\/div>\n<\/div><\/div>\n<\/div>\n\n\n\n<div class=\"wp-block-column is-vertically-aligned-top is-layout-flow wp-block-column-is-layout-flow\" style=\"flex-basis:70%\">\n<figure class=\"wp-block-image size-large is-resized\"><img loading=\"lazy\" decoding=\"async\" width=\"1024\" height=\"1024\" src=\"http:\/\/www.ufpb.br\/animaiscomunitariosufpb\/wp-content\/uploads\/sites\/79\/sites\/167\/2024\/06\/WhatsApp-Image-2024-06-24-at-13.44.37-1024x1024.jpeg\" alt=\"\" class=\"wp-image-141\" style=\"width:481px;height:auto\" srcset=\"https:\/\/www.ufpb.br\/animaiscomunitariosufpb\/wp-content\/uploads\/sites\/79\/sites\/167\/2024\/06\/WhatsApp-Image-2024-06-24-at-13.44.37-1024x1024.jpeg 1024w, https:\/\/www.ufpb.br\/animaiscomunitariosufpb\/wp-content\/uploads\/sites\/79\/sites\/167\/2024\/06\/WhatsApp-Image-2024-06-24-at-13.44.37-300x300.jpeg 300w, https:\/\/www.ufpb.br\/animaiscomunitariosufpb\/wp-content\/uploads\/sites\/79\/sites\/167\/2024\/06\/WhatsApp-Image-2024-06-24-at-13.44.37-150x150.jpeg 150w, https:\/\/www.ufpb.br\/animaiscomunitariosufpb\/wp-content\/uploads\/sites\/79\/sites\/167\/2024\/06\/WhatsApp-Image-2024-06-24-at-13.44.37-768x768.jpeg 768w, https:\/\/www.ufpb.br\/animaiscomunitariosufpb\/wp-content\/uploads\/sites\/79\/sites\/167\/2024\/06\/WhatsApp-Image-2024-06-24-at-13.44.37.jpeg 1080w\" sizes=\"auto, (max-width: 1024px) 100vw, 1024px\" \/><\/figure>\n<\/div>\n<\/div>\n","protected":false},"excerpt":{"rendered":"<p>\ud83d\udcc5\u00a0Data: Quarta-feira, 26 de junho de 2024 \ud83d\udd5b Hor\u00e1rio: 12h00 (Hor\u00e1rio de Bras\u00edllia) \ud83c\udf10 Local: [&hellip;]<\/p>\n","protected":false},"author":119,"featured_media":141,"parent":43,"menu_order":0,"comment_status":"closed","ping_status":"closed","template":"","meta":{"footnotes":""},"class_list":["post-87","page","type-page","status-publish","has-post-thumbnail","hentry"],"_links":{"self":[{"href":"https:\/\/www.ufpb.br\/animaiscomunitariosufpb\/wp-json\/wp\/v2\/pages\/87","targetHints":{"allow":["GET"]}}],"collection":[{"href":"https:\/\/www.ufpb.br\/animaiscomunitariosufpb\/wp-json\/wp\/v2\/pages"}],"about":[{"href":"https:\/\/www.ufpb.br\/animaiscomunitariosufpb\/wp-json\/wp\/v2\/types\/page"}],"author":[{"embeddable":true,"href":"https:\/\/www.ufpb.br\/animaiscomunitariosufpb\/wp-json\/wp\/v2\/users\/119"}],"replies":[{"embeddable":true,"href":"https:\/\/www.ufpb.br\/animaiscomunitariosufpb\/wp-json\/wp\/v2\/comments?post=87"}],"version-history":[{"count":38,"href":"https:\/\/www.ufpb.br\/animaiscomunitariosufpb\/wp-json\/wp\/v2\/pages\/87\/revisions"}],"predecessor-version":[{"id":191,"href":"https:\/\/www.ufpb.br\/animaiscomunitariosufpb\/wp-json\/wp\/v2\/pages\/87\/revisions\/191"}],"up":[{"embeddable":true,"href":"https:\/\/www.ufpb.br\/animaiscomunitariosufpb\/wp-json\/wp\/v2\/pages\/43"}],"wp:featuredmedia":[{"embeddable":true,"href":"https:\/\/www.ufpb.br\/animaiscomunitariosufpb\/wp-json\/wp\/v2\/media\/141"}],"wp:attachment":[{"href":"https:\/\/www.ufpb.br\/animaiscomunitariosufpb\/wp-json\/wp\/v2\/media?parent=87"}],"curies":[{"name":"wp","href":"https:\/\/api.w.org\/{rel}","templated":true}]}}