{"id":95,"date":"2024-05-31T11:06:17","date_gmt":"2024-05-31T14:06:17","guid":{"rendered":"https:\/\/www.ufpb.br\/animaiscomunitariosufpb\/?page_id=95"},"modified":"2026-01-04T19:55:36","modified_gmt":"2026-01-04T22:55:36","slug":"adocao","status":"publish","type":"page","link":"https:\/\/www.ufpb.br\/animaiscomunitariosufpb\/materiais-educativos\/adocao\/","title":{"rendered":"Ado\u00e7\u00e3o"},"content":{"rendered":"\n<h2>Ei, que tal ganhar amor?<\/h2>\n<h2>Conhe\u00e7a alguns dos gatinhos dispon\u00edveis para ado\u00e7\u00e3o respons\u00e1vel e acompanhe nossas dicas sobre <a href=\"https:\/\/www.ufpb.br\/animaiscomunitariosufpb\/materiais-educativos\/saude\/\">como trazer bem-estar<\/a> ao seu novo amigo.<\/p>\n\n\n\n<div style=\"height:25px\" aria-hidden=\"true\" class=\"wp-block-spacer\"><\/div>\n\n\n\n<figure class=\"wp-block-gallery has-nested-images columns-default is-cropped wp-block-gallery-1 is-layout-flex wp-block-gallery-is-layout-flex\">\n<figure class=\"wp-block-image size-full\"><img loading=\"lazy\" decoding=\"async\" width=\"2560\" height=\"1707\" data-id=\"566\" src=\"https:\/\/www.ufpb.br\/animaiscomunitariosufpb\/wp-content\/uploads\/sites\/79\/sites\/167\/2024\/08\/DSC_7539-scaled.jpg\" alt=\"\" class=\"wp-image-566\" srcset=\"https:\/\/www.ufpb.br\/animaiscomunitariosufpb\/wp-content\/uploads\/sites\/79\/sites\/167\/2024\/08\/DSC_7539-scaled.jpg 2560w, https:\/\/www.ufpb.br\/animaiscomunitariosufpb\/wp-content\/uploads\/sites\/79\/sites\/167\/2024\/08\/DSC_7539-300x200.jpg 300w, https:\/\/www.ufpb.br\/animaiscomunitariosufpb\/wp-content\/uploads\/sites\/79\/sites\/167\/2024\/08\/DSC_7539-1024x683.jpg 1024w, https:\/\/www.ufpb.br\/animaiscomunitariosufpb\/wp-content\/uploads\/sites\/79\/sites\/167\/2024\/08\/DSC_7539-768x512.jpg 768w, https:\/\/www.ufpb.br\/animaiscomunitariosufpb\/wp-content\/uploads\/sites\/79\/sites\/167\/2024\/08\/DSC_7539-1536x1024.jpg 1536w, https:\/\/www.ufpb.br\/animaiscomunitariosufpb\/wp-content\/uploads\/sites\/79\/sites\/167\/2024\/08\/DSC_7539-2048x1365.jpg 2048w, https:\/\/www.ufpb.br\/animaiscomunitariosufpb\/wp-content\/uploads\/sites\/79\/sites\/167\/2024\/08\/DSC_7539-272x182.jpg 272w\" sizes=\"auto, (max-width: 2560px) 100vw, 2560px\" \/><\/figure>\n<\/figure>\n\n\n\n<figure class=\"wp-block-gallery has-nested-images columns-default is-cropped wp-block-gallery-2 is-layout-flex wp-block-gallery-is-layout-flex\">\n<figure class=\"wp-block-image size-large\"><img loading=\"lazy\" decoding=\"async\" width=\"1024\" height=\"683\" data-id=\"619\" src=\"https:\/\/www.ufpb.br\/animaiscomunitariosufpb\/wp-content\/uploads\/sites\/79\/sites\/167\/2024\/08\/DSC_7733-3-1024x683.jpg\" alt=\"\" class=\"wp-image-619\" srcset=\"https:\/\/www.ufpb.br\/animaiscomunitariosufpb\/wp-content\/uploads\/sites\/79\/sites\/167\/2024\/08\/DSC_7733-3-1024x683.jpg 1024w, https:\/\/www.ufpb.br\/animaiscomunitariosufpb\/wp-content\/uploads\/sites\/79\/sites\/167\/2024\/08\/DSC_7733-3-300x200.jpg 300w, https:\/\/www.ufpb.br\/animaiscomunitariosufpb\/wp-content\/uploads\/sites\/79\/sites\/167\/2024\/08\/DSC_7733-3-768x512.jpg 768w, https:\/\/www.ufpb.br\/animaiscomunitariosufpb\/wp-content\/uploads\/sites\/79\/sites\/167\/2024\/08\/DSC_7733-3-1536x1024.jpg 1536w, https:\/\/www.ufpb.br\/animaiscomunitariosufpb\/wp-content\/uploads\/sites\/79\/sites\/167\/2024\/08\/DSC_7733-3-2048x1365.jpg 2048w, https:\/\/www.ufpb.br\/animaiscomunitariosufpb\/wp-content\/uploads\/sites\/79\/sites\/167\/2024\/08\/DSC_7733-3-272x182.jpg 272w\" sizes=\"auto, (max-width: 1024px) 100vw, 1024px\" \/><\/figure>\n\n\n\n<figure class=\"wp-block-image size-large\"><img decoding=\"async\" data-id=\"611\" src=\"https:\/\/www.ufpb.br\/animaiscomunitariosufpb\/wp-content\/uploads\/sites\/79\/sites\/167\/2024\/08\/DSC_7510-2-683x1024.jpg\" alt=\"\" class=\"wp-image-611\" \/><\/figure>\n\n\n\n<figure class=\"wp-block-image size-large\"><img loading=\"lazy\" decoding=\"async\" width=\"1024\" height=\"683\" data-id=\"610\" src=\"https:\/\/www.ufpb.br\/animaiscomunitariosufpb\/wp-content\/uploads\/sites\/79\/sites\/167\/2024\/08\/DSC_0315-2-1024x683.jpg\" alt=\"\" class=\"wp-image-610\" srcset=\"https:\/\/www.ufpb.br\/animaiscomunitariosufpb\/wp-content\/uploads\/sites\/79\/sites\/167\/2024\/08\/DSC_0315-2-1024x683.jpg 1024w, https:\/\/www.ufpb.br\/animaiscomunitariosufpb\/wp-content\/uploads\/sites\/79\/sites\/167\/2024\/08\/DSC_0315-2-300x200.jpg 300w, https:\/\/www.ufpb.br\/animaiscomunitariosufpb\/wp-content\/uploads\/sites\/79\/sites\/167\/2024\/08\/DSC_0315-2-768x512.jpg 768w, https:\/\/www.ufpb.br\/animaiscomunitariosufpb\/wp-content\/uploads\/sites\/79\/sites\/167\/2024\/08\/DSC_0315-2-1536x1024.jpg 1536w, https:\/\/www.ufpb.br\/animaiscomunitariosufpb\/wp-content\/uploads\/sites\/79\/sites\/167\/2024\/08\/DSC_0315-2-2048x1365.jpg 2048w, https:\/\/www.ufpb.br\/animaiscomunitariosufpb\/wp-content\/uploads\/sites\/79\/sites\/167\/2024\/08\/DSC_0315-2-272x182.jpg 272w\" sizes=\"auto, (max-width: 1024px) 100vw, 1024px\" \/><\/figure>\n\n\n\n<figure class=\"wp-block-image size-large\"><img loading=\"lazy\" decoding=\"async\" width=\"1024\" height=\"683\" data-id=\"584\" src=\"https:\/\/www.ufpb.br\/animaiscomunitariosufpb\/wp-content\/uploads\/sites\/79\/sites\/167\/2024\/08\/DSC_0339-1-1024x683.jpg\" alt=\"\" class=\"wp-image-584\" srcset=\"https:\/\/www.ufpb.br\/animaiscomunitariosufpb\/wp-content\/uploads\/sites\/79\/sites\/167\/2024\/08\/DSC_0339-1-1024x683.jpg 1024w, https:\/\/www.ufpb.br\/animaiscomunitariosufpb\/wp-content\/uploads\/sites\/79\/sites\/167\/2024\/08\/DSC_0339-1-300x200.jpg 300w, https:\/\/www.ufpb.br\/animaiscomunitariosufpb\/wp-content\/uploads\/sites\/79\/sites\/167\/2024\/08\/DSC_0339-1-768x512.jpg 768w, https:\/\/www.ufpb.br\/animaiscomunitariosufpb\/wp-content\/uploads\/sites\/79\/sites\/167\/2024\/08\/DSC_0339-1-1536x1024.jpg 1536w, https:\/\/www.ufpb.br\/animaiscomunitariosufpb\/wp-content\/uploads\/sites\/79\/sites\/167\/2024\/08\/DSC_0339-1-2048x1365.jpg 2048w, https:\/\/www.ufpb.br\/animaiscomunitariosufpb\/wp-content\/uploads\/sites\/79\/sites\/167\/2024\/08\/DSC_0339-1-272x182.jpg 272w\" sizes=\"auto, (max-width: 1024px) 100vw, 1024px\" \/><\/figure>\n<\/figure>\n","protected":false},"excerpt":{"rendered":"<p>Ei, que tal ganhar amor? Conhe\u00e7a alguns dos gatinhos dispon\u00edveis para ado\u00e7\u00e3o respons\u00e1vel e acompanhe [&hellip;]<\/p>\n","protected":false},"author":119,"featured_media":0,"parent":43,"menu_order":0,"comment_status":"closed","ping_status":"closed","template":"","meta":{"footnotes":""},"class_list":["post-95","page","type-page","status-publish","hentry"],"_links":{"self":[{"href":"https:\/\/www.ufpb.br\/animaiscomunitariosufpb\/wp-json\/wp\/v2\/pages\/95","targetHints":{"allow":["GET"]}}],"collection":[{"href":"https:\/\/www.ufpb.br\/animaiscomunitariosufpb\/wp-json\/wp\/v2\/pages"}],"about":[{"href":"https:\/\/www.ufpb.br\/animaiscomunitariosufpb\/wp-json\/wp\/v2\/types\/page"}],"author":[{"embeddable":true,"href":"https:\/\/www.ufpb.br\/animaiscomunitariosufpb\/wp-json\/wp\/v2\/users\/119"}],"replies":[{"embeddable":true,"href":"https:\/\/www.ufpb.br\/animaiscomunitariosufpb\/wp-json\/wp\/v2\/comments?post=95"}],"version-history":[{"count":13,"href":"https:\/\/www.ufpb.br\/animaiscomunitariosufpb\/wp-json\/wp\/v2\/pages\/95\/revisions"}],"predecessor-version":[{"id":1026,"href":"https:\/\/www.ufpb.br\/animaiscomunitariosufpb\/wp-json\/wp\/v2\/pages\/95\/revisions\/1026"}],"up":[{"embeddable":true,"href":"https:\/\/www.ufpb.br\/animaiscomunitariosufpb\/wp-json\/wp\/v2\/pages\/43"}],"wp:attachment":[{"href":"https:\/\/www.ufpb.br\/animaiscomunitariosufpb\/wp-json\/wp\/v2\/media?parent=95"}],"curies":[{"name":"wp","href":"https:\/\/api.w.org\/{rel}","templated":true}]}}