{"id":996,"date":"2024-10-04T15:43:49","date_gmt":"2024-10-04T18:43:49","guid":{"rendered":"https:\/\/www.ufpb.br\/animaiscomunitariosufpb\/?page_id=996"},"modified":"2026-01-04T19:55:36","modified_gmt":"2026-01-04T22:55:36","slug":"seja-um-voluntario","status":"publish","type":"page","link":"https:\/\/www.ufpb.br\/animaiscomunitariosufpb\/seja-um-voluntario\/","title":{"rendered":"Seja um volunt\u00e1rio"},"content":{"rendered":"\n<div style=\"height:10px\"><\/div>\n\n\n\n<figure class=\"wp-block-image size-large\"><img loading=\"lazy\" decoding=\"async\" width=\"1024\" height=\"509\" src=\"http:\/\/www.ufpb.br\/animaiscomunitariosufpb\/wp-content\/uploads\/sites\/79\/sites\/167\/2024\/11\/Captura-de-tela-2024-10-14-172402-1024x509.png\" alt=\"\" class=\"wp-image-1081\" srcset=\"https:\/\/www.ufpb.br\/animaiscomunitariosufpb\/wp-content\/uploads\/sites\/79\/sites\/167\/2024\/11\/Captura-de-tela-2024-10-14-172402-1024x509.png 1024w, https:\/\/www.ufpb.br\/animaiscomunitariosufpb\/wp-content\/uploads\/sites\/79\/sites\/167\/2024\/11\/Captura-de-tela-2024-10-14-172402-300x149.png 300w, https:\/\/www.ufpb.br\/animaiscomunitariosufpb\/wp-content\/uploads\/sites\/79\/sites\/167\/2024\/11\/Captura-de-tela-2024-10-14-172402-768x382.png 768w, https:\/\/www.ufpb.br\/animaiscomunitariosufpb\/wp-content\/uploads\/sites\/79\/sites\/167\/2024\/11\/Captura-de-tela-2024-10-14-172402.png 1365w\" sizes=\"auto, (max-width: 1024px) 100vw, 1024px\" \/><\/figure>\n\n\n\n<div aria-hidden=\"true\" class=\"wp-block-spacer\"><\/div>\n\n\n\n<h3 class=\"wp-block-heading\">Como Voc\u00ea Pode Ajudar?<\/h3>\n\n\n\n<p>N\u00e3o \u00e9 preciso ter experi\u00eancia ou muito tempo dispon\u00edvel para ser volunt\u00e1rio. H\u00e1 diversas formas de contribuir, como:<\/p>\n\n\n\n<ul class=\"wp-block-list\">\n<li>Oferecer apoio em eventos de arrecada\u00e7\u00e3o ou feiras de ado\u00e7\u00e3o.<\/li>\n\n\n\n<li>Ser lar tempor\u00e1rio para animais em recupera\u00e7\u00e3o.<\/li>\n\n\n\n<li>Ajudar na cria\u00e7\u00e3o de conte\u00fado, administra\u00e7\u00e3o de redes sociais ou manuten\u00e7\u00e3o de sites.<\/li>\n\n\n\n<li>Doar itens como ra\u00e7\u00e3o, medicamentos ou recursos financeiros.<\/li>\n<\/ul>\n\n\n\n<p>Se inscreva aqui e fa\u00e7a parte da nossa equipe.<\/p>\n","protected":false},"excerpt":{"rendered":"<p>Deseja fazer a diferen\u00e7a? Venha ser parte do nosso time! Como volunt\u00e1rio, voc\u00ea poder\u00e1 atuar ativamente em diversas fun\u00e7\u00f5es, como manejo, sa\u00fade, marketing, cria\u00e7\u00e3o de conte\u00fado, educa\u00e7\u00e3o e outros, em prol da conscientiza\u00e7\u00e3o da comunidade, oferecendo cuidado, prote\u00e7\u00e3o aos animais da UFPB e regi\u00e3o. Juntos, podemos mais!<\/p>\n","protected":false},"author":47,"featured_media":600,"parent":0,"menu_order":0,"comment_status":"closed","ping_status":"closed","template":"","meta":{"footnotes":""},"class_list":["post-996","page","type-page","status-publish","has-post-thumbnail","hentry"],"_links":{"self":[{"href":"https:\/\/www.ufpb.br\/animaiscomunitariosufpb\/wp-json\/wp\/v2\/pages\/996","targetHints":{"allow":["GET"]}}],"collection":[{"href":"https:\/\/www.ufpb.br\/animaiscomunitariosufpb\/wp-json\/wp\/v2\/pages"}],"about":[{"href":"https:\/\/www.ufpb.br\/animaiscomunitariosufpb\/wp-json\/wp\/v2\/types\/page"}],"author":[{"embeddable":true,"href":"https:\/\/www.ufpb.br\/animaiscomunitariosufpb\/wp-json\/wp\/v2\/users\/47"}],"replies":[{"embeddable":true,"href":"https:\/\/www.ufpb.br\/animaiscomunitariosufpb\/wp-json\/wp\/v2\/comments?post=996"}],"version-history":[{"count":14,"href":"https:\/\/www.ufpb.br\/animaiscomunitariosufpb\/wp-json\/wp\/v2\/pages\/996\/revisions"}],"predecessor-version":[{"id":1266,"href":"https:\/\/www.ufpb.br\/animaiscomunitariosufpb\/wp-json\/wp\/v2\/pages\/996\/revisions\/1266"}],"wp:featuredmedia":[{"embeddable":true,"href":"https:\/\/www.ufpb.br\/animaiscomunitariosufpb\/wp-json\/wp\/v2\/media\/600"}],"wp:attachment":[{"href":"https:\/\/www.ufpb.br\/animaiscomunitariosufpb\/wp-json\/wp\/v2\/media?parent=996"}],"curies":[{"name":"wp","href":"https:\/\/api.w.org\/{rel}","templated":true}]}}