{"id":106,"date":"2025-09-05T12:12:59","date_gmt":"2025-09-05T15:12:59","guid":{"rendered":"https:\/\/www.ufpb.br\/arquivocentral1\/?page_id=106"},"modified":"2026-01-28T07:17:48","modified_gmt":"2026-01-28T10:17:48","slug":"boletins-de-servico","status":"publish","type":"page","link":"https:\/\/www.ufpb.br\/arquivocentral\/boletins-de-servico\/","title":{"rendered":"Boletins de Servi\u00e7o"},"content":{"rendered":"\n<p>S\u00e3o documentos destinados \u00e0&nbsp;<strong>publica\u00e7\u00e3o de atos administrativos<\/strong>, praticados pelo&nbsp;<strong>Reitor da UFPB<\/strong>&nbsp;e demais dirigentes das unidades organizacionais integrantes das estruturas da universidade.&nbsp;&nbsp;<\/p>\n\n\n\n<p>Os Boletins de Servi\u00e7os derivam de uma exig\u00eancia da&nbsp;<a href=\"http:\/\/www.planalto.gov.br\/ccivil_03\/leis\/1950-1969\/L4965.htm\">Lei 4.965, de 5 de maio de 1966<\/a>, a qual disp\u00f5e sobre a publica\u00e7\u00e3o dos atos relativos aos servidores p\u00fablicos civis do Poder Executivo.<\/p>\n\n\n\n<p>Segundo a lei, os atos administrativos somente ter\u00e3o validade jur\u00eddica mediante publica\u00e7\u00e3o:<\/p>\n\n\n\n<p>I \u2013 no Di\u00e1rio Oficial da Uni\u00e3o, quanto aos atos de provimento e vac\u00e2ncia de cargos ou fun\u00e7\u00f5es;<\/p>\n\n\n\n<p>II \u2013 no&nbsp;<strong>Boletim de Servi\u00e7o ou Boletim de Pessoal<\/strong>, quanto aos atos de concess\u00e3o de vantagens pecuni\u00e1rias previstas na legisla\u00e7\u00e3o em vigor.<\/p>\n\n\n\n<p>Os Boletins de Servi\u00e7o, anteriores ao ano de 2014, originalmente publicados em meio f\u00edsico, encontram-se em processo de recupera\u00e7\u00e3o e digitaliza\u00e7\u00e3o, sendo disponibilizados, inicialmente, nos links abaixo:<\/p>\n\n\n\n<p><\/p>\n","protected":false},"excerpt":{"rendered":"<p>S\u00e3o documentos destinados \u00e0&nbsp;publica\u00e7\u00e3o de atos administrativos, praticados pelo&nbsp;Reitor da UFPB&nbsp;e demais dirigentes das unidades [&hellip;]<\/p>\n","protected":false},"author":63,"featured_media":0,"parent":0,"menu_order":0,"comment_status":"closed","ping_status":"closed","template":"","meta":{"footnotes":""},"class_list":["post-106","page","type-page","status-publish","hentry"],"_links":{"self":[{"href":"https:\/\/www.ufpb.br\/arquivocentral\/wp-json\/wp\/v2\/pages\/106","targetHints":{"allow":["GET"]}}],"collection":[{"href":"https:\/\/www.ufpb.br\/arquivocentral\/wp-json\/wp\/v2\/pages"}],"about":[{"href":"https:\/\/www.ufpb.br\/arquivocentral\/wp-json\/wp\/v2\/types\/page"}],"author":[{"embeddable":true,"href":"https:\/\/www.ufpb.br\/arquivocentral\/wp-json\/wp\/v2\/users\/63"}],"replies":[{"embeddable":true,"href":"https:\/\/www.ufpb.br\/arquivocentral\/wp-json\/wp\/v2\/comments?post=106"}],"version-history":[{"count":4,"href":"https:\/\/www.ufpb.br\/arquivocentral\/wp-json\/wp\/v2\/pages\/106\/revisions"}],"predecessor-version":[{"id":289,"href":"https:\/\/www.ufpb.br\/arquivocentral\/wp-json\/wp\/v2\/pages\/106\/revisions\/289"}],"wp:attachment":[{"href":"https:\/\/www.ufpb.br\/arquivocentral\/wp-json\/wp\/v2\/media?parent=106"}],"curies":[{"name":"wp","href":"https:\/\/api.w.org\/{rel}","templated":true}]}}