{"id":14,"date":"2025-09-05T00:28:43","date_gmt":"2025-09-05T03:28:43","guid":{"rendered":"https:\/\/www.ufpb.br\/arquivocentral1\/?page_id=14"},"modified":"2026-01-22T16:28:13","modified_gmt":"2026-01-22T19:28:13","slug":"equipe","status":"publish","type":"page","link":"https:\/\/www.ufpb.br\/arquivocentral\/equipe\/","title":{"rendered":"Equipe"},"content":{"rendered":"\n<p><\/p>\n\n\n\n<p class=\"has-text-align-center\"><strong>ARQUIVO CENTRAL &#8211; DIRE\u00c7\u00c3O (11.00.46.73)<\/strong><\/p>\n\n\n\n<p class=\"has-text-align-left\">DANIEL PERICLES SANTOS CANUTO &#8211; <strong>DIRETOR ACE<\/strong><br><strong>e-mail: arquivocentral@reitoria.ufpb.br<\/strong><\/p>\n\n\n\n<hr class=\"wp-block-separator has-alpha-channel-opacity\" \/>\n\n\n\n<p class=\"has-text-align-center\"><strong>ACE &#8211; COORDENA\u00c7\u00c3O DE ARQUIVOS E REGISTROS INTERMEDI\u00c1RIOS E PERMANENTES (11.00.46.80)<\/strong><\/p>\n\n\n\n<p class=\"has-text-align-left\">JO\u00c3O CARLOS BERNARDO DE LIMA &#8211; <strong>COORDENADOR CAIP<\/strong><br><strong>e-mail: caip@reitoria.ufpb.br<\/strong><\/p>\n\n\n\n<p class=\"has-text-align-left\">ANNA CAROLLYNA DE BULH\u00d5ES MOREIRA SILVA<br>ARYANA SOARES MARIANO PONTES<br>EDILMA PEREIRA COSTA<br>GISELLE DE MOURA ARANTES<br>MARCELIA DOS SANTOS SILVA NASCIMENTO<br>MARIA DA CONCEICAO PEREIRA PAULINO<br>RAYANE LUCIANO DE SCHUMACHER<\/p>\n\n\n\n<hr class=\"wp-block-separator has-alpha-channel-opacity\" \/>\n\n\n\n<p class=\"has-text-align-center\"><br><strong>ACE &#8211; COORDENA\u00c7\u00c3O DE GEST\u00c3O DE DOCUMENTOS, REGISTROS DIGITAIS E SISTEMAS (11.00.46.75)<\/strong><\/p>\n\n\n\n<p class=\"has-text-align-left\">KISSIA DANIELLY DE SOUZA NUNES \u2013 <strong>COORDENADORA CGDS<\/strong><br><strong>e-mail: cgds@reitoria.ufpb.br<\/strong><\/p>\n\n\n\n<p class=\"has-text-align-left\">ISAAC ROZAS RIOS<br>VALBER HERMINIO CAETANO<\/p>\n\n\n\n<hr class=\"wp-block-separator has-alpha-channel-opacity\" \/>\n\n\n\n<p class=\"has-text-align-center\"><br><strong>ACE &#8211; CGDS &#8211; DIVIS\u00c3O DE PROTOCOLO E EXPEDI\u00c7\u00c3O DE DOCUMENTOS (11.00.46.85)<\/strong><\/p>\n\n\n\n<p class=\"has-text-align-left\">KISSIA DANIELLY DE SOUZA NUNES &#8211; <strong>CHEFE DPEX<\/strong><br><strong>e-mail:protocolocentral@reitoria.ufpb.br<\/strong><\/p>\n\n\n\n<p class=\"has-text-align-left\">DENISE COELI RIBEIRO HONORATO<br>JOS\u00c9 JACOB DANTAS<br>JURANDIR SEVERINO DOS SANTOS<br>MARIA DAS DORES CRISPIM DUARTE<br>ROSSANA MARIA KLOSTERMANN CAVALCANTE<\/p>\n\n\n\n<hr class=\"wp-block-separator has-alpha-channel-opacity\" \/>\n\n\n\n<p class=\"has-text-align-center\"><br><strong>SECRETARIA E APOIO ADMINISTRATIVO \u2013 DACE (11.00.46.74)<\/strong><\/p>\n\n\n\n<p class=\"has-text-align-left\">JOSEHILTON KL\u00c9BER GON\u00c7ALO &#8211; <strong>CHEFE<\/strong><br><strong>e-mail: secretaria.arquivocentral@reitoria.ufpb.br<\/strong><\/p>\n\n\n\n<p class=\"has-text-align-left\">KATYANA MARCELLA SOBREIRA JALES<br>MARCELO COUTINHO DE OLIVEIRA<br><\/p>\n\n\n\n<p class=\"has-text-align-center\"><br><\/p>\n\n\n\n<p><\/p>\n","protected":false},"excerpt":{"rendered":"<p>ARQUIVO CENTRAL &#8211; DIRE\u00c7\u00c3O (11.00.46.73) DANIEL PERICLES SANTOS CANUTO &#8211; DIRETOR ACEe-mail: arquivocentral@reitoria.ufpb.br ACE &#8211; [&hellip;]<\/p>\n","protected":false},"author":63,"featured_media":0,"parent":0,"menu_order":0,"comment_status":"closed","ping_status":"closed","template":"","meta":{"footnotes":""},"class_list":["post-14","page","type-page","status-publish","hentry"],"_links":{"self":[{"href":"https:\/\/www.ufpb.br\/arquivocentral\/wp-json\/wp\/v2\/pages\/14","targetHints":{"allow":["GET"]}}],"collection":[{"href":"https:\/\/www.ufpb.br\/arquivocentral\/wp-json\/wp\/v2\/pages"}],"about":[{"href":"https:\/\/www.ufpb.br\/arquivocentral\/wp-json\/wp\/v2\/types\/page"}],"author":[{"embeddable":true,"href":"https:\/\/www.ufpb.br\/arquivocentral\/wp-json\/wp\/v2\/users\/63"}],"replies":[{"embeddable":true,"href":"https:\/\/www.ufpb.br\/arquivocentral\/wp-json\/wp\/v2\/comments?post=14"}],"version-history":[{"count":15,"href":"https:\/\/www.ufpb.br\/arquivocentral\/wp-json\/wp\/v2\/pages\/14\/revisions"}],"predecessor-version":[{"id":265,"href":"https:\/\/www.ufpb.br\/arquivocentral\/wp-json\/wp\/v2\/pages\/14\/revisions\/265"}],"wp:attachment":[{"href":"https:\/\/www.ufpb.br\/arquivocentral\/wp-json\/wp\/v2\/media?parent=14"}],"curies":[{"name":"wp","href":"https:\/\/api.w.org\/{rel}","templated":true}]}}