{"id":178,"date":"2026-01-19T14:14:31","date_gmt":"2026-01-19T17:14:31","guid":{"rendered":"https:\/\/www.ufpb.br\/arquivocentral\/?page_id=178"},"modified":"2026-01-28T07:20:05","modified_gmt":"2026-01-28T10:20:05","slug":"programa-de-gestao-e-desempenho-pgd","status":"publish","type":"page","link":"https:\/\/www.ufpb.br\/arquivocentral\/programa-de-gestao-e-desempenho-pgd\/","title":{"rendered":"Programa de Gest\u00e3o e Desempenho &#8211; PGD"},"content":{"rendered":"\n<p class=\"has-text-align-center\"><strong>Programa de Gest\u00e3o e Desempenho (PGD) do Arquivo Central da Universidade Federal da Para\u00edba <\/strong><\/p>\n\n\n\n<p>O Programa de Gest\u00e3o e Desempenho (PGD) \u00e9 o instrumento de gest\u00e3o que disciplina o desenvolvimento e a mensura\u00e7\u00e3o das atividades realizadas pelos seus participantes, com foco na entrega por resultados e na qualidade dos servi\u00e7os p\u00fablicos prestados \u00e0 sociedade, conforme a Portaria GR\/UFPB n\u00ba 144, de 21 de outubro de 2024 e Portaria DGD\/UFPB n\u00ba 30, de 4 de fevereiro de 2025.<\/p>\n\n\n\n<figure class=\"wp-block-table\"><table class=\"has-fixed-layout\"><tbody><tr><td class=\"has-text-align-center\" data-align=\"center\"><strong>Universidade Federal da Para\u00edba \u2013 UFPB<\/strong><br><strong>Programa de Gest\u00e3o e Desempenho \u2013 PGD<\/strong><\/td><\/tr><\/tbody><\/table><\/figure>\n\n\n\n<figure class=\"wp-block-table\"><table class=\"has-fixed-layout\"><tbody><tr><td class=\"has-text-align-center\" data-align=\"center\"><strong>Unidade Organizacional: Arquivo Central<\/strong><\/td><\/tr><\/tbody><\/table><\/figure>\n\n\n\n<figure class=\"wp-block-table\"><table class=\"has-fixed-layout\"><tbody><tr><td><strong>Nome<\/strong><\/td><td class=\"has-text-align-center\" data-align=\"center\"><strong>Modalidade<\/strong><\/td><td class=\"has-text-align-center\" data-align=\"center\"><strong>Regime de Execu\u00e7\u00e3o<\/strong><\/td><td><strong>E-mail Institucional<\/strong><\/td><td class=\"has-text-align-center\" data-align=\"center\"><strong>Dias de Trabalho Presencial<\/strong><\/td><\/tr><\/tbody><\/table><\/figure>\n\n\n\n<figure class=\"wp-block-table\"><table class=\"has-fixed-layout\"><tbody><tr><td class=\"has-text-align-center\" data-align=\"center\"><strong>Dire\u00e7\u00e3o<\/strong><\/td><\/tr><\/tbody><\/table><\/figure>\n\n\n\n<figure class=\"wp-block-table\"><table class=\"has-fixed-layout\"><tbody><tr><td>Daniel Pericles Santos Canuto<\/td><td>Presencial<\/td><td>Presencial<\/td><td>danielcanuto@reitoria.ufpb.br<\/td><td>Segunda a Sexta<\/td><\/tr><\/tbody><\/table><\/figure>\n\n\n\n<figure class=\"wp-block-table\"><table class=\"has-fixed-layout\"><tbody><tr><td class=\"has-text-align-center\" data-align=\"center\"><strong>Secretaria e Apoio Administrativo<\/strong> <strong>(SAA)<\/strong><\/td><\/tr><\/tbody><\/table><\/figure>\n\n\n\n<figure class=\"wp-block-table\"><table class=\"has-fixed-layout\"><tbody><tr><td>Josehilton Kl\u00e9ber Gon\u00e7alo<\/td><td>Teletrabalho<\/td><td>Parcial<\/td><td>josehilton@reitoria.ufpb.br<\/td><td class=\"has-text-align-center\" data-align=\"center\">Segunda, Ter\u00e7a e Quinta<\/td><\/tr><tr><td>Katyana Marcella Sobreira Jales<\/td><td>Teletrabalho<\/td><td>Parcial<\/td><td>katyanamarcella@ccs.ufpb.br<\/td><td class=\"has-text-align-center\" data-align=\"center\">Quarta, Quinta e Sexta<\/td><\/tr><tr><td>Marcelo Coutinho de Oliveira<\/td><td>Teletrabalho<\/td><td>Parcial<\/td><td>marcelocoutinho@reitoria.ufpb.br<\/td><td class=\"has-text-align-center\" data-align=\"center\">Segunda, Ter\u00e7a e Quinta<\/td><\/tr><\/tbody><\/table><\/figure>\n\n\n\n<figure class=\"wp-block-table\"><table class=\"has-fixed-layout\"><tbody><tr><td class=\"has-text-align-center\" data-align=\"center\"><strong>Coordena\u00e7\u00e3o de Gest\u00e3o de Documentos, Registros Digitais e Sistemas (CGDS)<\/strong><\/td><\/tr><\/tbody><\/table><\/figure>\n\n\n\n<figure class=\"wp-block-table\"><table class=\"has-fixed-layout\"><tbody><tr><td>Kissia Danielly de Souza Nunes<\/td><td>Teletrabalho<\/td><td>Parcial<\/td><td>kissianunes@reitoria.ufpb.br<\/td><td>Segunda, Quarta e Quinta<\/td><\/tr><tr><td>Isaac Rozas Rios<\/td><td>Teletrabalho<\/td><td>Parcial<\/td><td>isaacrios@reitoria.ufpb.br<\/td><td>Ter\u00e7a, Quinta e Sexta<\/td><\/tr><tr><td>Valber Herm\u00ednio Caetano<\/td><td>Teletrabalho<\/td><td>Parcial<\/td><td>valberherminio@reitoria.ufpb.br<\/td><td>Segunda, Quarta e Quinta<\/td><\/tr><\/tbody><\/table><\/figure>\n\n\n\n<figure class=\"wp-block-table\"><table class=\"has-fixed-layout\"><tbody><tr><td class=\"has-text-align-center\" data-align=\"center\"><strong>COORDENA\u00c7\u00c3O DE ARQUIVOS E REGISTROS INTERMEDI\u00c1RIOS E PERMANENTES (CAIP)<\/strong><\/td><\/tr><\/tbody><\/table><\/figure>\n\n\n\n<figure class=\"wp-block-table\"><table class=\"has-fixed-layout\"><tbody><tr><td>Jo\u00e3o Carlos Bernardo de Lima<\/td><td>Presencial<\/td><td>Presencial<\/td><td class=\"has-text-align-center\" data-align=\"center\">joaolima@reitoria.ufpb.br<\/td><td class=\"has-text-align-center\" data-align=\"center\">Segunda a Sexta<\/td><\/tr><tr><td>Anna Carollyna de Bulh\u00f5es Moreira Silva<\/td><td>Teletrabalho<\/td><td>Parcial<\/td><td class=\"has-text-align-center\" data-align=\"center\">annacarollyna@reitoria.ufpb.br<\/td><td class=\"has-text-align-center\" data-align=\"center\">Quarta, Quinta e Sexta<\/td><\/tr><tr><td>ARYANA SOARES MARIANO PONTES<\/td><td>Teletrabalho<\/td><td>Parcial<\/td><td class=\"has-text-align-center\" data-align=\"center\">&#8211;<\/td><td class=\"has-text-align-center\" data-align=\"center\">Segunda, Ter\u00e7a e Quarta<\/td><\/tr><tr><td>EDILMA PEREIRA COSTA<\/td><td>Teletrabalho<\/td><td>Parcial<\/td><td class=\"has-text-align-center\" data-align=\"center\">edilmapereira@reitoria.ufpb.br<\/td><td class=\"has-text-align-center\" data-align=\"center\">Segunda, Ter\u00e7a e Quarta<\/td><\/tr><tr><td>GISELLE DE MOURA ARANTES<\/td><td>Teletrabalho<\/td><td>Parcial<\/td><td class=\"has-text-align-center\" data-align=\"center\">giselle@reitoria.ufpb.br<\/td><td class=\"has-text-align-center\" data-align=\"center\">Quarta, Quinta e Sexta<\/td><\/tr><tr><td>MARCELIA DOS SANTOS SILVA NASCIMENTO<\/td><td>Teletrabalho<\/td><td>Parcial<\/td><td class=\"has-text-align-center\" data-align=\"center\">marcelia.nascimento@reitoria.ufpb.br<\/td><td class=\"has-text-align-center\" data-align=\"center\">Segunda, Ter\u00e7a e Quarta<\/td><\/tr><tr><td>MARIA DA CONCEICAO PEREIRA PAULINO<\/td><td>Teletrabalho<\/td><td>Parcial<\/td><td class=\"has-text-align-center\" data-align=\"center\">mariapaulino@reitoria.ufpb.br<\/td><td class=\"has-text-align-center\" data-align=\"center\">Quarta, Quinta e Sexta<\/td><\/tr><tr><td>RAYANE LUCIANO DE SCHUMACHER<\/td><td>Teletrabalho<\/td><td>Parcial<\/td><td class=\"has-text-align-center\" data-align=\"center\">rayanelacerda@reitoria.ufpb.br<\/td><td class=\"has-text-align-center\" data-align=\"center\">Quarta, Quinta e Sexta<\/td><\/tr><\/tbody><\/table><\/figure>\n","protected":false},"excerpt":{"rendered":"<p>Programa de Gest\u00e3o e Desempenho (PGD) do Arquivo Central da Universidade Federal da Para\u00edba O [&hellip;]<\/p>\n","protected":false},"author":409,"featured_media":0,"parent":0,"menu_order":0,"comment_status":"closed","ping_status":"closed","template":"","meta":{"footnotes":""},"class_list":["post-178","page","type-page","status-publish","hentry"],"_links":{"self":[{"href":"https:\/\/www.ufpb.br\/arquivocentral\/wp-json\/wp\/v2\/pages\/178","targetHints":{"allow":["GET"]}}],"collection":[{"href":"https:\/\/www.ufpb.br\/arquivocentral\/wp-json\/wp\/v2\/pages"}],"about":[{"href":"https:\/\/www.ufpb.br\/arquivocentral\/wp-json\/wp\/v2\/types\/page"}],"author":[{"embeddable":true,"href":"https:\/\/www.ufpb.br\/arquivocentral\/wp-json\/wp\/v2\/users\/409"}],"replies":[{"embeddable":true,"href":"https:\/\/www.ufpb.br\/arquivocentral\/wp-json\/wp\/v2\/comments?post=178"}],"version-history":[{"count":6,"href":"https:\/\/www.ufpb.br\/arquivocentral\/wp-json\/wp\/v2\/pages\/178\/revisions"}],"predecessor-version":[{"id":299,"href":"https:\/\/www.ufpb.br\/arquivocentral\/wp-json\/wp\/v2\/pages\/178\/revisions\/299"}],"wp:attachment":[{"href":"https:\/\/www.ufpb.br\/arquivocentral\/wp-json\/wp\/v2\/media?parent=178"}],"curies":[{"name":"wp","href":"https:\/\/api.w.org\/{rel}","templated":true}]}}