{"id":19,"date":"2025-09-05T00:33:56","date_gmt":"2025-09-05T03:33:56","guid":{"rendered":"https:\/\/www.ufpb.br\/arquivocentral1\/?page_id=19"},"modified":"2026-01-22T14:39:40","modified_gmt":"2026-01-22T17:39:40","slug":"contato","status":"publish","type":"page","link":"https:\/\/www.ufpb.br\/arquivocentral\/contato\/","title":{"rendered":"Contato"},"content":{"rendered":"\n<p class=\"has-text-align-center\"><strong><strong>LISTA DE CONTATOS &#8211; ARQUIVO CENTRAL<\/strong><\/strong><\/p>\n\n\n\n<p><\/p>\n\n\n\n<p style=\"font-size:14px\"><strong>Dire\u00e7\u00e3o &#8211; DACE<\/strong><\/p>\n\n\n\n<p>Telefone: (83) 3048-8500 \/ E-mail: <a href=\"mailto:arquivocentral@reitoria.ufpb.br\">arquivocentral@reitoria.ufpb.br<\/a><\/p>\n\n\n\n<p><strong>Secretaria e Apoio Administrativo<\/strong><\/p>\n\n\n\n<p>Telefone: (83)3048-8513 \/ E-mail: <a href=\"mailto:secretaria.arquivocentral@reitoria.ufpb.br\">secretaria.arquivocentral@reitoria.ufpb.br<\/a><\/p>\n\n\n\n<p><strong>Coordena\u00e7\u00e3o de Gest\u00e3o de Documentos, Registros Digitais e Sistemas \u2013 CGDS<\/strong><\/p>\n\n\n\n<p>Telefone: (83)3048-8501 \/ E-mail: <a href=\"mailto:cgds@reitoria.ufpb.br\">cgds@reitoria.ufpb.br<\/a><\/p>\n\n\n\n<p>Atendimento de chamados: (83) 3048-8504<\/p>\n\n\n\n<p><strong>Divis\u00e3o de Protocolo e Expedi\u00e7\u00e3o de Documentos &#8211; DPEX<\/strong><\/p>\n\n\n\n<p>Telefone: 3216-7416&nbsp; E-mail: <a href=\"mailto:protocolocentral@reitoria.ufpb.br\">protocolocentral@reitoria.ufpb.br<\/a> &#8211; <strong>PROTOCOLO<\/strong><\/p>\n\n\n\n<p>Telefone: 3216-7370&nbsp; E-mail: <a href=\"mailto:protocolocentral@reitoria.ufpb.br\">protocolocentral@reitoria.ufpb.br<\/a> &#8211; <strong>EXPEDI\u00c7\u00c3O<\/strong><\/p>\n\n\n\n<p style=\"font-size:14px\"><strong>Coordena\u00e7\u00e3o de Arquivos e Registros Intermedi\u00e1rios e Permanentes \u2013 CAIP<\/strong>Telefone: (83) 3048-8533\/E-mail: <a href=\"mailto:caip@reitoria.ufpb.br\">caip@reitoria.ufpb.br<\/a><\/p>\n\n\n\n<p><\/p>\n","protected":false},"excerpt":{"rendered":"<p>LISTA DE CONTATOS &#8211; ARQUIVO CENTRAL Dire\u00e7\u00e3o &#8211; DACE Telefone: (83) 3048-8500 \/ E-mail: arquivocentral@reitoria.ufpb.br [&hellip;]<\/p>\n","protected":false},"author":63,"featured_media":0,"parent":0,"menu_order":0,"comment_status":"closed","ping_status":"closed","template":"","meta":{"footnotes":""},"class_list":["post-19","page","type-page","status-publish","hentry"],"_links":{"self":[{"href":"https:\/\/www.ufpb.br\/arquivocentral\/wp-json\/wp\/v2\/pages\/19","targetHints":{"allow":["GET"]}}],"collection":[{"href":"https:\/\/www.ufpb.br\/arquivocentral\/wp-json\/wp\/v2\/pages"}],"about":[{"href":"https:\/\/www.ufpb.br\/arquivocentral\/wp-json\/wp\/v2\/types\/page"}],"author":[{"embeddable":true,"href":"https:\/\/www.ufpb.br\/arquivocentral\/wp-json\/wp\/v2\/users\/63"}],"replies":[{"embeddable":true,"href":"https:\/\/www.ufpb.br\/arquivocentral\/wp-json\/wp\/v2\/comments?post=19"}],"version-history":[{"count":9,"href":"https:\/\/www.ufpb.br\/arquivocentral\/wp-json\/wp\/v2\/pages\/19\/revisions"}],"predecessor-version":[{"id":219,"href":"https:\/\/www.ufpb.br\/arquivocentral\/wp-json\/wp\/v2\/pages\/19\/revisions\/219"}],"wp:attachment":[{"href":"https:\/\/www.ufpb.br\/arquivocentral\/wp-json\/wp\/v2\/media?parent=19"}],"curies":[{"name":"wp","href":"https:\/\/api.w.org\/{rel}","templated":true}]}}