{"id":191,"date":"2026-01-20T16:48:23","date_gmt":"2026-01-20T19:48:23","guid":{"rendered":"https:\/\/www.ufpb.br\/arquivocentral\/?page_id=191"},"modified":"2026-01-28T07:17:16","modified_gmt":"2026-01-28T10:17:16","slug":"atos-instrucoes-e-resolucoes","status":"publish","type":"page","link":"https:\/\/www.ufpb.br\/arquivocentral\/atos-instrucoes-e-resolucoes\/","title":{"rendered":"Atos, Instru\u00e7\u00f5es E Resolu\u00e7\u00f5es"},"content":{"rendered":"\n<p><strong>PORTARIAS<\/strong><\/p>\n\n\n\n<hr class=\"wp-block-separator has-alpha-channel-opacity\" \/>\n\n\n\n<p>COMISS\u00d5ES<\/p>\n\n\n\n<p>CPAD<\/p>\n\n\n\n<p>CONSELHO CONSULTIVO<\/p>\n\n\n\n<p>DESIGNA\u00c7\u00d5ES<\/p>\n\n\n\n<hr class=\"wp-block-separator has-alpha-channel-opacity\" \/>\n\n\n\n<p><strong>NOTAS T\u00c9CNICAS<\/strong><\/p>\n\n\n\n<hr class=\"wp-block-separator has-alpha-channel-opacity\" \/>\n\n\n\n<p>REPOSIT\u00d3RIO ARQUIV\u00cdSTICO DIGITAL CONFI\u00c1VEL(RDC-Arq)<\/p>\n\n\n\n<p>USO DE SISTEMAS INFORMATIZADOS<\/p>\n\n\n\n<p>TRANSFER\u00caNCIA E RECOLHIMENTO DE DOCUMENTOS<\/p>\n\n\n\n<p><strong>PROCEDIMENTOS&nbsp;<\/strong><\/p>\n\n\n\n<hr class=\"wp-block-separator has-alpha-channel-opacity\" \/>\n\n\n\n<p><strong>RESOLU\u00c7\u00d5ES<\/strong><\/p>\n\n\n\n<hr class=\"wp-block-separator has-alpha-channel-opacity\" \/>\n\n\n\n<p><strong>MANUAIS<\/strong><\/p>\n\n\n\n<hr class=\"wp-block-separator has-alpha-channel-opacity\" \/>\n\n\n\n<p><strong>CARTILHAS<\/strong><\/p>\n\n\n\n<hr class=\"wp-block-separator has-alpha-channel-opacity\" \/>\n\n\n\n<p><strong>iNSTRUMENTOS DE GEST\u00c3O ARQUIV\u00cdSTICA<\/strong><\/p>\n\n\n\n<p><\/p>\n","protected":false},"excerpt":{"rendered":"<p>PORTARIAS COMISS\u00d5ES CPAD CONSELHO CONSULTIVO DESIGNA\u00c7\u00d5ES NOTAS T\u00c9CNICAS REPOSIT\u00d3RIO ARQUIV\u00cdSTICO DIGITAL CONFI\u00c1VEL(RDC-Arq) USO DE SISTEMAS [&hellip;]<\/p>\n","protected":false},"author":409,"featured_media":0,"parent":0,"menu_order":0,"comment_status":"closed","ping_status":"closed","template":"","meta":{"footnotes":""},"class_list":["post-191","page","type-page","status-publish","hentry"],"_links":{"self":[{"href":"https:\/\/www.ufpb.br\/arquivocentral\/wp-json\/wp\/v2\/pages\/191","targetHints":{"allow":["GET"]}}],"collection":[{"href":"https:\/\/www.ufpb.br\/arquivocentral\/wp-json\/wp\/v2\/pages"}],"about":[{"href":"https:\/\/www.ufpb.br\/arquivocentral\/wp-json\/wp\/v2\/types\/page"}],"author":[{"embeddable":true,"href":"https:\/\/www.ufpb.br\/arquivocentral\/wp-json\/wp\/v2\/users\/409"}],"replies":[{"embeddable":true,"href":"https:\/\/www.ufpb.br\/arquivocentral\/wp-json\/wp\/v2\/comments?post=191"}],"version-history":[{"count":3,"href":"https:\/\/www.ufpb.br\/arquivocentral\/wp-json\/wp\/v2\/pages\/191\/revisions"}],"predecessor-version":[{"id":287,"href":"https:\/\/www.ufpb.br\/arquivocentral\/wp-json\/wp\/v2\/pages\/191\/revisions\/287"}],"wp:attachment":[{"href":"https:\/\/www.ufpb.br\/arquivocentral\/wp-json\/wp\/v2\/media?parent=191"}],"curies":[{"name":"wp","href":"https:\/\/api.w.org\/{rel}","templated":true}]}}