{"id":195,"date":"2026-01-20T16:50:18","date_gmt":"2026-01-20T19:50:18","guid":{"rendered":"https:\/\/www.ufpb.br\/arquivocentral\/?page_id=195"},"modified":"2026-01-28T07:16:24","modified_gmt":"2026-01-28T10:16:24","slug":"acesso-aos-acervos","status":"publish","type":"page","link":"https:\/\/www.ufpb.br\/arquivocentral\/acesso-aos-acervos\/","title":{"rendered":"Acesso aos Acervos"},"content":{"rendered":"\n<p><\/p>\n\n\n\n<p><\/p>\n\n\n<div class=\"wp-block-image\">\n<figure class=\"aligncenter size-large is-resized\"><img loading=\"lazy\" decoding=\"async\" width=\"768\" height=\"1024\" src=\"https:\/\/www.ufpb.br\/arquivocentral\/wp-content\/uploads\/sites\/79\/sites\/357\/2026\/01\/Estante-de-modulo-deslizante-com-acervo-1-768x1024.jpg\" alt=\"\" class=\"wp-image-268\" style=\"aspect-ratio:0.7500079181579198;width:344px;height:auto\" srcset=\"https:\/\/www.ufpb.br\/arquivocentral\/wp-content\/uploads\/sites\/79\/sites\/357\/2026\/01\/Estante-de-modulo-deslizante-com-acervo-1-768x1024.jpg 768w, https:\/\/www.ufpb.br\/arquivocentral\/wp-content\/uploads\/sites\/79\/sites\/357\/2026\/01\/Estante-de-modulo-deslizante-com-acervo-1-225x300.jpg 225w, https:\/\/www.ufpb.br\/arquivocentral\/wp-content\/uploads\/sites\/79\/sites\/357\/2026\/01\/Estante-de-modulo-deslizante-com-acervo-1-1152x1536.jpg 1152w, https:\/\/www.ufpb.br\/arquivocentral\/wp-content\/uploads\/sites\/79\/sites\/357\/2026\/01\/Estante-de-modulo-deslizante-com-acervo-1-1536x2048.jpg 1536w, https:\/\/www.ufpb.br\/arquivocentral\/wp-content\/uploads\/sites\/79\/sites\/357\/2026\/01\/Estante-de-modulo-deslizante-com-acervo-1-scaled.jpg 1920w\" sizes=\"auto, (max-width: 768px) 100vw, 768px\" \/><\/figure>\n<\/div>\n\n\n<p><\/p>\n\n\n\n<p>O acesso ao acervo do Arquivo Central \u00e9 realizado mediante solicita\u00e7\u00e3o pela <a href=\"https:\/\/atendimento-arquivo.ufpb.br\/\" data-type=\"link\" data-id=\"https:\/\/atendimento-arquivo.ufpb.br\/\">Central de Atendimento<\/a>. Para solicitar, o usu\u00e1rio deve se identificar e registrar seu pedido, informando de forma detalhada o tipo de acervo ou documenta\u00e7\u00e3o que deseja consultar. Ap\u00f3s o envio da solicita\u00e7\u00e3o, a equipe respons\u00e1vel far\u00e1 a an\u00e1lise e retornar\u00e1 com as orienta\u00e7\u00f5es necess\u00e1rias para o acesso ao material.<\/p>\n\n\n\n<p><\/p>\n","protected":false},"excerpt":{"rendered":"<p>O acesso ao acervo do Arquivo Central \u00e9 realizado mediante solicita\u00e7\u00e3o pela Central de Atendimento. [&hellip;]<\/p>\n","protected":false},"author":409,"featured_media":0,"parent":0,"menu_order":0,"comment_status":"closed","ping_status":"closed","template":"","meta":{"footnotes":""},"class_list":["post-195","page","type-page","status-publish","hentry"],"_links":{"self":[{"href":"https:\/\/www.ufpb.br\/arquivocentral\/wp-json\/wp\/v2\/pages\/195","targetHints":{"allow":["GET"]}}],"collection":[{"href":"https:\/\/www.ufpb.br\/arquivocentral\/wp-json\/wp\/v2\/pages"}],"about":[{"href":"https:\/\/www.ufpb.br\/arquivocentral\/wp-json\/wp\/v2\/types\/page"}],"author":[{"embeddable":true,"href":"https:\/\/www.ufpb.br\/arquivocentral\/wp-json\/wp\/v2\/users\/409"}],"replies":[{"embeddable":true,"href":"https:\/\/www.ufpb.br\/arquivocentral\/wp-json\/wp\/v2\/comments?post=195"}],"version-history":[{"count":3,"href":"https:\/\/www.ufpb.br\/arquivocentral\/wp-json\/wp\/v2\/pages\/195\/revisions"}],"predecessor-version":[{"id":284,"href":"https:\/\/www.ufpb.br\/arquivocentral\/wp-json\/wp\/v2\/pages\/195\/revisions\/284"}],"wp:attachment":[{"href":"https:\/\/www.ufpb.br\/arquivocentral\/wp-json\/wp\/v2\/media?parent=195"}],"curies":[{"name":"wp","href":"https:\/\/api.w.org\/{rel}","templated":true}]}}