{"id":197,"date":"2026-01-20T16:51:01","date_gmt":"2026-01-20T19:51:01","guid":{"rendered":"https:\/\/www.ufpb.br\/arquivocentral\/?page_id=197"},"modified":"2026-01-28T07:18:56","modified_gmt":"2026-01-28T10:18:56","slug":"exposicoes","status":"publish","type":"page","link":"https:\/\/www.ufpb.br\/arquivocentral\/exposicoes\/","title":{"rendered":"Exposi\u00e7\u00f5es"},"content":{"rendered":"\n<p><\/p>\n\n\n\n<p>Bem-vindo(a) ao espa\u00e7o de Exposi\u00e7\u00f5es Virtuais do Arquivo Central. Esta p\u00e1gina foi criada para compartilhar com a comunidade documentos, imagens e registros que integram o acervo institucional, destacando sua relev\u00e2ncia hist\u00f3rica, administrativa e cultural. Por meio das exposi\u00e7\u00f5es virtuais, o Arquivo Central amplia o acesso \u00e0 informa\u00e7\u00e3o, valoriza a mem\u00f3ria institucional e promove a difus\u00e3o do patrim\u00f4nio documental, permitindo que o p\u00fablico conhe\u00e7a e explore esses conte\u00fados de forma online, acess\u00edvel e interativa.<\/p>\n\n\n\n<p><\/p>\n","protected":false},"excerpt":{"rendered":"<p>Bem-vindo(a) ao espa\u00e7o de Exposi\u00e7\u00f5es Virtuais do Arquivo Central. Esta p\u00e1gina foi criada para compartilhar [&hellip;]<\/p>\n","protected":false},"author":409,"featured_media":0,"parent":0,"menu_order":0,"comment_status":"closed","ping_status":"closed","template":"","meta":{"footnotes":""},"class_list":["post-197","page","type-page","status-publish","hentry"],"_links":{"self":[{"href":"https:\/\/www.ufpb.br\/arquivocentral\/wp-json\/wp\/v2\/pages\/197","targetHints":{"allow":["GET"]}}],"collection":[{"href":"https:\/\/www.ufpb.br\/arquivocentral\/wp-json\/wp\/v2\/pages"}],"about":[{"href":"https:\/\/www.ufpb.br\/arquivocentral\/wp-json\/wp\/v2\/types\/page"}],"author":[{"embeddable":true,"href":"https:\/\/www.ufpb.br\/arquivocentral\/wp-json\/wp\/v2\/users\/409"}],"replies":[{"embeddable":true,"href":"https:\/\/www.ufpb.br\/arquivocentral\/wp-json\/wp\/v2\/comments?post=197"}],"version-history":[{"count":3,"href":"https:\/\/www.ufpb.br\/arquivocentral\/wp-json\/wp\/v2\/pages\/197\/revisions"}],"predecessor-version":[{"id":294,"href":"https:\/\/www.ufpb.br\/arquivocentral\/wp-json\/wp\/v2\/pages\/197\/revisions\/294"}],"wp:attachment":[{"href":"https:\/\/www.ufpb.br\/arquivocentral\/wp-json\/wp\/v2\/media?parent=197"}],"curies":[{"name":"wp","href":"https:\/\/api.w.org\/{rel}","templated":true}]}}