{"id":199,"date":"2026-01-20T16:51:40","date_gmt":"2026-01-20T19:51:40","guid":{"rendered":"https:\/\/www.ufpb.br\/arquivocentral\/?page_id=199"},"modified":"2026-01-28T07:16:09","modified_gmt":"2026-01-28T10:16:09","slug":"abertura-de-chamados","status":"publish","type":"page","link":"https:\/\/www.ufpb.br\/arquivocentral\/abertura-de-chamados\/","title":{"rendered":"Abertura de Chamados"},"content":{"rendered":"\n<p>Seja bem-vindo(a) ao canal de atendimento do <strong>Arquivo Central da UFPB<\/strong>. Este espa\u00e7o \u00e9 destinado aos servidores que necessitam de suporte t\u00e9cnico, orienta\u00e7\u00f5es normativas ou servi\u00e7os operacionais relacionados \u00e0 gest\u00e3o documental da universidade.<\/p>\n\n\n\n<p>Para solicitar qualquer um dos servi\u00e7os, voc\u00ea deve abrir um chamado oficial atrav\u00e9s do nosso sistema de atendimento:<a href=\"https:\/\/atendimento-arquivo.ufpb.br\/\">https:\/\/atendimento-arquivo.ufpb.br\/<\/a><\/p>\n\n\n\n<h3 class=\"wp-block-heading\"><strong>Como proceder?<\/strong><\/h3>\n\n\n\n<ol class=\"wp-block-list\">\n<li>Acesse o link:<a href=\"https:\/\/atendimento-arquivo.ufpb.br\/\"> atendimento-arquivo.ufpb.br<\/a>;<\/li>\n\n\n\n<li>Preencha os campos com seus dados;<\/li>\n\n\n\n<li>Descreva detalhadamente sua solicita\u00e7\u00e3o para que nossa equipe possa dar o encaminhamento adequado;<\/li>\n\n\n\n<li>Anexe a documenta\u00e7\u00e3o necess\u00e1ria.<\/li>\n<\/ol>\n\n\n\n<p><\/p>\n\n\n\n<p><strong>Nota:<\/strong> O registro via chamado \u00e9 fundamental para o controle de prazos e a melhoria cont\u00ednua dos servi\u00e7os prestados pelo Arquivo Central \u00e0 comunidade universit\u00e1ria.<\/p>\n\n\n\n<p><\/p>\n\n\n\n<p><\/p>\n","protected":false},"excerpt":{"rendered":"<p>Seja bem-vindo(a) ao canal de atendimento do Arquivo Central da UFPB. Este espa\u00e7o \u00e9 destinado [&hellip;]<\/p>\n","protected":false},"author":409,"featured_media":0,"parent":0,"menu_order":0,"comment_status":"closed","ping_status":"closed","template":"","meta":{"footnotes":""},"class_list":["post-199","page","type-page","status-publish","hentry"],"_links":{"self":[{"href":"https:\/\/www.ufpb.br\/arquivocentral\/wp-json\/wp\/v2\/pages\/199","targetHints":{"allow":["GET"]}}],"collection":[{"href":"https:\/\/www.ufpb.br\/arquivocentral\/wp-json\/wp\/v2\/pages"}],"about":[{"href":"https:\/\/www.ufpb.br\/arquivocentral\/wp-json\/wp\/v2\/types\/page"}],"author":[{"embeddable":true,"href":"https:\/\/www.ufpb.br\/arquivocentral\/wp-json\/wp\/v2\/users\/409"}],"replies":[{"embeddable":true,"href":"https:\/\/www.ufpb.br\/arquivocentral\/wp-json\/wp\/v2\/comments?post=199"}],"version-history":[{"count":3,"href":"https:\/\/www.ufpb.br\/arquivocentral\/wp-json\/wp\/v2\/pages\/199\/revisions"}],"predecessor-version":[{"id":283,"href":"https:\/\/www.ufpb.br\/arquivocentral\/wp-json\/wp\/v2\/pages\/199\/revisions\/283"}],"wp:attachment":[{"href":"https:\/\/www.ufpb.br\/arquivocentral\/wp-json\/wp\/v2\/media?parent=199"}],"curies":[{"name":"wp","href":"https:\/\/api.w.org\/{rel}","templated":true}]}}