{"id":202,"date":"2026-01-20T16:52:59","date_gmt":"2026-01-20T19:52:59","guid":{"rendered":"https:\/\/www.ufpb.br\/arquivocentral\/?page_id=202"},"modified":"2026-01-28T07:20:51","modified_gmt":"2026-01-28T10:20:51","slug":"visita-tecnica-guiada","status":"publish","type":"page","link":"https:\/\/www.ufpb.br\/arquivocentral\/visita-tecnica-guiada\/","title":{"rendered":"Visita T\u00e9cnica (Guiada)"},"content":{"rendered":"\n<p><\/p>\n\n\n\n<p>O Arquivo Central disponibiliza o servi\u00e7o de visitas t\u00e9cnicas mediante agendamento pr\u00e9vio, com o objetivo de apresentar sua estrutura f\u00edsica, organizacional e o funcionamento de suas atividades. Durante a visita, os participantes poder\u00e3o conhecer o acervo sob a guarda do ACE, compreender os procedimentos de organiza\u00e7\u00e3o, preserva\u00e7\u00e3o e acesso aos documentos, bem como reconhecer a import\u00e2ncia do arquivo para a gest\u00e3o administrativa e a preserva\u00e7\u00e3o da mem\u00f3ria institucional. O servi\u00e7o \u00e9 voltado a estudantes, pesquisadores e demais interessados na \u00e1rea arquiv\u00edstica e afins.<\/p>\n\n\n\n<p>As visitas poder\u00e3o ser agendadas pela <strong><a href=\"https:\/\/atendimento-arquivo.ufpb.br\/\" data-type=\"link\" data-id=\"https:\/\/atendimento-arquivo.ufpb.br\/\">Central de Atendimento<\/a><\/strong> do Arquivo Central. <\/p>\n\n\n\n<p><\/p>\n","protected":false},"excerpt":{"rendered":"<p>O Arquivo Central disponibiliza o servi\u00e7o de visitas t\u00e9cnicas mediante agendamento pr\u00e9vio, com o objetivo [&hellip;]<\/p>\n","protected":false},"author":409,"featured_media":0,"parent":0,"menu_order":0,"comment_status":"closed","ping_status":"closed","template":"","meta":{"footnotes":""},"class_list":["post-202","page","type-page","status-publish","hentry"],"_links":{"self":[{"href":"https:\/\/www.ufpb.br\/arquivocentral\/wp-json\/wp\/v2\/pages\/202","targetHints":{"allow":["GET"]}}],"collection":[{"href":"https:\/\/www.ufpb.br\/arquivocentral\/wp-json\/wp\/v2\/pages"}],"about":[{"href":"https:\/\/www.ufpb.br\/arquivocentral\/wp-json\/wp\/v2\/types\/page"}],"author":[{"embeddable":true,"href":"https:\/\/www.ufpb.br\/arquivocentral\/wp-json\/wp\/v2\/users\/409"}],"replies":[{"embeddable":true,"href":"https:\/\/www.ufpb.br\/arquivocentral\/wp-json\/wp\/v2\/comments?post=202"}],"version-history":[{"count":3,"href":"https:\/\/www.ufpb.br\/arquivocentral\/wp-json\/wp\/v2\/pages\/202\/revisions"}],"predecessor-version":[{"id":302,"href":"https:\/\/www.ufpb.br\/arquivocentral\/wp-json\/wp\/v2\/pages\/202\/revisions\/302"}],"wp:attachment":[{"href":"https:\/\/www.ufpb.br\/arquivocentral\/wp-json\/wp\/v2\/media?parent=202"}],"curies":[{"name":"wp","href":"https:\/\/api.w.org\/{rel}","templated":true}]}}