{"id":206,"date":"2026-01-20T16:54:06","date_gmt":"2026-01-20T19:54:06","guid":{"rendered":"https:\/\/www.ufpb.br\/arquivocentral\/?page_id=206"},"modified":"2026-01-28T07:18:11","modified_gmt":"2026-01-28T10:18:11","slug":"consulta-a-documentos","status":"publish","type":"page","link":"https:\/\/www.ufpb.br\/arquivocentral\/consulta-a-documentos\/","title":{"rendered":"Consulta a Documentos"},"content":{"rendered":"\n<p><\/p>\n\n\n\n<p>O Arquivo Central oferece o servi\u00e7o de consulta presencial ao seu acervo, destinado a pesquisadores, estudantes, professores, comunidade acad\u00eamica e profissionais externos interessados em desenvolver pesquisas de car\u00e1ter acad\u00eamico ou t\u00e9cnico. A consulta \u00e9 realizada in loco, em ambiente apropriado, e ocorre conforme as normas de acesso, manuseio e preserva\u00e7\u00e3o dos documentos, garantindo a prote\u00e7\u00e3o do acervo e o uso respons\u00e1vel das informa\u00e7\u00f5es disponibilizadas.<\/p>\n\n\n\n<p>Para agendar consulta ao acervo, entrar em contato pela <strong><a href=\"https:\/\/atendimento-arquivo.ufpb.br\/\" data-type=\"link\" data-id=\"https:\/\/atendimento-arquivo.ufpb.br\/\">Central de Atendimento<\/a><\/strong> do Arquivo Central; <\/p>\n\n\n\n<p><\/p>\n","protected":false},"excerpt":{"rendered":"<p>O Arquivo Central oferece o servi\u00e7o de consulta presencial ao seu acervo, destinado a pesquisadores, [&hellip;]<\/p>\n","protected":false},"author":409,"featured_media":0,"parent":0,"menu_order":0,"comment_status":"closed","ping_status":"closed","template":"","meta":{"footnotes":""},"class_list":["post-206","page","type-page","status-publish","hentry"],"_links":{"self":[{"href":"https:\/\/www.ufpb.br\/arquivocentral\/wp-json\/wp\/v2\/pages\/206","targetHints":{"allow":["GET"]}}],"collection":[{"href":"https:\/\/www.ufpb.br\/arquivocentral\/wp-json\/wp\/v2\/pages"}],"about":[{"href":"https:\/\/www.ufpb.br\/arquivocentral\/wp-json\/wp\/v2\/types\/page"}],"author":[{"embeddable":true,"href":"https:\/\/www.ufpb.br\/arquivocentral\/wp-json\/wp\/v2\/users\/409"}],"replies":[{"embeddable":true,"href":"https:\/\/www.ufpb.br\/arquivocentral\/wp-json\/wp\/v2\/comments?post=206"}],"version-history":[{"count":3,"href":"https:\/\/www.ufpb.br\/arquivocentral\/wp-json\/wp\/v2\/pages\/206\/revisions"}],"predecessor-version":[{"id":291,"href":"https:\/\/www.ufpb.br\/arquivocentral\/wp-json\/wp\/v2\/pages\/206\/revisions\/291"}],"wp:attachment":[{"href":"https:\/\/www.ufpb.br\/arquivocentral\/wp-json\/wp\/v2\/media?parent=206"}],"curies":[{"name":"wp","href":"https:\/\/api.w.org\/{rel}","templated":true}]}}