{"id":25,"date":"2025-09-05T00:37:23","date_gmt":"2025-09-05T03:37:23","guid":{"rendered":"https:\/\/www.ufpb.br\/arquivocentral1\/?page_id=25"},"modified":"2025-09-05T00:37:23","modified_gmt":"2025-09-05T03:37:23","slug":"caip-coordenacao-de-arquivos-e-registros-intermediarios-e-permanentes","status":"publish","type":"page","link":"https:\/\/www.ufpb.br\/arquivocentral\/caip-coordenacao-de-arquivos-e-registros-intermediarios-e-permanentes\/","title":{"rendered":"CAIP &#8211; Coordena\u00e7\u00e3o de Arquivos e Registros Intermedi\u00e1rios e Permanentes"},"content":{"rendered":"\n<p>MARIA DA CONCEICAO PEREIRA PAULINO<br>RAYANE LUCIANO DE LACERDA SCHUMACHER<br>MARCELIA DOS SANTOS SILVA NASCIMENTO<br>ANNA CAROLLYNA DE BULHOES MOREIRA SILVA<br>EDILMA PEREIRA COSTA<\/p>\n","protected":false},"excerpt":{"rendered":"<p>MARIA DA CONCEICAO PEREIRA PAULINORAYANE LUCIANO DE LACERDA SCHUMACHERMARCELIA DOS SANTOS SILVA NASCIMENTOANNA CAROLLYNA DE [&hellip;]<\/p>\n","protected":false},"author":63,"featured_media":0,"parent":0,"menu_order":0,"comment_status":"closed","ping_status":"closed","template":"","meta":{"footnotes":""},"class_list":["post-25","page","type-page","status-publish","hentry"],"_links":{"self":[{"href":"https:\/\/www.ufpb.br\/arquivocentral\/wp-json\/wp\/v2\/pages\/25","targetHints":{"allow":["GET"]}}],"collection":[{"href":"https:\/\/www.ufpb.br\/arquivocentral\/wp-json\/wp\/v2\/pages"}],"about":[{"href":"https:\/\/www.ufpb.br\/arquivocentral\/wp-json\/wp\/v2\/types\/page"}],"author":[{"embeddable":true,"href":"https:\/\/www.ufpb.br\/arquivocentral\/wp-json\/wp\/v2\/users\/63"}],"replies":[{"embeddable":true,"href":"https:\/\/www.ufpb.br\/arquivocentral\/wp-json\/wp\/v2\/comments?post=25"}],"version-history":[{"count":1,"href":"https:\/\/www.ufpb.br\/arquivocentral\/wp-json\/wp\/v2\/pages\/25\/revisions"}],"predecessor-version":[{"id":26,"href":"https:\/\/www.ufpb.br\/arquivocentral\/wp-json\/wp\/v2\/pages\/25\/revisions\/26"}],"wp:attachment":[{"href":"https:\/\/www.ufpb.br\/arquivocentral\/wp-json\/wp\/v2\/media?parent=25"}],"curies":[{"name":"wp","href":"https:\/\/api.w.org\/{rel}","templated":true}]}}