{"id":278,"date":"2026-01-22T17:20:49","date_gmt":"2026-01-22T20:20:49","guid":{"rendered":"https:\/\/www.ufpb.br\/arquivocentral\/?page_id=278"},"modified":"2026-01-28T07:19:06","modified_gmt":"2026-01-28T10:19:06","slug":"nossos-servicos","status":"publish","type":"page","link":"https:\/\/www.ufpb.br\/arquivocentral\/nossos-servicos\/","title":{"rendered":"Nossos Servi\u00e7os"},"content":{"rendered":"\n<h3 class=\"wp-block-heading\"><strong>\ud83d\udcc2 Conhe\u00e7a Nossos Servi\u00e7os<\/strong><\/h3>\n\n\n\n<p><\/p>\n\n\n\n<h4 class=\"wp-block-heading\"><strong>1. Suporte ao M\u00f3dulo Protocolo (SIPAC)<\/strong><\/h4>\n\n\n\n<ul class=\"wp-block-list\">\n<li><strong>Habilita\u00e7\u00f5es de Usu\u00e1rio:<\/strong> B\u00e1sica, para Chefia, Estagi\u00e1rio, Professor Substituto ou inclus\u00e3o de Unidade Extra.<\/li>\n\n\n\n<li><strong>Fun\u00e7\u00f5es Espec\u00edficas:<\/strong> Habilita\u00e7\u00e3o para &#8220;Cadastrar Processo Antigo&#8221; e &#8220;Cadastrar Desmembramento\/Desentranhamento&#8221;.<\/li>\n\n\n\n<li><strong>Configura\u00e7\u00f5es e Cadastros:<\/strong> Cadastro de Esp\u00e9cie Documental, Modelo de Documento e Tipo de Processo.<\/li>\n\n\n\n<li><strong>Manuten\u00e7\u00e3o:<\/strong> Avalia\u00e7\u00e3o de comportamento inesperado no sistema, realiza\u00e7\u00e3o de testes e exclus\u00e3o de acesso de usu\u00e1rios.<\/li>\n<\/ul>\n\n\n\n<h4 class=\"wp-block-heading\"><strong>2. Gest\u00e3o Documental e Tecnologia Digital<\/strong><\/h4>\n\n\n\n<ul class=\"wp-block-list\">\n<li><strong>Sistemas e Reposit\u00f3rios:<\/strong> Apoio \u00e0 implementa\u00e7\u00e3o de plataformas de acesso (RDC-Arq), suporte \u00e0 cadeia de cust\u00f3dia e ferramentas de gest\u00e3o de documentos digitais.<\/li>\n\n\n\n<li><strong>Preserva\u00e7\u00e3o:<\/strong> Orienta\u00e7\u00e3o sobre preserva\u00e7\u00e3o e conserva\u00e7\u00e3o de documentos f\u00edsicos e digitais.<\/li>\n\n\n\n<li><strong>Digitaliza\u00e7\u00e3o:<\/strong> Servi\u00e7os de digitaliza\u00e7\u00e3o de documentos e disponibiliza\u00e7\u00e3o de reprodu\u00e7\u00f5es digitais.<\/li>\n<\/ul>\n\n\n\n<h4 class=\"wp-block-heading\"><strong>3. Orienta\u00e7\u00e3o T\u00e9cnica e Normativa<\/strong><\/h4>\n\n\n\n<ul class=\"wp-block-list\">\n<li><strong>Consultoria:<\/strong> Diagn\u00f3stico de arquivos, orienta\u00e7\u00e3o para classifica\u00e7\u00e3o documental, transfer\u00eancia de documentos para guarda intermedi\u00e1ria e procedimentos para elimina\u00e7\u00e3o dos documentos.<\/li>\n\n\n\n<li><strong>Visitas:<\/strong> Visita t\u00e9cnica para an\u00e1lise de acervos ou visitas t\u00e9cnicas guiadas ao Arquivo Central.<\/li>\n<\/ul>\n\n\n\n<h4 class=\"wp-block-heading\"><strong>4. Capacita\u00e7\u00e3o e Pesquisa<\/strong><\/h4>\n\n\n\n<ul class=\"wp-block-list\">\n<li><strong>Treinamentos:<\/strong> Capacita\u00e7\u00e3o em gest\u00e3o documental e solicita\u00e7\u00f5es de workshops voltados para o fazer arquiv\u00edstico.<\/li>\n\n\n\n<li><strong>Pesquisa:<\/strong> Agendamento para pesquisa acad\u00eamica e consulta presencial aos acervos.<\/li>\n<\/ul>\n\n\n\n<h4 class=\"wp-block-heading\"><strong>5. Protocolo Geral e Expedi\u00e7\u00e3o<\/strong><\/h4>\n\n\n\n<ul class=\"wp-block-list\">\n<li><strong>Tramita\u00e7\u00e3o:<\/strong> Autua\u00e7\u00e3o e tramita\u00e7\u00e3o de processos\/documentos (canais f\u00edsicos e virtuais).<\/li>\n<\/ul>\n\n\n\n<p><strong>Log\u00edstica:<\/strong> Expedi\u00e7\u00e3o de documentos\/correspond\u00eancias e entrega de encomendas recebidas.<\/p>\n\n\n\n<p><\/p>\n","protected":false},"excerpt":{"rendered":"<p>\ud83d\udcc2 Conhe\u00e7a Nossos Servi\u00e7os 1. Suporte ao M\u00f3dulo Protocolo (SIPAC) 2. Gest\u00e3o Documental e Tecnologia [&hellip;]<\/p>\n","protected":false},"author":496,"featured_media":0,"parent":0,"menu_order":0,"comment_status":"closed","ping_status":"closed","template":"","meta":{"footnotes":""},"class_list":["post-278","page","type-page","status-publish","hentry"],"_links":{"self":[{"href":"https:\/\/www.ufpb.br\/arquivocentral\/wp-json\/wp\/v2\/pages\/278","targetHints":{"allow":["GET"]}}],"collection":[{"href":"https:\/\/www.ufpb.br\/arquivocentral\/wp-json\/wp\/v2\/pages"}],"about":[{"href":"https:\/\/www.ufpb.br\/arquivocentral\/wp-json\/wp\/v2\/types\/page"}],"author":[{"embeddable":true,"href":"https:\/\/www.ufpb.br\/arquivocentral\/wp-json\/wp\/v2\/users\/496"}],"replies":[{"embeddable":true,"href":"https:\/\/www.ufpb.br\/arquivocentral\/wp-json\/wp\/v2\/comments?post=278"}],"version-history":[{"count":2,"href":"https:\/\/www.ufpb.br\/arquivocentral\/wp-json\/wp\/v2\/pages\/278\/revisions"}],"predecessor-version":[{"id":295,"href":"https:\/\/www.ufpb.br\/arquivocentral\/wp-json\/wp\/v2\/pages\/278\/revisions\/295"}],"wp:attachment":[{"href":"https:\/\/www.ufpb.br\/arquivocentral\/wp-json\/wp\/v2\/media?parent=278"}],"curies":[{"name":"wp","href":"https:\/\/api.w.org\/{rel}","templated":true}]}}