{"id":28,"date":"2025-09-05T00:41:31","date_gmt":"2025-09-05T03:41:31","guid":{"rendered":"https:\/\/www.ufpb.br\/arquivocentral1\/?page_id=28"},"modified":"2025-09-05T00:54:10","modified_gmt":"2025-09-05T03:54:10","slug":"instrumentos-normativos","status":"publish","type":"page","link":"https:\/\/www.ufpb.br\/arquivocentral\/instrumentos-normativos\/","title":{"rendered":"Instrumentos Normativos"},"content":{"rendered":"\n<p><\/p>\n\n\n\n<div class=\"wp-block-file\"><a id=\"wp-block-file--media-d7cfee36-c678-4c67-b941-eb5c72e0a5f2\" href=\"https:\/\/www.ufpb.br\/arquivocentral\/wp-content\/uploads\/sites\/79\/sites\/357\/2025\/09\/nota_1_2023_ace_-_sgds5429039131225725358.pdf\" target=\"_blank\" rel=\"noreferrer noopener\">&nbsp;Nota t\u00e9cnica n\u00ba 1\/2023 &#8211; ACE &#8211; SGDS sobre Reposit\u00f3rio Arquiv\u00edstico Digital Confi\u00e1vel (RDC-Arq)<\/a><a href=\"https:\/\/www.ufpb.br\/arquivocentral\/wp-content\/uploads\/sites\/79\/sites\/357\/2025\/09\/nota_1_2023_ace_-_sgds5429039131225725358.pdf\" class=\"wp-block-file__button wp-element-button\" download aria-describedby=\"wp-block-file--media-d7cfee36-c678-4c67-b941-eb5c72e0a5f2\">Baixar<\/a><\/div>\n\n\n\n<div class=\"wp-block-file\"><a id=\"wp-block-file--media-ef6029eb-c588-4979-a4a0-ce82f61b5635\" href=\"https:\/\/www.ufpb.br\/arquivocentral\/wp-content\/uploads\/sites\/79\/sites\/357\/2025\/09\/ttd_poder_executivo_federal-atividades-meio-1.pdf\" target=\"_blank\" rel=\"noreferrer noopener\">C\u00f3digo de classifica\u00e7\u00e3o e tabela temporalidade e destina\u00e7\u00e3o de documentos\u00a0relativos \u00e0s atividades-meio do Poder Executivo Federal (2020).\u00a0<\/a><a href=\"https:\/\/www.ufpb.br\/arquivocentral\/wp-content\/uploads\/sites\/79\/sites\/357\/2025\/09\/ttd_poder_executivo_federal-atividades-meio-1.pdf\" class=\"wp-block-file__button wp-element-button\" download aria-describedby=\"wp-block-file--media-ef6029eb-c588-4979-a4a0-ce82f61b5635\">Baixar<\/a><\/div>\n\n\n\n<div class=\"wp-block-file\"><a id=\"wp-block-file--media-4730df1b-6a94-4882-b95f-5240e9a5e750\" href=\"https:\/\/www.ufpb.br\/arquivocentral\/wp-content\/uploads\/sites\/79\/sites\/357\/2025\/09\/portaria_n0922011_codigo_de_classificacao_de_documentos_.pdf\" target=\"_blank\" rel=\"noreferrer noopener\">C\u00f3digo de Classifica\u00e7\u00e3o de Documentos de Arquivo Relativos \u00e0s Atividades-fim das Institui\u00e7\u00f5es Federais de Ensino &#8211; IFES.<\/a><a href=\"https:\/\/www.ufpb.br\/arquivocentral\/wp-content\/uploads\/sites\/79\/sites\/357\/2025\/09\/portaria_n0922011_codigo_de_classificacao_de_documentos_.pdf\" class=\"wp-block-file__button wp-element-button\" download aria-describedby=\"wp-block-file--media-4730df1b-6a94-4882-b95f-5240e9a5e750\">Baixar<\/a><\/div>\n\n\n\n<div class=\"wp-block-file\"><a id=\"wp-block-file--media-b80ebcfa-4bd1-4b9c-bc04-8006780fc760\" href=\"https:\/\/www.ufpb.br\/arquivocentral\/wp-content\/uploads\/sites\/79\/sites\/357\/2025\/09\/ttd-ifes-atividades-fim.pdf\" target=\"_blank\" rel=\"noreferrer noopener\">Tabela de temporalidade e destina\u00e7\u00e3o de documentos de arquivo relativos \u00e0s atividades-fim das Institui\u00e7\u00f5es Federais de Ensino Superior &#8211; IFES.<\/a><a href=\"https:\/\/www.ufpb.br\/arquivocentral\/wp-content\/uploads\/sites\/79\/sites\/357\/2025\/09\/ttd-ifes-atividades-fim.pdf\" class=\"wp-block-file__button wp-element-button\" download aria-describedby=\"wp-block-file--media-b80ebcfa-4bd1-4b9c-bc04-8006780fc760\">Baixar<\/a><\/div>\n\n\n\n<div class=\"wp-block-file\"><a id=\"wp-block-file--media-010f504c-272e-484c-9344-65b387f13ccc\" href=\"https:\/\/www.ufpb.br\/arquivocentral\/wp-content\/uploads\/sites\/79\/sites\/357\/2025\/09\/nota_2_2022_ace_-_dace6184762424565153842.pdf\" target=\"_blank\" rel=\"noreferrer noopener\">Nota T\u00e9cnica n\u00ba 02\/2022\u00a0que disp\u00f5e sobre permiss\u00f5es de acesso e uso do M\u00f3dulo Protocolo do SIPAC.<\/a><a href=\"https:\/\/www.ufpb.br\/arquivocentral\/wp-content\/uploads\/sites\/79\/sites\/357\/2025\/09\/nota_2_2022_ace_-_dace6184762424565153842.pdf\" class=\"wp-block-file__button wp-element-button\" download aria-describedby=\"wp-block-file--media-010f504c-272e-484c-9344-65b387f13ccc\">Baixar<\/a><\/div>\n\n\n\n<div class=\"wp-block-file\"><a id=\"wp-block-file--media-db9efe01-8b3b-44f7-b92f-064a356f737f\" href=\"https:\/\/www.ufpb.br\/arquivocentral\/wp-content\/uploads\/sites\/79\/sites\/357\/2025\/09\/nota-02-2020-reitoria-ace.pdf\" target=\"_blank\" rel=\"noreferrer noopener\">Nota T\u00e9cnica n\u00ba 02\/2020\u00a0que disp\u00f5e sobre instru\u00e7\u00f5es para transfer\u00eancia e recolhimento no \u00e2mbito da Universidade Federal da Para\u00edba (UFPB).<\/a><a href=\"https:\/\/www.ufpb.br\/arquivocentral\/wp-content\/uploads\/sites\/79\/sites\/357\/2025\/09\/nota-02-2020-reitoria-ace.pdf\" class=\"wp-block-file__button wp-element-button\" download aria-describedby=\"wp-block-file--media-db9efe01-8b3b-44f7-b92f-064a356f737f\">Baixar<\/a><\/div>\n\n\n\n<div class=\"wp-block-file\"><a id=\"wp-block-file--media-63ef6e7e-9c0a-46e7-a59e-7eeedaa44dd3\" href=\"https:\/\/www.ufpb.br\/arquivocentral\/wp-content\/uploads\/sites\/79\/sites\/357\/2025\/09\/nota-tecnica-3.pdf\" target=\"_blank\" rel=\"noreferrer noopener\">Nota T\u00e9cnica n\u00ba 03\/2020\u00a0que disp\u00f5e sobre processos antigos acumulados na unidade.<\/a><a href=\"https:\/\/www.ufpb.br\/arquivocentral\/wp-content\/uploads\/sites\/79\/sites\/357\/2025\/09\/nota-tecnica-3.pdf\" class=\"wp-block-file__button wp-element-button\" download aria-describedby=\"wp-block-file--media-63ef6e7e-9c0a-46e7-a59e-7eeedaa44dd3\">Baixar<\/a><\/div>\n\n\n\n<div class=\"wp-block-file\"><a id=\"wp-block-file--media-e5b58dba-0d64-49a9-91aa-436e4adf6827\" href=\"https:\/\/www.ufpb.br\/arquivocentral\/wp-content\/uploads\/sites\/79\/sites\/357\/2025\/09\/nota-04-2020-ace-dace.pdf\" target=\"_blank\" rel=\"noreferrer noopener\">Nota T\u00e9cnica n\u00ba 04\/2020\u00a0que disp\u00f5e sobre a tramita\u00e7\u00e3o de processos f\u00edsicos ap\u00f3s a implanta\u00e7\u00e3o do processo eletr\u00f4nico.<\/a><a href=\"https:\/\/www.ufpb.br\/arquivocentral\/wp-content\/uploads\/sites\/79\/sites\/357\/2025\/09\/nota-04-2020-ace-dace.pdf\" class=\"wp-block-file__button wp-element-button\" download aria-describedby=\"wp-block-file--media-e5b58dba-0d64-49a9-91aa-436e4adf6827\">Baixar<\/a><\/div>\n\n\n\n<div class=\"wp-block-file\"><a id=\"wp-block-file--media-becc7fce-2265-4e95-9293-c4ae2a387470\" href=\"https:\/\/www.ufpb.br\/arquivocentral\/wp-content\/uploads\/sites\/79\/sites\/357\/2025\/09\/manual-protocolo-ufpb-docs-digitais-22-abr-1-1.pdf\" target=\"_blank\" rel=\"noreferrer noopener\">Manual de Procedimentos de Protocolo\u00a0da Universidade Federal da Para\u00edba (UFPB).<\/a><a href=\"https:\/\/www.ufpb.br\/arquivocentral\/wp-content\/uploads\/sites\/79\/sites\/357\/2025\/09\/manual-protocolo-ufpb-docs-digitais-22-abr-1-1.pdf\" class=\"wp-block-file__button wp-element-button\" download aria-describedby=\"wp-block-file--media-becc7fce-2265-4e95-9293-c4ae2a387470\">Baixar<\/a><\/div>\n\n\n\n<div class=\"wp-block-file\"><a id=\"wp-block-file--media-e5b8db87-8312-4bc3-9f4b-6b743e78429e\" href=\"https:\/\/www.ufpb.br\/arquivocentral\/wp-content\/uploads\/sites\/79\/sites\/357\/2025\/09\/resolucao-no-43-criacao-do-arquivo-central.pdf\" target=\"_blank\" rel=\"noreferrer noopener\">Resolu\u00e7\u00e3o n\u00ba 43\/2018\u00a0do Conselho Universit\u00e1rio da Universidade Federal da Para\u00edba (CONSUNI) que cria o Arquivo Central da UFPB.<\/a><a href=\"https:\/\/www.ufpb.br\/arquivocentral\/wp-content\/uploads\/sites\/79\/sites\/357\/2025\/09\/resolucao-no-43-criacao-do-arquivo-central.pdf\" class=\"wp-block-file__button wp-element-button\" download aria-describedby=\"wp-block-file--media-e5b8db87-8312-4bc3-9f4b-6b743e78429e\">Baixar<\/a><\/div>\n\n\n\n<div class=\"wp-block-file\"><a id=\"wp-block-file--media-9ed6bd21-f730-4006-b440-ad0e1b006db3\" href=\"https:\/\/www.ufpb.br\/arquivocentral\/wp-content\/uploads\/sites\/79\/sites\/357\/2025\/09\/resolucao-no-10-processo-eletronico.pdf\" target=\"_blank\" rel=\"noreferrer noopener\">Acesse a\u00a0Resolu\u00e7\u00e3o n\u00ba 10\/2019\u00a0do Conselho Universit\u00e1rio da Universidade Federal da Para\u00edba (CONSUNI) que\u00a0disp\u00f5e sobre o Processo Eletr\u00f4nico da UFPB.<\/a><a href=\"https:\/\/www.ufpb.br\/arquivocentral\/wp-content\/uploads\/sites\/79\/sites\/357\/2025\/09\/resolucao-no-10-processo-eletronico.pdf\" class=\"wp-block-file__button wp-element-button\" download aria-describedby=\"wp-block-file--media-9ed6bd21-f730-4006-b440-ad0e1b006db3\">Baixar<\/a><\/div>\n","protected":false},"excerpt":{"rendered":"","protected":false},"author":63,"featured_media":0,"parent":0,"menu_order":0,"comment_status":"closed","ping_status":"closed","template":"","meta":{"footnotes":""},"class_list":["post-28","page","type-page","status-publish","hentry"],"_links":{"self":[{"href":"https:\/\/www.ufpb.br\/arquivocentral\/wp-json\/wp\/v2\/pages\/28","targetHints":{"allow":["GET"]}}],"collection":[{"href":"https:\/\/www.ufpb.br\/arquivocentral\/wp-json\/wp\/v2\/pages"}],"about":[{"href":"https:\/\/www.ufpb.br\/arquivocentral\/wp-json\/wp\/v2\/types\/page"}],"author":[{"embeddable":true,"href":"https:\/\/www.ufpb.br\/arquivocentral\/wp-json\/wp\/v2\/users\/63"}],"replies":[{"embeddable":true,"href":"https:\/\/www.ufpb.br\/arquivocentral\/wp-json\/wp\/v2\/comments?post=28"}],"version-history":[{"count":10,"href":"https:\/\/www.ufpb.br\/arquivocentral\/wp-json\/wp\/v2\/pages\/28\/revisions"}],"predecessor-version":[{"id":57,"href":"https:\/\/www.ufpb.br\/arquivocentral\/wp-json\/wp\/v2\/pages\/28\/revisions\/57"}],"wp:attachment":[{"href":"https:\/\/www.ufpb.br\/arquivocentral\/wp-json\/wp\/v2\/media?parent=28"}],"curies":[{"name":"wp","href":"https:\/\/api.w.org\/{rel}","templated":true}]}}