{"id":71,"date":"2025-09-05T11:48:34","date_gmt":"2025-09-05T14:48:34","guid":{"rendered":"https:\/\/www.ufpb.br\/arquivocentral1\/?page_id=71"},"modified":"2025-09-05T11:48:34","modified_gmt":"2025-09-05T14:48:34","slug":"coordenacao-de-gestao-de-documentos-registros-digitais-e-sistemas","status":"publish","type":"page","link":"https:\/\/www.ufpb.br\/arquivocentral\/coordenacao-de-gestao-de-documentos-registros-digitais-e-sistemas\/","title":{"rendered":"Coordena\u00e7\u00e3o de Gest\u00e3o de Documentos, Registros Digitais e Sistemas"},"content":{"rendered":"","protected":false},"excerpt":{"rendered":"","protected":false},"author":63,"featured_media":0,"parent":0,"menu_order":0,"comment_status":"closed","ping_status":"closed","template":"","meta":{"footnotes":""},"class_list":["post-71","page","type-page","status-publish","hentry"],"_links":{"self":[{"href":"https:\/\/www.ufpb.br\/arquivocentral\/wp-json\/wp\/v2\/pages\/71","targetHints":{"allow":["GET"]}}],"collection":[{"href":"https:\/\/www.ufpb.br\/arquivocentral\/wp-json\/wp\/v2\/pages"}],"about":[{"href":"https:\/\/www.ufpb.br\/arquivocentral\/wp-json\/wp\/v2\/types\/page"}],"author":[{"embeddable":true,"href":"https:\/\/www.ufpb.br\/arquivocentral\/wp-json\/wp\/v2\/users\/63"}],"replies":[{"embeddable":true,"href":"https:\/\/www.ufpb.br\/arquivocentral\/wp-json\/wp\/v2\/comments?post=71"}],"version-history":[{"count":1,"href":"https:\/\/www.ufpb.br\/arquivocentral\/wp-json\/wp\/v2\/pages\/71\/revisions"}],"predecessor-version":[{"id":72,"href":"https:\/\/www.ufpb.br\/arquivocentral\/wp-json\/wp\/v2\/pages\/71\/revisions\/72"}],"wp:attachment":[{"href":"https:\/\/www.ufpb.br\/arquivocentral\/wp-json\/wp\/v2\/media?parent=71"}],"curies":[{"name":"wp","href":"https:\/\/api.w.org\/{rel}","templated":true}]}}