{"id":73,"date":"2025-09-05T11:49:05","date_gmt":"2025-09-05T14:49:05","guid":{"rendered":"https:\/\/www.ufpb.br\/arquivocentral1\/?page_id=73"},"modified":"2025-09-05T11:49:06","modified_gmt":"2025-09-05T14:49:06","slug":"divisao-de-protocolo-e-expedicao-de-documentos-dpex","status":"publish","type":"page","link":"https:\/\/www.ufpb.br\/arquivocentral\/divisao-de-protocolo-e-expedicao-de-documentos-dpex\/","title":{"rendered":"Divis\u00e3o de Protocolo e Expedi\u00e7\u00e3o de Documentos (DPEX)"},"content":{"rendered":"\n<p>Conforme a Resolu\u00e7\u00e3o n\u00b0 43\/2018, que \u201cCria o Arquivo Central e o Sistema de Arquivos da UFPB\u201d, em seu Art. 14, \u00e0 Divis\u00e3o de Protocolo e Expedi\u00e7\u00e3o de Documentos (DPEX) compete:<\/p>\n\n\n\n<p>&nbsp;I &#8211; assessorar o Coordenador de Gest\u00e3o de Documentos, Registros Digitais e Sistemas no \u00e2mbito de sua atua\u00e7\u00e3o;<\/p>\n\n\n\n<p>II &#8211; implementar, apoiar e executar as orienta\u00e7\u00f5es emanadas das regras e normas superiores sobre procedimentos de protocolo e expedi\u00e7\u00e3o de documentos avulsos e processos;<\/p>\n\n\n\n<p>III &#8211; planejar, coordenar e executar atividades relacionadas \u00e0 recep\u00e7\u00e3o, confer\u00eancia, classifica\u00e7\u00e3o, registro, autua\u00e7\u00e3o, distribui\u00e7\u00e3o, expedi\u00e7\u00e3o e arquivamento de processos, documentos e demais expedientes das atividades meio e fim destinados \u00e0 UFPB, ou dele oriundos, controlando e acompanhando a sua tramita\u00e7\u00e3o interna e externa por meio do sistema informatizado de protocolo e tramita\u00e7\u00e3o de documentos e processos;<\/p>\n\n\n\n<p>IV &#8211; avaliar e propor melhorias ao sistema informatizado de protocolo e tramita\u00e7\u00e3o de documentos e processos;<\/p>\n\n\n\n<p>V &#8211; franquear, receber e expedir as correspond\u00eancias recebidas;<\/p>\n\n\n\n<p>VI &#8211; selecionar, distribuir e redistribuir as correspond\u00eancias recebidas, preparando os respectivos protocolos;<\/p>\n\n\n\n<p>VII &#8211; cumprir e fazer cumprir as normas estabelecidas pela Empresa Brasileira de Correios e Tel\u00e9grafos;<\/p>\n\n\n\n<p>VIII &#8211; receber, expedir e controlar os malotes de correspond\u00eancias.<\/p>\n\n\n\n<p><strong>Canais de comunica\u00e7\u00e3o:<\/strong><\/p>\n\n\n\n<p>&nbsp;A Divis\u00e3o de Protocolo e Expedi\u00e7\u00e3o de Documentos (DPEX) tem os seguintes contatos:<\/p>\n\n\n\n<p>&nbsp;E-mail:&nbsp;<a href=\"mailto:protocolocentral@reitoria.ufpb.br\">protocolocentral@reitoria.ufpb.br<\/a><\/p>\n\n\n\n<p>Telefone: (83)&nbsp;3216-7416 (Protocolo Central);&nbsp;(83) 3216-7370 (Expedi\u00e7\u00e3o).<\/p>\n\n\n\n<p><strong>Localiza\u00e7\u00e3o:<\/strong><\/p>\n\n\n\n<p>A DPEX \u00e9 constitu\u00edda de duas unidades f\u00edsicas, o Protocolo Central e a Expedi\u00e7\u00e3o, localizadas no pr\u00e9dio da Reitoria da Universidade Federal da Para\u00edba. O Protocolo Central fica localizado no primeiro andar do pr\u00e9dio, enquanto a Expedi\u00e7\u00e3o fica localizada no t\u00e9rreo.<\/p>\n","protected":false},"excerpt":{"rendered":"<p>Conforme a Resolu\u00e7\u00e3o n\u00b0 43\/2018, que \u201cCria o Arquivo Central e o Sistema de Arquivos [&hellip;]<\/p>\n","protected":false},"author":63,"featured_media":0,"parent":0,"menu_order":0,"comment_status":"closed","ping_status":"closed","template":"","meta":{"footnotes":""},"class_list":["post-73","page","type-page","status-publish","hentry"],"_links":{"self":[{"href":"https:\/\/www.ufpb.br\/arquivocentral\/wp-json\/wp\/v2\/pages\/73","targetHints":{"allow":["GET"]}}],"collection":[{"href":"https:\/\/www.ufpb.br\/arquivocentral\/wp-json\/wp\/v2\/pages"}],"about":[{"href":"https:\/\/www.ufpb.br\/arquivocentral\/wp-json\/wp\/v2\/types\/page"}],"author":[{"embeddable":true,"href":"https:\/\/www.ufpb.br\/arquivocentral\/wp-json\/wp\/v2\/users\/63"}],"replies":[{"embeddable":true,"href":"https:\/\/www.ufpb.br\/arquivocentral\/wp-json\/wp\/v2\/comments?post=73"}],"version-history":[{"count":1,"href":"https:\/\/www.ufpb.br\/arquivocentral\/wp-json\/wp\/v2\/pages\/73\/revisions"}],"predecessor-version":[{"id":74,"href":"https:\/\/www.ufpb.br\/arquivocentral\/wp-json\/wp\/v2\/pages\/73\/revisions\/74"}],"wp:attachment":[{"href":"https:\/\/www.ufpb.br\/arquivocentral\/wp-json\/wp\/v2\/media?parent=73"}],"curies":[{"name":"wp","href":"https:\/\/api.w.org\/{rel}","templated":true}]}}