{"id":75,"date":"2025-09-05T11:50:48","date_gmt":"2025-09-05T14:50:48","guid":{"rendered":"https:\/\/www.ufpb.br\/arquivocentral1\/?page_id=75"},"modified":"2025-09-05T11:50:48","modified_gmt":"2025-09-05T14:50:48","slug":"coordenacao-de-arquivos-e-registros-intermediarios-e-permanentes","status":"publish","type":"page","link":"https:\/\/www.ufpb.br\/arquivocentral\/coordenacao-de-arquivos-e-registros-intermediarios-e-permanentes\/","title":{"rendered":"Coordena\u00e7\u00e3o de Arquivos e Registros Intermedi\u00e1rios e Permanentes"},"content":{"rendered":"\n<p><a href=\"https:\/\/www.ufpb.br\/arquivocentral\/contents\/menu\/sistema-de-arquivos\/coordenacao-de-arquivos-e-registros-intermediarios-e-permanentes\/memorial-ufpb-pessoas-e-legados\">Memorial UFPB: Pessoas e Legados<\/a><\/p>\n\n\n\n<p><a href=\"https:\/\/www.ufpb.br\/arquivocentral\/contents\/menu\/sistema-de-arquivos\/coordenacao-de-arquivos-e-registros-intermediarios-e-permanentes\/assessoria-tecnica\">Assessoria T\u00e9cnica<\/a><\/p>\n\n\n\n<p><a href=\"https:\/\/www.ufpb.br\/arquivocentral\/contents\/menu\/sistema-de-arquivos\/coordenacao-de-arquivos-e-registros-intermediarios-e-permanentes\/formularios-para-solicitacao-de-servico\">Formul\u00e1rios para solicita\u00e7\u00e3o de servi\u00e7o<\/a><\/p>\n","protected":false},"excerpt":{"rendered":"<p>Memorial UFPB: Pessoas e Legados Assessoria T\u00e9cnica Formul\u00e1rios para solicita\u00e7\u00e3o de servi\u00e7o<\/p>\n","protected":false},"author":63,"featured_media":0,"parent":0,"menu_order":0,"comment_status":"closed","ping_status":"closed","template":"","meta":{"footnotes":""},"class_list":["post-75","page","type-page","status-publish","hentry"],"_links":{"self":[{"href":"https:\/\/www.ufpb.br\/arquivocentral\/wp-json\/wp\/v2\/pages\/75","targetHints":{"allow":["GET"]}}],"collection":[{"href":"https:\/\/www.ufpb.br\/arquivocentral\/wp-json\/wp\/v2\/pages"}],"about":[{"href":"https:\/\/www.ufpb.br\/arquivocentral\/wp-json\/wp\/v2\/types\/page"}],"author":[{"embeddable":true,"href":"https:\/\/www.ufpb.br\/arquivocentral\/wp-json\/wp\/v2\/users\/63"}],"replies":[{"embeddable":true,"href":"https:\/\/www.ufpb.br\/arquivocentral\/wp-json\/wp\/v2\/comments?post=75"}],"version-history":[{"count":1,"href":"https:\/\/www.ufpb.br\/arquivocentral\/wp-json\/wp\/v2\/pages\/75\/revisions"}],"predecessor-version":[{"id":76,"href":"https:\/\/www.ufpb.br\/arquivocentral\/wp-json\/wp\/v2\/pages\/75\/revisions\/76"}],"wp:attachment":[{"href":"https:\/\/www.ufpb.br\/arquivocentral\/wp-json\/wp\/v2\/media?parent=75"}],"curies":[{"name":"wp","href":"https:\/\/api.w.org\/{rel}","templated":true}]}}