{"id":77,"date":"2025-09-05T11:51:23","date_gmt":"2025-09-05T14:51:23","guid":{"rendered":"https:\/\/www.ufpb.br\/arquivocentral1\/?page_id=77"},"modified":"2025-09-05T11:51:24","modified_gmt":"2025-09-05T14:51:24","slug":"memorial-ufpb-pessoas-e-legados","status":"publish","type":"page","link":"https:\/\/www.ufpb.br\/arquivocentral\/memorial-ufpb-pessoas-e-legados\/","title":{"rendered":"Memorial UFPB: Pessoas e Legados"},"content":{"rendered":"\n<p>O projeto \u201cMemorial UFPB: Pessoas e Legados\u201d \u00e9 um espa\u00e7o de frui\u00e7\u00e3o, conhecimento, entretenimento e de acessibilidade da informa\u00e7\u00e3o do Ensino, da Pesquisa e da Extens\u00e3o no \u00e2mbito da Universidade Federal da Para\u00edba centrado na narrativa documental das pessoas: egressos, alunos, professores e t\u00e9cnicos administrativos, que fazem o legado da UFPB. Uma a\u00e7\u00e3o que tem como finalidade a preserva\u00e7\u00e3o e conserva\u00e7\u00e3o dos acervos e reposit\u00f3rios da UFPB, com o prop\u00f3sito de construir uma difus\u00e3o colaborativa para o engajamento da comunidade universit\u00e1ria e o fortalecimento afetivo institucional. Localizado no pr\u00e9dio da Reitoria, no Hall de entrada do Arquivo Central, \u00e9 um espa\u00e7o f\u00edsico e virtual, que tem na mem\u00f3ria afetiva da comunidade universit\u00e1ria, o prop\u00f3sito de manter viva a hist\u00f3ria institucional.<\/p>\n\n\n\n<p>&nbsp;Acesse a p\u00e1gina do projeto \u201c<a href=\"https:\/\/ufpb.br\/memorialufpb\" target=\"_blank\" rel=\"noreferrer noopener\">Memorial UFPB: Pessoas e Legados<\/a>\u201d<\/p>\n","protected":false},"excerpt":{"rendered":"<p>O projeto \u201cMemorial UFPB: Pessoas e Legados\u201d \u00e9 um espa\u00e7o de frui\u00e7\u00e3o, conhecimento, entretenimento e [&hellip;]<\/p>\n","protected":false},"author":63,"featured_media":0,"parent":0,"menu_order":0,"comment_status":"closed","ping_status":"closed","template":"","meta":{"footnotes":""},"class_list":["post-77","page","type-page","status-publish","hentry"],"_links":{"self":[{"href":"https:\/\/www.ufpb.br\/arquivocentral\/wp-json\/wp\/v2\/pages\/77","targetHints":{"allow":["GET"]}}],"collection":[{"href":"https:\/\/www.ufpb.br\/arquivocentral\/wp-json\/wp\/v2\/pages"}],"about":[{"href":"https:\/\/www.ufpb.br\/arquivocentral\/wp-json\/wp\/v2\/types\/page"}],"author":[{"embeddable":true,"href":"https:\/\/www.ufpb.br\/arquivocentral\/wp-json\/wp\/v2\/users\/63"}],"replies":[{"embeddable":true,"href":"https:\/\/www.ufpb.br\/arquivocentral\/wp-json\/wp\/v2\/comments?post=77"}],"version-history":[{"count":1,"href":"https:\/\/www.ufpb.br\/arquivocentral\/wp-json\/wp\/v2\/pages\/77\/revisions"}],"predecessor-version":[{"id":78,"href":"https:\/\/www.ufpb.br\/arquivocentral\/wp-json\/wp\/v2\/pages\/77\/revisions\/78"}],"wp:attachment":[{"href":"https:\/\/www.ufpb.br\/arquivocentral\/wp-json\/wp\/v2\/media?parent=77"}],"curies":[{"name":"wp","href":"https:\/\/api.w.org\/{rel}","templated":true}]}}