{"id":79,"date":"2025-09-05T11:52:02","date_gmt":"2025-09-05T14:52:02","guid":{"rendered":"https:\/\/www.ufpb.br\/arquivocentral1\/?page_id=79"},"modified":"2026-01-28T07:16:53","modified_gmt":"2026-01-28T10:16:53","slug":"assessoria-tecnica","status":"publish","type":"page","link":"https:\/\/www.ufpb.br\/arquivocentral\/assessoria-tecnica\/","title":{"rendered":"Assessoria T\u00e9cnica Arquiv\u00edstica"},"content":{"rendered":"\n<p>A Assessoria t\u00e9cnica oferecida pela Coordena\u00e7\u00e3o de Arquivos e Registros Intermedi\u00e1rios e Permanentes (CAIP) tem por objetivo orientar as diversas unidades da UFPB na execu\u00e7\u00e3o dos procedimentos de transfer\u00eancia, recolhimento (para guarda definitiva no Arquivo Central) ou elimina\u00e7\u00e3o de documentos em acordo com a Nota T\u00e9cnica ACE n\u00ba 02\/2020 bem como com as diretrizes da Comiss\u00e3o Permanente de Avalia\u00e7\u00e3o de Documentos (CPAD) da UFPB.<\/p>\n\n\n\n<p>A correta execu\u00e7\u00e3o dos procedimentos t\u00e9cnicos nas unidades possibilita maior seguran\u00e7a para a transfer\u00eancia, recolhimento ou elimina\u00e7\u00e3o dos documentos que j\u00e1 cumpriram seus prazos de guarda. Tendo como resultado melhor otimiza\u00e7\u00e3o dos espa\u00e7os de armazenamento e infraestrutura f\u00edsica para guarda dos acervos.<\/p>\n\n\n\n<p>O servi\u00e7o de assessoria prestado pela CAIP n\u00e3o contempla a aplica\u00e7\u00e3o pr\u00e1tica ou operacional das a\u00e7\u00f5es, consistindo apenas na orienta\u00e7\u00e3o e supervis\u00e3o das atividades que dever\u00e3o ser realizadas por servidor\/estagi\u00e1rio da unidade demandante.<\/p>\n\n\n\n<p>No caso das unidades que disp\u00f5em de Arquivista, as orienta\u00e7\u00f5es ser\u00e3o prestadas pelo mesmo, que caso precise de apoio, dever\u00e1 contatar o Arquivo Central.<\/p>\n\n\n\n<p>A assessoria ser\u00e1 realizada da seguinte forma:<\/p>\n\n\n\n<p><strong>&nbsp;Visita t\u00e9cnica<\/strong><\/p>\n\n\n\n<ol class=\"wp-block-list\">\n<li>Visita t\u00e9cnica<\/li>\n\n\n\n<li>Diagn\u00f3stico &#8211; Levantamento de informa\u00e7\u00f5es<\/li>\n\n\n\n<li>Orienta\u00e7\u00f5es t\u00e9cnicas<\/li>\n\n\n\n<li>Supervis\u00e3o das atividades<\/li>\n<\/ol>\n\n\n\n<p>A assessoria t\u00e9cnica dever\u00e1 ser solicitada via&nbsp;<a href=\"https:\/\/www.ufpb.br\/arquivocentral\/formularios\/orts\">Central de Atendimento<\/a>&nbsp;na p\u00e1gina do Arquivo Central informando a unidade e o contato do respons\u00e1vel pela solicita\u00e7\u00e3o.<\/p>\n\n\n\n<p><strong>Contato<\/strong><\/p>\n\n\n\n<p><strong><\/strong>caip@reitoria.ufpb.br<\/p>\n\n\n\n<p><\/p>\n","protected":false},"excerpt":{"rendered":"<p>A Assessoria t\u00e9cnica oferecida pela Coordena\u00e7\u00e3o de Arquivos e Registros Intermedi\u00e1rios e Permanentes (CAIP) tem [&hellip;]<\/p>\n","protected":false},"author":63,"featured_media":0,"parent":0,"menu_order":0,"comment_status":"closed","ping_status":"closed","template":"","meta":{"footnotes":""},"class_list":["post-79","page","type-page","status-publish","hentry"],"_links":{"self":[{"href":"https:\/\/www.ufpb.br\/arquivocentral\/wp-json\/wp\/v2\/pages\/79","targetHints":{"allow":["GET"]}}],"collection":[{"href":"https:\/\/www.ufpb.br\/arquivocentral\/wp-json\/wp\/v2\/pages"}],"about":[{"href":"https:\/\/www.ufpb.br\/arquivocentral\/wp-json\/wp\/v2\/types\/page"}],"author":[{"embeddable":true,"href":"https:\/\/www.ufpb.br\/arquivocentral\/wp-json\/wp\/v2\/users\/63"}],"replies":[{"embeddable":true,"href":"https:\/\/www.ufpb.br\/arquivocentral\/wp-json\/wp\/v2\/comments?post=79"}],"version-history":[{"count":3,"href":"https:\/\/www.ufpb.br\/arquivocentral\/wp-json\/wp\/v2\/pages\/79\/revisions"}],"predecessor-version":[{"id":286,"href":"https:\/\/www.ufpb.br\/arquivocentral\/wp-json\/wp\/v2\/pages\/79\/revisions\/286"}],"wp:attachment":[{"href":"https:\/\/www.ufpb.br\/arquivocentral\/wp-json\/wp\/v2\/media?parent=79"}],"curies":[{"name":"wp","href":"https:\/\/api.w.org\/{rel}","templated":true}]}}