{"id":1049,"date":"2025-10-03T15:44:16","date_gmt":"2025-10-03T18:44:16","guid":{"rendered":"https:\/\/www.ufpb.br\/aseamf\/?page_id=1049"},"modified":"2026-03-04T15:03:00","modified_gmt":"2026-03-04T18:03:00","slug":"normativas-das-fundacoes","status":"publish","type":"page","link":"https:\/\/www.ufpb.br\/aseamf\/normativas-das-fundacoes\/","title":{"rendered":"Normativa das Funda\u00e7\u00f5es"},"content":{"rendered":"\n<h2 class=\"wp-block-heading\"><div class=\"linha-header\">FADE<\/div><\/h2>\n\n\n\n<p class=\"has-vivid-cyan-blue-color has-text-color has-link-color has-medium-font-size wp-elements-4c3b10afac7a2acf970627646a0ca2e1\"><a href=\"http:\/\/www.ufpb.br\/aseamf\/wp-content\/uploads\/sites\/79\/sites\/155\/2025\/10\/Regulamento_Diarias_Fade_Alterado-19-05-2022.pdf\" target=\"_blank\" rel=\"noreferrer noopener\">Resolu\u00e7\u00e3o n\u00ba01\/2021 &#8211; Regulamento para concess\u00e3o de Di\u00e1rias e Reembolso de despesas<\/a><\/p>\n\n\n\n<p>Disp\u00f5e sobre concess\u00e3o de di\u00e1rias e despesas pagas aos funcion\u00e1rios, colaboradores, consultores, prestadores de servi\u00e7os e bolsistas da FADE-UFPE lotados nos projetos e d\u00e1 outras provid\u00eancias. <\/p>\n\n\n\n<p class=\"has-vivid-cyan-blue-color has-text-color has-link-color has-medium-font-size wp-elements-c0c483241505542374da1ef3c5706b13\"><a href=\"http:\/\/www.ufpb.br\/aseamf\/wp-content\/uploads\/sites\/79\/sites\/155\/2025\/10\/Regulamento-Concessao-de-Bolsas-_-APROVADA_Conselheiros_reuniao_11-08-17-Copia-1.pdf\" target=\"_blank\" rel=\"noreferrer noopener\">Resolu\u00e7\u00e3o n\u00ba 01\/2017 da Secretaria Executiva .<\/a><br><\/p>\n\n\n\n<p>Estabelece normas e crit\u00e9rios para concess\u00e3o de bolsa de ensino, pesquisa, extens\u00e3o e est\u00edmulo \u00e0 inova\u00e7\u00e3o no \u00e2mbito dos projetos apoiados pela Fade-UFPE, e d\u00e1 outras provid\u00eancias.<\/p>\n\n\n\n<p class=\"has-vivid-cyan-blue-color has-text-color has-link-color has-medium-font-size wp-elements-2a2aa410a3747be69027a2f4a1c7b418\"><a href=\"http:\/\/www.ufpb.br\/aseamf\/wp-content\/uploads\/sites\/79\/sites\/155\/2025\/10\/Regulamento-de-Compras-Atualizado-07-12-2021.pdf\">Resolu\u00e7\u00e3o n\u00b0 002\/2021<\/a> &#8211; <a href=\"https:\/\/fade.org.br\/wp-content\/uploads\/2023\/07\/Regulamento-de-Compras-Atualizado-07-12-2021.pdf\" target=\"_blank\" rel=\"noreferrer noopener\">Regulamento para os procedimentos para aquisi\u00e7\u00e3o de bens e contrata\u00e7\u00e3o de servi\u00e7os a serem aplicadas pela Fade-UFPE).<\/a><br><\/p>\n\n\n\n<p>Disp\u00f5e sobre aquisi\u00e7\u00e3o de bens e contrata\u00e7\u00e3o de servi\u00e7os pela FADE no \u00e2mbito de projetos de pesquisa, ensino, extens\u00e3o, desenvolvimento institucional, cient\u00edfico e tecnol\u00f3gico e est\u00edmulo \u00e0 inova\u00e7\u00e3o regidos pelo Decreto n.\u00ba 8.241\/2014.<\/p>\n\n\n\n<h2 class=\"wp-block-heading\"><div class=\"linha-header\">FUNETEC<\/div><\/h2>\n\n\n\n<p class=\"has-vivid-cyan-blue-color has-text-color has-link-color has-medium-font-size wp-elements-e8cea86119109d5cfea07420af17c071\"><a href=\"http:\/\/www.ufpb.br\/aseamf\/wp-content\/uploads\/sites\/79\/sites\/155\/2025\/10\/Portaria-No-0003.2014-Suprimento-de-Fundo-FUNETEC.pdf\" target=\"_blank\" rel=\"noreferrer noopener\">Portaria n\u00b0 003\/2014, de 31 de Outubro de 2014.<\/a><br><\/p>\n\n\n\n<p>Disp\u00f5e sobre a concess\u00e3o de Suprimento de Fundos pela Funda\u00e7\u00e3o de Educa\u00e7\u00e3o Tecnol\u00f3gica e Cultural da Para\u00edba \u2013 FUNETEC-PB.<\/p>\n\n\n\n<p class=\"has-vivid-cyan-blue-color has-text-color has-link-color has-medium-font-size wp-elements-a668f2b5e2bacd6ccc8191c322d33282\"><a href=\"http:\/\/www.ufpb.br\/aseamf\/wp-content\/uploads\/sites\/79\/sites\/155\/2025\/10\/b343013b1b99fbbcbcef73ffe7bbbd68_75.pdf\" target=\"_blank\" rel=\"noreferrer noopener\">Portaria n\u00b0 002\/2023, de 30 de abril de 2023<\/a><\/p>\n\n\n\n<p>Disp\u00f5e sobre a concess\u00e3o e pagamento do valor da indeniza\u00e7\u00e3o de di\u00e1rias no \u00e2mbito da Funda\u00e7\u00e3o de Educa\u00e7\u00e3o Tecnol\u00f3gica e Cultural da Para\u00edba \u2013 FUNETEC-PB.<br><\/p>\n\n\n\n<p class=\"has-vivid-cyan-blue-color has-text-color has-link-color has-medium-font-size wp-elements-a4d55a5177d868aac9ce889a164fefe9\"><a href=\"http:\/\/www.ufpb.br\/aseamf\/wp-content\/uploads\/sites\/79\/sites\/155\/2025\/10\/49e794d83431b5c5aecbe6617a2f9a4c_37.pdf\" target=\"_blank\" rel=\"noreferrer noopener\">Nota T\u00e9cnica  n\u00b0 001\/2019\/SUPER\/FUNETEC<\/a>\/<a href=\"http:\/\/www.ufpb.br\/aseamf\/wp-content\/uploads\/sites\/79\/sites\/155\/2025\/10\/Nota-Tecnica-001-2019-FUNETEC.pdf\" target=\"_blank\" rel=\"noreferrer noopener\">PB<\/a><br><\/p>\n\n\n\n<p>Disp\u00f5e sobre aplica\u00e7\u00e3o de normas e procedimentos nos processos de compras e contrata\u00e7\u00e3o de servi\u00e7os pela FUNETEC\/PB &#8211; Funda\u00e7\u00e3o de Educa\u00e7\u00e3o Tecnol\u00f3gica e Cultural da Para\u00edba, Funda\u00e7\u00e3o de Apoio do IFPB<br><\/p>\n\n\n\n<p class=\"has-vivid-cyan-blue-color has-text-color has-link-color has-medium-font-size wp-elements-3da43a8da21c35d99fa0a403ab3eb621\"><a href=\"http:\/\/www.ufpb.br\/aseamf\/wp-content\/uploads\/sites\/79\/sites\/155\/2025\/10\/PORTARIA-N\u00b0-005.2021-DE-19-DE-NOVEMBRO-DE-2021-FUNETEC.pdf\" target=\"_blank\" rel=\"noreferrer noopener\">Portaria n\u00ba 005\/2021, de 19 de Novembro de 2021<\/a><\/p>\n\n\n\n<p>Disp\u00f5es sobre a Metodologia de C\u00e1lculo das Despesas Operacionais e Administrativas \u2013 DOAs da Funda\u00e7\u00e3o de Educa\u00e7\u00e3o Tecnol\u00f3gica e Cultural da Para\u00edba \u2013 FUNETEC-PB, e delibera outras provid\u00eancias.<br><\/p>\n\n\n\n<p class=\"has-vivid-cyan-blue-color has-text-color has-link-color has-medium-font-size wp-elements-53a706796f06cabd1cb01477b3d5589a\"><a href=\"http:\/\/www.ufpb.br\/aseamf\/wp-content\/uploads\/sites\/79\/sites\/155\/2025\/10\/Politica-de-Privacidade-e-Protecao-de-Dados-Fade-UFPE.pdf\">Pol\u00edtica de Privacidade e Prote\u00e7\u00e3o de dados 2024<\/a><\/p>\n\n\n\n<p>Pol\u00edtica de privacidade e prote\u00e7\u00e3o de dados focada em garantir a seguran\u00e7a, privacidade e integridade das informa\u00e7\u00f5es pessoais dos indiv\u00edduos, regulando a forma como os dados pessoais s\u00e3o coletados, processados, armazenados e compartilhados pela FADE.<\/p>\n\n\n\n<h2 class=\"wp-block-heading\"><div class=\"linha-header\">PAQTCPB<\/div><\/h2>\n\n\n\n<p class=\"has-vivid-cyan-blue-color has-text-color has-link-color has-medium-font-size wp-elements-7e58de5041a3447d918d9d2566cbf23a\"><a href=\"http:\/\/www.ufpb.br\/aseamf\/wp-content\/uploads\/sites\/79\/sites\/155\/2025\/10\/EstatutoPaqTc.pdf\" target=\"_blank\" rel=\"noreferrer noopener\">Estatuto da Funda\u00e7\u00e3o Parque Tecnol\u00f3gico da Para\u00edba<\/a><\/p>\n\n\n\n<p><\/p>\n\n\n\n<h2 class=\"wp-block-heading\"><div class=\"linha-header\">FUNARBE<\/div><\/h2>\n\n\n\n<p class=\"has-vivid-cyan-blue-color has-text-color has-link-color wp-elements-7503698b2ccb0ca05aadd3f2e3e4b855\"><a href=\"http:\/\/www.ufpb.br\/aseamf\/wp-content\/uploads\/sites\/79\/sites\/155\/2026\/03\/Resolucao-n-02.2023-Regulamento-Geral-de-Concessao-de-Bolsas.pdf\">Resolu\u00e7\u00e3o N\u00ba 02\/2023 &#8211; Regulamento Geral de Concess\u00e3o de Bolsas<\/a><\/p>\n\n\n\n<p>Regulamenta a concess\u00e3o de Bolsas de Pesquisa, de Extens\u00e3o, de Ensino e de Est\u00edmulo \u00e0 Inova\u00e7\u00e3o, em benef\u00edcio do desenvolvimento institucional das Institui\u00e7\u00f5es de Ensino Superior &#8211; IES e as demais Institui\u00e7\u00f5es Cient\u00edficas e Tecnol\u00f3gicas \u2013 ICTs p\u00fablicas e privadas apoiadas pela Funda\u00e7\u00e3o Arthur Bernardes &#8211; Funarbe<\/p>\n\n\n\n<p><\/p>\n","protected":false},"excerpt":{"rendered":"<p>FADE Resolu\u00e7\u00e3o n\u00ba01\/2021 &#8211; Regulamento para concess\u00e3o de Di\u00e1rias e Reembolso de despesas Disp\u00f5e sobre [&hellip;]<\/p>\n","protected":false},"author":413,"featured_media":0,"parent":0,"menu_order":0,"comment_status":"closed","ping_status":"closed","template":"","meta":{"footnotes":""},"class_list":["post-1049","page","type-page","status-publish","hentry"],"_links":{"self":[{"href":"https:\/\/www.ufpb.br\/aseamf\/wp-json\/wp\/v2\/pages\/1049","targetHints":{"allow":["GET"]}}],"collection":[{"href":"https:\/\/www.ufpb.br\/aseamf\/wp-json\/wp\/v2\/pages"}],"about":[{"href":"https:\/\/www.ufpb.br\/aseamf\/wp-json\/wp\/v2\/types\/page"}],"author":[{"embeddable":true,"href":"https:\/\/www.ufpb.br\/aseamf\/wp-json\/wp\/v2\/users\/413"}],"replies":[{"embeddable":true,"href":"https:\/\/www.ufpb.br\/aseamf\/wp-json\/wp\/v2\/comments?post=1049"}],"version-history":[{"count":34,"href":"https:\/\/www.ufpb.br\/aseamf\/wp-json\/wp\/v2\/pages\/1049\/revisions"}],"predecessor-version":[{"id":1421,"href":"https:\/\/www.ufpb.br\/aseamf\/wp-json\/wp\/v2\/pages\/1049\/revisions\/1421"}],"wp:attachment":[{"href":"https:\/\/www.ufpb.br\/aseamf\/wp-json\/wp\/v2\/media?parent=1049"}],"curies":[{"name":"wp","href":"https:\/\/api.w.org\/{rel}","templated":true}]}}