{"id":1053,"date":"2025-10-03T15:46:28","date_gmt":"2025-10-03T18:46:28","guid":{"rendered":"https:\/\/www.ufpb.br\/aseamf\/?page_id=1053"},"modified":"2025-10-30T11:41:54","modified_gmt":"2025-10-30T14:41:54","slug":"transparencia-das-fundacoes","status":"publish","type":"page","link":"https:\/\/www.ufpb.br\/aseamf\/transparencia-das-fundacoes\/","title":{"rendered":"Transpar\u00eancia das Funda\u00e7\u00f5es"},"content":{"rendered":"\n<p><\/p>\n\n\n\n<p><\/p>\n\n\n\n<p class=\"has-vivid-red-color has-text-color has-link-color has-large-font-size wp-elements-0802d4d18825c05817fc1b60f6792f4e\"><a href=\"https:\/\/sistemas.fade.org.br\/PortalTransparencia\/PortalInicio.aspx\" target=\"_blank\" rel=\"noreferrer noopener\">FADE<\/a><\/p>\n\n\n\n<p class=\"has-vivid-green-cyan-color has-text-color has-link-color has-large-font-size wp-elements-bd23fb5fc315ed8b0f06b8d402454e39\"><a href=\"https:\/\/portais.funetec.com.br\/PortalTransparencia\" target=\"_blank\" rel=\"noreferrer noopener\">FUNETEC<\/a><\/p>\n\n\n\n<p class=\"has-vivid-cyan-blue-color has-text-color has-link-color has-large-font-size wp-elements-c25737cfca725ebb8c36578c335a9e07\"><a href=\"https:\/\/sgi.paqtc.org.br\/Portal_Transparencia\/\" target=\"_blank\" rel=\"noreferrer noopener\">PAQTCPB<\/a><\/p>\n","protected":false},"excerpt":{"rendered":"<p>FADE FUNETEC PAQTCPB<\/p>\n","protected":false},"author":413,"featured_media":0,"parent":0,"menu_order":0,"comment_status":"closed","ping_status":"closed","template":"","meta":{"footnotes":""},"class_list":["post-1053","page","type-page","status-publish","hentry"],"_links":{"self":[{"href":"https:\/\/www.ufpb.br\/aseamf\/wp-json\/wp\/v2\/pages\/1053","targetHints":{"allow":["GET"]}}],"collection":[{"href":"https:\/\/www.ufpb.br\/aseamf\/wp-json\/wp\/v2\/pages"}],"about":[{"href":"https:\/\/www.ufpb.br\/aseamf\/wp-json\/wp\/v2\/types\/page"}],"author":[{"embeddable":true,"href":"https:\/\/www.ufpb.br\/aseamf\/wp-json\/wp\/v2\/users\/413"}],"replies":[{"embeddable":true,"href":"https:\/\/www.ufpb.br\/aseamf\/wp-json\/wp\/v2\/comments?post=1053"}],"version-history":[{"count":5,"href":"https:\/\/www.ufpb.br\/aseamf\/wp-json\/wp\/v2\/pages\/1053\/revisions"}],"predecessor-version":[{"id":1324,"href":"https:\/\/www.ufpb.br\/aseamf\/wp-json\/wp\/v2\/pages\/1053\/revisions\/1324"}],"wp:attachment":[{"href":"https:\/\/www.ufpb.br\/aseamf\/wp-json\/wp\/v2\/media?parent=1053"}],"curies":[{"name":"wp","href":"https:\/\/api.w.org\/{rel}","templated":true}]}}