{"id":1055,"date":"2025-10-03T15:51:15","date_gmt":"2025-10-03T18:51:15","guid":{"rendered":"https:\/\/www.ufpb.br\/aseamf\/?page_id=1055"},"modified":"2025-10-17T09:37:22","modified_gmt":"2025-10-17T12:37:22","slug":"portal-convenios-ufpb","status":"publish","type":"page","link":"https:\/\/www.ufpb.br\/aseamf\/portal-convenios-ufpb\/","title":{"rendered":"Portal\/Conv\u00eanios UFPB"},"content":{"rendered":"\n<div class=\"wp-block-group is-nowrap is-layout-flex wp-container-core-group-is-layout-ad2f72ca wp-block-group-is-layout-flex\">\n<figure class=\"wp-block-image size-full is-resized\"><img loading=\"lazy\" decoding=\"async\" width=\"1024\" height=\"1024\" src=\"https:\/\/www.ufpb.br\/aseamf\/wp-content\/uploads\/sites\/79\/sites\/155\/2025\/10\/image-1.png\" alt=\"\" class=\"wp-image-1229\" style=\"width:150px;height:auto\" srcset=\"https:\/\/www.ufpb.br\/aseamf\/wp-content\/uploads\/sites\/79\/sites\/155\/2025\/10\/image-1.png 1024w, https:\/\/www.ufpb.br\/aseamf\/wp-content\/uploads\/sites\/79\/sites\/155\/2025\/10\/image-1-300x300.png 300w, https:\/\/www.ufpb.br\/aseamf\/wp-content\/uploads\/sites\/79\/sites\/155\/2025\/10\/image-1-150x150.png 150w, https:\/\/www.ufpb.br\/aseamf\/wp-content\/uploads\/sites\/79\/sites\/155\/2025\/10\/image-1-768x768.png 768w\" sizes=\"auto, (max-width: 1024px) 100vw, 1024px\" \/><\/figure>\n\n\n\n<p class=\"has-medium-font-size\">A <strong><a href=\"https:\/\/www.ufpb.br\/\" data-type=\"link\" data-id=\"https:\/\/www.ufpb.br\/\" target=\"_blank\" rel=\"noreferrer noopener\">Universidade Federal da Para\u00edba (UFPB<\/a><a href=\"https:\/\/www.ufpb.br\/\" data-type=\"link\" data-id=\"https:\/\/www.ufpb.br\/\">)<\/a><\/strong> mant\u00e9m um <strong>Portal de Conv\u00eanios<\/strong> dispon\u00edvel dentro do sistema <strong>SIPAC (Sistema Integrado de Patrim\u00f4nio, Administra\u00e7\u00e3o e Contratos)<\/strong>.<\/p>\n<\/div>\n\n\n\n<p><\/p>\n\n\n\n<p class=\"has-medium-font-size\">Esse canal \u00e9 uma importante ferramenta de <strong>transpar\u00eancia p\u00fablica<\/strong>, que permite acompanhar os <strong>conv\u00eanios e projetos assinados entre a UFPB e as funda\u00e7\u00f5es de apoio<\/strong> firmadas com a institui\u00e7\u00e3o. <\/p>\n\n\n\n<p class=\"has-medium-font-size\">Por meio dele, qualquer cidad\u00e3o pode consultar informa\u00e7\u00f5es sobre os contratos celebrados, como:<\/p>\n\n\n\n<ul class=\"wp-block-list\">\n<li class=\"has-medium-font-size\">o <strong>ano de execu\u00e7\u00e3o<\/strong> do projeto;<\/li>\n\n\n\n<li class=\"has-medium-font-size\">o <strong>\u00f3rg\u00e3o ou entidade participante<\/strong> (como as funda\u00e7\u00f5es de apoio);<\/li>\n\n\n\n<li class=\"has-medium-font-size\">o<strong> objetivo do projeto<\/strong>;<\/li>\n\n\n\n<li class=\"has-medium-font-size\">o <strong>Processo relacionado<\/strong>;<\/li>\n\n\n\n<li class=\"has-medium-font-size\">e o <strong>per\u00edodo de vig\u00eancia<\/strong>.<\/li>\n<\/ul>\n\n\n\n<div class=\"wp-block-group is-nowrap is-layout-flex wp-container-core-group-is-layout-ad2f72ca wp-block-group-is-layout-flex\">\n<figure class=\"wp-block-image size-full is-resized\"><img loading=\"lazy\" decoding=\"async\" width=\"1024\" height=\"1024\" src=\"https:\/\/www.ufpb.br\/aseamf\/wp-content\/uploads\/sites\/79\/sites\/155\/2025\/10\/image.png\" alt=\"\" class=\"wp-image-1228\" style=\"width:62px;height:auto\" srcset=\"https:\/\/www.ufpb.br\/aseamf\/wp-content\/uploads\/sites\/79\/sites\/155\/2025\/10\/image.png 1024w, https:\/\/www.ufpb.br\/aseamf\/wp-content\/uploads\/sites\/79\/sites\/155\/2025\/10\/image-300x300.png 300w, https:\/\/www.ufpb.br\/aseamf\/wp-content\/uploads\/sites\/79\/sites\/155\/2025\/10\/image-150x150.png 150w, https:\/\/www.ufpb.br\/aseamf\/wp-content\/uploads\/sites\/79\/sites\/155\/2025\/10\/image-768x768.png 768w\" sizes=\"auto, (max-width: 1024px) 100vw, 1024px\" \/><\/figure>\n\n\n\n<p class=\"has-medium-font-size\">O acesso pode ser feito clicando <a href=\"https:\/\/sipac.ufpb.br\/public\/jsp\/portal.jsf;jsessionid=952D0CD0CECCEF69E1237FDA8D521227\" data-type=\"link\" data-id=\"https:\/\/sipac.ufpb.br\/public\/jsp\/portal.jsf;jsessionid=952D0CD0CECCEF69E1237FDA8D521227\" target=\"_blank\" rel=\"noreferrer noopener\">AQUI<\/a>.<\/p>\n<\/div>\n\n\n\n<div class=\"wp-block-group is-nowrap is-layout-flex wp-container-core-group-is-layout-ad2f72ca wp-block-group-is-layout-flex\">\n<figure class=\"wp-block-image size-full is-resized\"><img loading=\"lazy\" decoding=\"async\" width=\"1024\" height=\"1024\" src=\"https:\/\/www.ufpb.br\/aseamf\/wp-content\/uploads\/sites\/79\/sites\/155\/2025\/10\/image-2.png\" alt=\"\" class=\"wp-image-1231\" style=\"width:51px;height:auto\" srcset=\"https:\/\/www.ufpb.br\/aseamf\/wp-content\/uploads\/sites\/79\/sites\/155\/2025\/10\/image-2.png 1024w, https:\/\/www.ufpb.br\/aseamf\/wp-content\/uploads\/sites\/79\/sites\/155\/2025\/10\/image-2-300x300.png 300w, https:\/\/www.ufpb.br\/aseamf\/wp-content\/uploads\/sites\/79\/sites\/155\/2025\/10\/image-2-150x150.png 150w, https:\/\/www.ufpb.br\/aseamf\/wp-content\/uploads\/sites\/79\/sites\/155\/2025\/10\/image-2-768x768.png 768w\" sizes=\"auto, (max-width: 1024px) 100vw, 1024px\" \/><\/figure>\n\n\n\n<p class=\"has-medium-font-size\"><strong>Como realizar a consulta p\u00fablica<\/strong><\/p>\n\n\n\n<p class=\"has-medium-font-size\"><\/p>\n<\/div>\n\n\n\n<p class=\"has-medium-font-size\">V\u00e1 at\u00e9 o <a href=\"https:\/\/sipac.ufpb.br\/public\/jsp\/portal.jsf;jsessionid=952D0CD0CECCEF69E1237FDA8D521227\" data-type=\"link\" data-id=\"https:\/\/sipac.ufpb.br\/public\/jsp\/portal.jsf;jsessionid=952D0CD0CECCEF69E1237FDA8D521227\" target=\"_blank\" rel=\"noreferrer noopener\">SIPAC<\/a> e siga o caminho no menu <strong>\u201cContratos\/Conv\u00eanios &gt; Conv\u00eanios e Instrumentos Cong\u00eaneres (Funda\u00e7\u00f5es de Apoio)\u201d<\/strong>. Depois disso, voc\u00ea ser\u00e1 direcionado para a tela de pesquisa, a qual ser\u00e1 poss\u00edvel <strong>preencher os campos de busca<\/strong> conforme desejar.<\/p>\n\n\n\n<p class=\"has-medium-font-size\">Na imagem abaixo, destacamos a sugest\u00e3o da <a href=\"https:\/\/www.ufpb.br\/aseamf\/apresentacao\/\" data-type=\"link\" data-id=\"https:\/\/www.ufpb.br\/aseamf\/apresentacao\/\" target=\"_blank\" rel=\"noreferrer noopener\">ASEAMF<\/a> para consultar os conv\u00eanios de forma pr\u00e1tica, j\u00e1 na p\u00e1gina principal da pesquisa.<\/p>\n\n\n\n<figure class=\"wp-block-image size-large is-style-default\"><img loading=\"lazy\" decoding=\"async\" width=\"1024\" height=\"576\" src=\"http:\/\/www.ufpb.br\/aseamf\/wp-content\/uploads\/sites\/79\/sites\/155\/2025\/10\/Transparencia_Projetos_UFPB-1024x576.png\" alt=\"\" class=\"wp-image-1223\" srcset=\"https:\/\/www.ufpb.br\/aseamf\/wp-content\/uploads\/sites\/79\/sites\/155\/2025\/10\/Transparencia_Projetos_UFPB-1024x576.png 1024w, https:\/\/www.ufpb.br\/aseamf\/wp-content\/uploads\/sites\/79\/sites\/155\/2025\/10\/Transparencia_Projetos_UFPB-300x169.png 300w, https:\/\/www.ufpb.br\/aseamf\/wp-content\/uploads\/sites\/79\/sites\/155\/2025\/10\/Transparencia_Projetos_UFPB-768x432.png 768w, https:\/\/www.ufpb.br\/aseamf\/wp-content\/uploads\/sites\/79\/sites\/155\/2025\/10\/Transparencia_Projetos_UFPB.png 1366w\" sizes=\"auto, (max-width: 1024px) 100vw, 1024px\" \/><\/figure>\n\n\n\n<p><strong>Legenda:<\/strong> Exemplo da tela de consulta p\u00fablica no SIPAC\/UFPB. As setas indicam os principais campos que podem ser usados na busca \u2014 como o <strong>Ano de Execu\u00e7\u00e3o<\/strong>, <strong>Processo relacionado<\/strong> e a <strong>entidade participante<\/strong> (exemplo: Funda\u00e7\u00e3o Parque Tecnol\u00f3gico da Para\u00edba). <strong>Esses dados em destaque para buscas espec\u00edficas est\u00e3o dispon\u00edveis neste site, no <a href=\"https:\/\/www.ufpb.br\/aseamf\/convenios-ativos\/\" data-type=\"link\" data-id=\"https:\/\/www.ufpb.br\/aseamf\/convenios-ativos\/\" target=\"_blank\" rel=\"noreferrer noopener\">Painel de Projetos<\/a> ou no <a href=\"https:\/\/www.ufpb.br\/aseamf\/convenios-finalizados\/\" data-type=\"link\" data-id=\"https:\/\/www.ufpb.br\/aseamf\/convenios-finalizados\/\" target=\"_blank\" rel=\"noreferrer noopener\">Monitoramento de Projetos<\/a>.<\/strong><\/p>\n\n\n\n<blockquote class=\"wp-block-quote is-layout-flow wp-block-quote-is-layout-flow\">\n<p>\u26a0\ufe0f <strong>Aten\u00e7\u00e3o:<\/strong> o acesso completo ao sistema SIPAC \u00e9 restrito a usu\u00e1rios institucionais da UFPB (pessoas autorizadas). No entanto, a <strong>consulta p\u00fablica dos conv\u00eanios<\/strong> \u00e9 aberta e pode ser realizada por qualquer cidad\u00e3o interessado em acompanhar a execu\u00e7\u00e3o dos projetos e a aplica\u00e7\u00e3o dos recursos p\u00fablicos.<\/p>\n<\/blockquote>\n\n\n\n<h3 class=\"wp-block-heading has-medium-font-size\"><strong>Transpar\u00eancia e controle social<\/strong><\/h3>\n\n\n\n<p class=\"has-medium-font-size\">A <a href=\"https:\/\/www.ufpb.br\/aseamf\/apresentacao\/\" data-type=\"link\" data-id=\"https:\/\/www.ufpb.br\/aseamf\/apresentacao\/\" target=\"_blank\" rel=\"noreferrer noopener\">ASEAMF<\/a> incentiva todos os cidad\u00e3os a utilizarem o <a href=\"https:\/\/sipac.ufpb.br\/public\/jsp\/portal.jsf;jsessionid=952D0CD0CECCEF69E1237FDA8D521227\" data-type=\"link\" data-id=\"https:\/\/sipac.ufpb.br\/public\/jsp\/portal.jsf;jsessionid=952D0CD0CECCEF69E1237FDA8D521227\" target=\"_blank\" rel=\"noreferrer noopener\">Portal de Conv\u00eanios<\/a> como um canal de <strong>acesso \u00e0 informa\u00e7\u00e3o e de fortalecimento da transpar\u00eancia p\u00fablica<\/strong>. Essa iniciativa contribui para o <strong>controle social<\/strong> e refor\u00e7a o compromisso da universidade com a <strong>gest\u00e3o \u00e9tica e respons\u00e1vel dos recursos p\u00fablicos<\/strong>.<\/p>\n\n\n\n<p><\/p>\n","protected":false},"excerpt":{"rendered":"<p>A Universidade Federal da Para\u00edba (UFPB) mant\u00e9m um Portal de Conv\u00eanios dispon\u00edvel dentro do sistema [&hellip;]<\/p>\n","protected":false},"author":413,"featured_media":0,"parent":0,"menu_order":0,"comment_status":"closed","ping_status":"closed","template":"","meta":{"footnotes":""},"class_list":["post-1055","page","type-page","status-publish","hentry"],"_links":{"self":[{"href":"https:\/\/www.ufpb.br\/aseamf\/wp-json\/wp\/v2\/pages\/1055","targetHints":{"allow":["GET"]}}],"collection":[{"href":"https:\/\/www.ufpb.br\/aseamf\/wp-json\/wp\/v2\/pages"}],"about":[{"href":"https:\/\/www.ufpb.br\/aseamf\/wp-json\/wp\/v2\/types\/page"}],"author":[{"embeddable":true,"href":"https:\/\/www.ufpb.br\/aseamf\/wp-json\/wp\/v2\/users\/413"}],"replies":[{"embeddable":true,"href":"https:\/\/www.ufpb.br\/aseamf\/wp-json\/wp\/v2\/comments?post=1055"}],"version-history":[{"count":24,"href":"https:\/\/www.ufpb.br\/aseamf\/wp-json\/wp\/v2\/pages\/1055\/revisions"}],"predecessor-version":[{"id":1287,"href":"https:\/\/www.ufpb.br\/aseamf\/wp-json\/wp\/v2\/pages\/1055\/revisions\/1287"}],"wp:attachment":[{"href":"https:\/\/www.ufpb.br\/aseamf\/wp-json\/wp\/v2\/media?parent=1055"}],"curies":[{"name":"wp","href":"https:\/\/api.w.org\/{rel}","templated":true}]}}