{"id":1371,"date":"2025-12-15T18:27:19","date_gmt":"2025-12-15T21:27:19","guid":{"rendered":"https:\/\/www.ufpb.br\/aseamf\/?page_id=1371"},"modified":"2026-03-05T16:28:38","modified_gmt":"2026-03-05T19:28:38","slug":"feesc","status":"publish","type":"page","link":"https:\/\/www.ufpb.br\/aseamf\/feesc\/","title":{"rendered":"FEESC"},"content":{"rendered":"<div class=\"wp-block-image\">\n<figure class=\"aligncenter size-full\"><img loading=\"lazy\" decoding=\"async\" width=\"200\" height=\"182\" src=\"http:\/\/www.ufpb.br\/aseamf\/wp-content\/uploads\/sites\/79\/sites\/155\/2025\/12\/Captura-de-tela-2025-12-15-204419-e1765842308626.png\" alt=\"\" class=\"wp-image-1381\" \/><\/figure>\n<\/div>\n\n\n<p class=\"has-black-color has-text-color has-link-color wp-elements-f062ae283e7ecc65289d39c2db669445\">A <strong>Funda\u00e7\u00e3o Stemmer para Pesquisa, Desenvolvimento e Inova\u00e7\u00e3o (FEESC)<\/strong> \u00e9 uma entidade privada, sem fins lucrativos, institu\u00edda em 18 de maio de 1966, regida pelo C\u00f3digo Civil Brasileiro e pela Lei n\u00ba 8.958\/1994. Ao longo de sua trajet\u00f3ria, consolidou-se como agente relevante na gera\u00e7\u00e3o, gest\u00e3o e transfer\u00eancia de conhecimento, contribuindo de forma significativa para o desenvolvimento cient\u00edfico, tecnol\u00f3gico e inovador do pa\u00eds.<\/p>\n\n\n\n<p>Credenciada por ato conjunto dos Minist\u00e9rios da Educa\u00e7\u00e3o e da Ci\u00eancia, Tecnologia e Inova\u00e7\u00e3o, a FEESC atua como funda\u00e7\u00e3o de apoio a diversas institui\u00e7\u00f5es de ensino e pesquisa, incluindo a Universidade Federal de Santa Catarina (UFSC), o Instituto Federal de Santa Catarina (IFSC), a Universidade do Estado de Santa Catarina (UDESC), o Instituto Federal da Para\u00edba (IFPB), entre outras. <\/p>\n\n\n\n<p>No exerc\u00edcio de suas atribui\u00e7\u00f5es<strong>, <\/strong>a FEESC atua na gest\u00e3o de contratos e conv\u00eanios destinados ao ensino, \u00e0 pesquisa, \u00e0 extens\u00e3o e ao desenvolvimento institucional, cient\u00edfico e tecnol\u00f3gico, promovendo a integra\u00e7\u00e3o entre universidades, institui\u00e7\u00f5es p\u00fablicas e o setor produtivo, com foco na inova\u00e7\u00e3o e na amplia\u00e7\u00e3o do impacto social do conhecimento cient\u00edfico.<\/p>\n\n\n\n<p>Na reuni\u00e3o ordin\u00e1ria do Conselho Universit\u00e1rio da UFPB (CONSUNI) realizada em 31 de mar\u00e7o de 2025, foi aprovada, no \u00e2mbito da UFPB, a autoriza\u00e7\u00e3o para que a FEESC atue como funda\u00e7\u00e3o de apoio da Universidade, conforme demonstra <a href=\"http:\/\/www.ufpb.br\/aseamf\/wp-content\/uploads\/sites\/79\/sites\/155\/2026\/03\/Ata-da-Reuniao-Ordinaria-do-Consuni-no-2_2025-Realizada-em-31-03-2025.pdf\" target=\"_blank\" rel=\"noreferrer noopener\">a ata da referida reuni\u00e3o<\/a>. Ap\u00f3s essa aprova\u00e7\u00e3o institucional, a documenta\u00e7\u00e3o pertinente foi encaminhada ao Minist\u00e9rio da Educa\u00e7\u00e3o (MEC) para an\u00e1lise e avalia\u00e7\u00e3o da autoriza\u00e7\u00e3o.<\/p>\n\n\n\n<p>Como resultado desse processo, desde 3 de dezembro, data da publica\u00e7\u00e3o no Di\u00e1rio Oficial da Uni\u00e3o da <a href=\"http:\/\/www.ufpb.br\/aseamf\/wp-content\/uploads\/sites\/79\/sites\/155\/2025\/12\/Portaria-FEESC-2025.pdf\" target=\"_blank\" rel=\"noreferrer noopener\">Portaria n\u00ba 272<\/a>, de 28 de novembro, a FEESC encontra-se formalmente autorizada a atuar como funda\u00e7\u00e3o de apoio parceira da UFPB.<\/p>\n\n\n\n<p><\/p>\n\n\n\n<p><\/p>\n","protected":false},"excerpt":{"rendered":"<p>A Funda\u00e7\u00e3o Stemmer para Pesquisa, Desenvolvimento e Inova\u00e7\u00e3o (FEESC) \u00e9 uma entidade privada, sem fins [&hellip;]<\/p>\n","protected":false},"author":91,"featured_media":1381,"parent":0,"menu_order":0,"comment_status":"open","ping_status":"closed","template":"","meta":{"footnotes":""},"class_list":["post-1371","page","type-page","status-publish","has-post-thumbnail","hentry"],"_links":{"self":[{"href":"https:\/\/www.ufpb.br\/aseamf\/wp-json\/wp\/v2\/pages\/1371","targetHints":{"allow":["GET"]}}],"collection":[{"href":"https:\/\/www.ufpb.br\/aseamf\/wp-json\/wp\/v2\/pages"}],"about":[{"href":"https:\/\/www.ufpb.br\/aseamf\/wp-json\/wp\/v2\/types\/page"}],"author":[{"embeddable":true,"href":"https:\/\/www.ufpb.br\/aseamf\/wp-json\/wp\/v2\/users\/91"}],"replies":[{"embeddable":true,"href":"https:\/\/www.ufpb.br\/aseamf\/wp-json\/wp\/v2\/comments?post=1371"}],"version-history":[{"count":5,"href":"https:\/\/www.ufpb.br\/aseamf\/wp-json\/wp\/v2\/pages\/1371\/revisions"}],"predecessor-version":[{"id":1424,"href":"https:\/\/www.ufpb.br\/aseamf\/wp-json\/wp\/v2\/pages\/1371\/revisions\/1424"}],"wp:featuredmedia":[{"embeddable":true,"href":"https:\/\/www.ufpb.br\/aseamf\/wp-json\/wp\/v2\/media\/1381"}],"wp:attachment":[{"href":"https:\/\/www.ufpb.br\/aseamf\/wp-json\/wp\/v2\/media?parent=1371"}],"curies":[{"name":"wp","href":"https:\/\/api.w.org\/{rel}","templated":true}]}}