{"id":20,"date":"2024-03-02T11:19:30","date_gmt":"2024-03-02T11:19:30","guid":{"rendered":"https:\/\/www.ufpb.br\/aseamf\/?page_id=20"},"modified":"2026-02-04T11:08:43","modified_gmt":"2026-02-04T14:08:43","slug":"apresentacao","status":"publish","type":"page","link":"https:\/\/www.ufpb.br\/aseamf\/apresentacao\/","title":{"rendered":"Apresenta\u00e7\u00e3o"},"content":{"rendered":"\n<p class=\"has-medium-font-size\">A <strong>Assessoria Especial de Acompanhamento e Monitoramento das Funda\u00e7\u00f5es (ASEAMF)<\/strong> foi criada pela <strong><a href=\"https:\/\/www.ufpb.br\/aseamf\/wp-content\/uploads\/sites\/79\/sites\/155\/2025\/10\/Runi35_2013.pdf\" data-type=\"link\" data-id=\"https:\/\/www.ufpb.br\/aseamf\/wp-content\/uploads\/sites\/79\/sites\/155\/2025\/10\/Runi35_2013.pdf\" target=\"_blank\" rel=\"noreferrer noopener\">Resolu\u00e7\u00e3o n\u00ba 35 da Universidade Federal da Para\u00edba (UFPB)<\/a><\/strong>, com a miss\u00e3o de fortalecer os mecanismos de acompanhamento, controle e transpar\u00eancia na rela\u00e7\u00e3o da Universidade com as suas funda\u00e7\u00f5es de apoio. Atualmente, a ASSEAMF monitora os projetos conveniados com a UFPB de 6 (seis) funda\u00e7\u00f5es de apoio, s\u00e3o elas: <a href=\"https:\/\/www.ufpb.br\/aseamf\/fade-pe\/\" data-type=\"link\" data-id=\"https:\/\/www.ufpb.br\/aseamf\/fade-pe\/\" target=\"_blank\" rel=\"noreferrer noopener\">FADE-PE<\/a>; <a href=\"https:\/\/www.ufpb.br\/aseamf\/funarbe-mg\/\" data-type=\"link\" data-id=\"https:\/\/www.ufpb.br\/aseamf\/funarbe-mg\/\" target=\"_blank\" rel=\"noreferrer noopener\">FUNARBE-MG<\/a>; <a href=\"https:\/\/www.ufpb.br\/aseamf\/funpec-rn\/\" data-type=\"link\" data-id=\"https:\/\/www.ufpb.br\/aseamf\/funpec-rn\/\" target=\"_blank\" rel=\"noreferrer noopener\">FUNPEC-RN<\/a>; <a href=\"https:\/\/www.ufpb.br\/aseamf\/funetec-pb\/\" data-type=\"link\" data-id=\"https:\/\/www.ufpb.br\/aseamf\/funetec-pb\/\" target=\"_blank\" rel=\"noreferrer noopener\">FUNETEC-PB<\/a>, <a href=\"https:\/\/www.ufpb.br\/aseamf\/paqtec-pb\/\" data-type=\"link\" data-id=\"https:\/\/www.ufpb.br\/aseamf\/paqtec-pb\/\" target=\"_blank\" rel=\"noreferrer noopener\">PAQTC-PB<\/a>.<\/p>\n\n\n\n<p class=\"has-medium-font-size\">As funda\u00e7\u00f5es de apoio exercem papel estrat\u00e9gico na gest\u00e3o administrativa e financeira de projetos de ensino, pesquisa, extens\u00e3o, inova\u00e7\u00e3o e desenvolvimento institucional. Para tanto, a <strong><a href=\"https:\/\/www.ufpb.br\/aseamf\/wp-content\/uploads\/sites\/79\/sites\/155\/2024\/09\/Lei-8.958-94.pdf\" data-type=\"link\" data-id=\"https:\/\/www.ufpb.br\/aseamf\/wp-content\/uploads\/sites\/79\/sites\/155\/2024\/09\/Lei-8.958-94.pdf\" target=\"_blank\" rel=\"noreferrer noopener\">Lei n\u00ba 8.958\/1994<\/a><\/strong> estabelece as bases jur\u00eddicas para a atua\u00e7\u00e3o dessas entidades em parceria com as Institui\u00e7\u00f5es Federais de Ensino Superior (IFES) e Institui\u00e7\u00f5es Cient\u00edficas e Tecnol\u00f3gicas (ICTs).<\/p>\n\n\n\n<p class=\"has-medium-font-size\">A regulamenta\u00e7\u00e3o foi complementada por normas como a <strong><a href=\"https:\/\/www.ufpb.br\/aseamf\/wp-content\/uploads\/sites\/79\/sites\/155\/2024\/09\/Portaria-Interministerial-No-191-de-13-de-Marco-de-2012.pdf\" data-type=\"link\" data-id=\"https:\/\/www.ufpb.br\/aseamf\/wp-content\/uploads\/sites\/79\/sites\/155\/2024\/09\/Portaria-Interministerial-No-191-de-13-de-Marco-de-2012.pdf\">Portaria Interministerial n\u00ba 191\/2012<\/a><\/strong>, que define as condi\u00e7\u00f5es para que funda\u00e7\u00f5es possam apoiar diferentes ICTs, e o <strong><a href=\"https:\/\/www.ufpb.br\/aseamf\/wp-content\/uploads\/sites\/79\/sites\/155\/2024\/05\/Decreto-9.283-de-7-de-Fevereiro-de-2018.pdf\" data-type=\"link\" data-id=\"https:\/\/www.ufpb.br\/aseamf\/wp-content\/uploads\/sites\/79\/sites\/155\/2024\/05\/Decreto-9.283-de-7-de-Fevereiro-de-2018.pdf\">Decreto n\u00ba 9.283\/2018<\/a><\/strong>, que fortalece o marco legal da ci\u00eancia, tecnologia e inova\u00e7\u00e3o no Brasil.<\/p>\n\n\n\n<p class=\"has-medium-font-size\">Nesse cen\u00e1rio, a ASEAMF desempenha fun\u00e7\u00f5es essenciais para a UFPB, entre as quais se destacam:<\/p>\n\n\n\n<ul class=\"wp-block-list\">\n<li class=\"has-medium-font-size\"><strong>Acompanhar e monitorar<\/strong> os conv\u00eanios e contratos firmados entre a UFPB e suas funda\u00e7\u00f5es de apoio;<\/li>\n\n\n\n<li class=\"has-medium-font-size\"><strong>Verificar a regularidade jur\u00eddica, fiscal e administrativa<\/strong> das funda\u00e7\u00f5es parceiras;<\/li>\n\n\n\n<li class=\"has-medium-font-size\"><strong>Assegurar conformidade<\/strong> com a legisla\u00e7\u00e3o federal e com os objetivos institucionais da UFPB;<\/li>\n\n\n\n<li class=\"has-medium-font-size\"><strong>Promover transpar\u00eancia e efici\u00eancia<\/strong> na execu\u00e7\u00e3o de projetos de ensino, pesquisa, extens\u00e3o e inova\u00e7\u00e3o;<\/li>\n\n\n\n<li class=\"has-medium-font-size\"><strong>Apoiar a administra\u00e7\u00e3o universit\u00e1ria<\/strong> na tomada de decis\u00f5es estrat\u00e9gicas envolvendo as funda\u00e7\u00f5es de apoio.<\/li>\n<\/ul>\n\n\n\n<p class=\"has-medium-font-size\">Com isso, a <strong>ASEAMF se consolida como um instrumento de governan\u00e7a institucional<\/strong>, garantindo que as parcerias da UFPB com suas funda\u00e7\u00f5es de apoio sejam conduzidas com legalidade, transpar\u00eancia e alinhamento \u00e0 miss\u00e3o acad\u00eamica e cient\u00edfica da Universidade. <\/p>\n\n\n<div class=\"wp-block-image\">\n<figure class=\"aligncenter size-full is-resized\"><img loading=\"lazy\" decoding=\"async\" width=\"819\" height=\"819\" src=\"http:\/\/www.ufpb.br\/aseamf\/wp-content\/uploads\/sites\/79\/sites\/155\/2025\/04\/nova.png\" alt=\"\" class=\"wp-image-855\" style=\"width:400px;height:auto\" srcset=\"https:\/\/www.ufpb.br\/aseamf\/wp-content\/uploads\/sites\/79\/sites\/155\/2025\/04\/nova.png 819w, https:\/\/www.ufpb.br\/aseamf\/wp-content\/uploads\/sites\/79\/sites\/155\/2025\/04\/nova-300x300.png 300w, https:\/\/www.ufpb.br\/aseamf\/wp-content\/uploads\/sites\/79\/sites\/155\/2025\/04\/nova-150x150.png 150w, https:\/\/www.ufpb.br\/aseamf\/wp-content\/uploads\/sites\/79\/sites\/155\/2025\/04\/nova-768x768.png 768w\" sizes=\"auto, (max-width: 819px) 100vw, 819px\" \/><\/figure>\n<\/div>\n\n\n<hr class=\"wp-block-separator has-alpha-channel-opacity\" \/>\n","protected":false},"excerpt":{"rendered":"<p>A Assessoria Especial de Acompanhamento e Monitoramento das Funda\u00e7\u00f5es (ASEAMF) foi criada pela Resolu\u00e7\u00e3o n\u00ba [&hellip;]<\/p>\n","protected":false},"author":47,"featured_media":166,"parent":0,"menu_order":0,"comment_status":"closed","ping_status":"closed","template":"","meta":{"footnotes":""},"class_list":["post-20","page","type-page","status-publish","has-post-thumbnail","hentry"],"_links":{"self":[{"href":"https:\/\/www.ufpb.br\/aseamf\/wp-json\/wp\/v2\/pages\/20","targetHints":{"allow":["GET"]}}],"collection":[{"href":"https:\/\/www.ufpb.br\/aseamf\/wp-json\/wp\/v2\/pages"}],"about":[{"href":"https:\/\/www.ufpb.br\/aseamf\/wp-json\/wp\/v2\/types\/page"}],"author":[{"embeddable":true,"href":"https:\/\/www.ufpb.br\/aseamf\/wp-json\/wp\/v2\/users\/47"}],"replies":[{"embeddable":true,"href":"https:\/\/www.ufpb.br\/aseamf\/wp-json\/wp\/v2\/comments?post=20"}],"version-history":[{"count":25,"href":"https:\/\/www.ufpb.br\/aseamf\/wp-json\/wp\/v2\/pages\/20\/revisions"}],"predecessor-version":[{"id":1394,"href":"https:\/\/www.ufpb.br\/aseamf\/wp-json\/wp\/v2\/pages\/20\/revisions\/1394"}],"wp:featuredmedia":[{"embeddable":true,"href":"https:\/\/www.ufpb.br\/aseamf\/wp-json\/wp\/v2\/media\/166"}],"wp:attachment":[{"href":"https:\/\/www.ufpb.br\/aseamf\/wp-json\/wp\/v2\/media?parent=20"}],"curies":[{"name":"wp","href":"https:\/\/api.w.org\/{rel}","templated":true}]}}