{"id":21,"date":"2024-03-02T11:19:30","date_gmt":"2024-03-02T11:19:30","guid":{"rendered":"https:\/\/www.ufpb.br\/aseamf\/?page_id=21"},"modified":"2026-03-25T14:49:23","modified_gmt":"2026-03-25T17:49:23","slug":"equipe","status":"publish","type":"page","link":"https:\/\/www.ufpb.br\/aseamf\/equipe\/","title":{"rendered":"Equipe"},"content":{"rendered":"\n<p class=\"has-medium-font-size\"><strong>Maria Jos\u00e9 de Figueiredo<\/strong><\/p>\n\n\n\n<p>Presidenta da ASEAMF<\/p>\n\n\n\n<hr class=\"wp-block-separator has-alpha-channel-opacity\" \/>\n\n\n\n<p class=\"has-medium-font-size\"><strong>Camilla da Rocha Bezerril Kutelak<\/strong><\/p>\n\n\n\n<p>Cargo: Assistente em Administra\u00e7\u00e3o<\/p>\n\n\n\n<p>Bacharela em Direito \/ MBA em Per\u00edcia Cont\u00e1bil, Planejamento e Gest\u00e3o Tribut\u00e1ria<\/p>\n\n\n\n<p>email: camillakutelak@reitoria.ufpb.br<\/p>\n\n\n\n<hr class=\"wp-block-separator has-alpha-channel-opacity\" \/>\n\n\n\n<p class=\"has-medium-font-size\"><strong>Edson Soares da Silva<\/strong><\/p>\n\n\n\n<p>Cargo: T\u00e9cnico em Contabilidade<\/p>\n\n\n\n<p>Graduado em Ci\u00eancias Cont\u00e1beis \/ P\u00f3s-graduado em Contabilidade P\u00fablica e Responsabilidade Fiscal \/ Mestre em Gest\u00e3o das Organiza\u00e7\u00f5es Aprendentes<\/p>\n\n\n\n<p>email: edson_ss1@hotmail.com<\/p>\n\n\n\n<hr class=\"wp-block-separator has-alpha-channel-opacity\" \/>\n\n\n\n<p class=\"has-medium-font-size\"><strong>Emanuel Caetano da Silva<\/strong><\/p>\n\n\n\n<p>Cargo: Tecn\u00f3logo Forma\u00e7\u00e3o em Gest\u00e3o P\u00fablica <\/p>\n\n\n\n<p>Bacharel em Gest\u00e3o de Pol\u00edticas P\u00fablicas \/ P\u00f3s-graduado em Gest\u00e3o de Projetos e Suprimentos \/ Mestre em Gest\u00e3o das Organiza\u00e7\u00f5es Aprendentes<\/p>\n\n\n\n<p>email: emanuelcaetano@reitoria.ufpb.br<\/p>\n\n\n\n<hr class=\"wp-block-separator has-alpha-channel-opacity\" \/>\n\n\n\n<p class=\"has-medium-font-size\"><strong>Sergio Jim\u00e9nez Caballero<\/strong><\/p>\n\n\n\n<p>Cargo: Economista<\/p>\n\n\n\n<p>Graduado em Ci\u00eancias Econ\u00f4micas \/ Mestre em Economia e em Educa\u00e7\u00e3o<\/p>\n\n\n\n<p>email: scaballero@reitoria.ufpb.br<\/p>\n\n\n\n<p><\/p>\n","protected":false},"excerpt":{"rendered":"<p>A equipe est\u00e1 conformada por tr\u00eas servidores de distintas \u00e1reas que se complementam&#8230;&#8230;<\/p>\n","protected":false},"author":47,"featured_media":0,"parent":0,"menu_order":0,"comment_status":"closed","ping_status":"closed","template":"","meta":{"footnotes":""},"class_list":["post-21","page","type-page","status-publish","hentry"],"_links":{"self":[{"href":"https:\/\/www.ufpb.br\/aseamf\/wp-json\/wp\/v2\/pages\/21","targetHints":{"allow":["GET"]}}],"collection":[{"href":"https:\/\/www.ufpb.br\/aseamf\/wp-json\/wp\/v2\/pages"}],"about":[{"href":"https:\/\/www.ufpb.br\/aseamf\/wp-json\/wp\/v2\/types\/page"}],"author":[{"embeddable":true,"href":"https:\/\/www.ufpb.br\/aseamf\/wp-json\/wp\/v2\/users\/47"}],"replies":[{"embeddable":true,"href":"https:\/\/www.ufpb.br\/aseamf\/wp-json\/wp\/v2\/comments?post=21"}],"version-history":[{"count":16,"href":"https:\/\/www.ufpb.br\/aseamf\/wp-json\/wp\/v2\/pages\/21\/revisions"}],"predecessor-version":[{"id":1441,"href":"https:\/\/www.ufpb.br\/aseamf\/wp-json\/wp\/v2\/pages\/21\/revisions\/1441"}],"wp:attachment":[{"href":"https:\/\/www.ufpb.br\/aseamf\/wp-json\/wp\/v2\/media?parent=21"}],"curies":[{"name":"wp","href":"https:\/\/api.w.org\/{rel}","templated":true}]}}