{"id":947,"date":"2025-09-30T16:44:26","date_gmt":"2025-09-30T19:44:26","guid":{"rendered":"https:\/\/www.ufpb.br\/aseamf\/?page_id=947"},"modified":"2026-03-06T09:59:49","modified_gmt":"2026-03-06T12:59:49","slug":"fade-pe","status":"publish","type":"page","link":"https:\/\/www.ufpb.br\/aseamf\/fade-pe\/","title":{"rendered":"FADE &#8211; PE"},"content":{"rendered":"<div class=\"wp-block-image\">\n<figure class=\"aligncenter size-large is-resized\"><img loading=\"lazy\" decoding=\"async\" width=\"1024\" height=\"1024\" src=\"http:\/\/www.ufpb.br\/aseamf\/wp-content\/uploads\/sites\/79\/sites\/155\/2025\/09\/Vermelha-horizontal-01-1024x1024.png\" alt=\"\" class=\"wp-image-919\" style=\"width:256px;height:auto\" srcset=\"https:\/\/www.ufpb.br\/aseamf\/wp-content\/uploads\/sites\/79\/sites\/155\/2025\/09\/Vermelha-horizontal-01-1024x1024.png 1024w, https:\/\/www.ufpb.br\/aseamf\/wp-content\/uploads\/sites\/79\/sites\/155\/2025\/09\/Vermelha-horizontal-01-300x300.png 300w, https:\/\/www.ufpb.br\/aseamf\/wp-content\/uploads\/sites\/79\/sites\/155\/2025\/09\/Vermelha-horizontal-01-150x150.png 150w, https:\/\/www.ufpb.br\/aseamf\/wp-content\/uploads\/sites\/79\/sites\/155\/2025\/09\/Vermelha-horizontal-01-768x768.png 768w, https:\/\/www.ufpb.br\/aseamf\/wp-content\/uploads\/sites\/79\/sites\/155\/2025\/09\/Vermelha-horizontal-01-1536x1536.png 1536w, https:\/\/www.ufpb.br\/aseamf\/wp-content\/uploads\/sites\/79\/sites\/155\/2025\/09\/Vermelha-horizontal-01.png 1772w\" sizes=\"auto, (max-width: 1024px) 100vw, 1024px\" \/><\/figure>\n<\/div>\n\n\n<p class=\"has-medium-font-size\">A Funda\u00e7\u00e3o de Apoio ao Desenvolvimento da Universidade Federal de Pernambuco (FADE-UFPE), criada em 10 de agosto de 1981, \u00e9 uma funda\u00e7\u00e3o de direito privado, sem fins lucrativos, que atua no apoio a projetos de ensino, pesquisa, extens\u00e3o e desenvolvimento institucional, cient\u00edfico e tecnol\u00f3gico.<\/p>\n\n\n\n<p class=\"has-medium-font-size\">Reconhecida pela solidez na gest\u00e3o e execu\u00e7\u00e3o de projetos, a FADE-UFPE \u00e9 credenciada pelo MEC e MCTI, e fiscalizada por \u00f3rg\u00e3os como o Minist\u00e9rio P\u00fablico de Pernambuco, a Controladoria-Geral da Uni\u00e3o (CGU) e o Tribunal de Contas da Uni\u00e3o (TCU).<\/p>\n\n\n\n<p class=\"has-medium-font-size\">Al\u00e9m da UFPE, a Funda\u00e7\u00e3o tamb\u00e9m apoia outras institui\u00e7\u00f5es federais de ensino e pesquisa, como <strong>UFPB<\/strong>, Univasf, UFAPE, UFS, IFPE, IF Sert\u00e3o-PE, hospitais universit\u00e1rios (EBSERH) e a Funda\u00e7\u00e3o Joaquim Nabuco.<\/p>\n\n\n\n<p class=\"has-medium-font-size\">Com sua atua\u00e7\u00e3o, a FADE-UFPE funciona como elo entre universidades, institutos e \u00f3rg\u00e3os financiadores, garantindo transpar\u00eancia, capta\u00e7\u00e3o e aplica\u00e7\u00e3o de recursos em benef\u00edcio da sociedade.<\/p>\n\n\n\n<p class=\"has-medium-font-size\">Em reuni\u00e3o extraordin\u00e1ria realizada em 11 de novembro de 2025, o Conselho Universit\u00e1rio da UFPB (CONSUNI) <a href=\"http:\/\/www.ufpb.br\/aseamf\/wp-content\/uploads\/sites\/79\/sites\/155\/2026\/03\/Ata_Sumria_Consuni_Reunio_Extraordinria_n._13.2025_realizada_no_dia_11_de_no.pdf\" target=\"_blank\" rel=\"noreferrer noopener\">aprovou a renova\u00e7\u00e3o da autoriza\u00e7\u00e3o <\/a>para que a FADE continue atuando como funda\u00e7\u00e3o de apoio da institui\u00e7\u00e3o. Ap\u00f3s o tr\u00e2mite interno, o processo foi submetido ao Minist\u00e9rio da Educa\u00e7\u00e3o (MEC) para an\u00e1lise t\u00e9cnica.<\/p>\n\n\n\n<p class=\"has-medium-font-size\">A FADE teve renovada sua autoriza\u00e7\u00e3o para atuar como funda\u00e7\u00e3o de apoio \u00e0 UFPB pelo prazo de 1 (um) ano, conforme disposto na <a href=\"http:\/\/www.ufpb.br\/aseamf\/wp-content\/uploads\/sites\/79\/sites\/155\/2026\/01\/Portaria-Renovacao-FADE-5-JAN-2026.pdf\" target=\"_blank\" rel=\"noreferrer noopener\">Portaria Conjunta MEC\/MCTI n\u00ba 350<\/a>, de 5 de janeiro de 2026. A renova\u00e7\u00e3o assegura a continuidade do apoio da FADE \u00e0 execu\u00e7\u00e3o de projetos institucionais da UFPB, em conformidade com a legisla\u00e7\u00e3o vigente e com as normas aplic\u00e1veis \u00e0s funda\u00e7\u00f5es de apoio.<\/p>\n\n\n\n<p class=\"has-medium-font-size\">Clique <a href=\"https:\/\/fade.org.br\/\" data-type=\"link\" data-id=\"https:\/\/fade.org.br\/\" target=\"_blank\" rel=\"noreferrer noopener\">aqui<\/a> e saiba mais.<\/p>\n\n\n\n<p><\/p>\n","protected":false},"excerpt":{"rendered":"<p>A Funda\u00e7\u00e3o de Apoio ao Desenvolvimento da Universidade Federal de Pernambuco (FADE-UFPE), criada em 10 [&hellip;]<\/p>\n","protected":false},"author":413,"featured_media":0,"parent":0,"menu_order":0,"comment_status":"closed","ping_status":"closed","template":"","meta":{"footnotes":""},"class_list":["post-947","page","type-page","status-publish","hentry"],"_links":{"self":[{"href":"https:\/\/www.ufpb.br\/aseamf\/wp-json\/wp\/v2\/pages\/947","targetHints":{"allow":["GET"]}}],"collection":[{"href":"https:\/\/www.ufpb.br\/aseamf\/wp-json\/wp\/v2\/pages"}],"about":[{"href":"https:\/\/www.ufpb.br\/aseamf\/wp-json\/wp\/v2\/types\/page"}],"author":[{"embeddable":true,"href":"https:\/\/www.ufpb.br\/aseamf\/wp-json\/wp\/v2\/users\/413"}],"replies":[{"embeddable":true,"href":"https:\/\/www.ufpb.br\/aseamf\/wp-json\/wp\/v2\/comments?post=947"}],"version-history":[{"count":10,"href":"https:\/\/www.ufpb.br\/aseamf\/wp-json\/wp\/v2\/pages\/947\/revisions"}],"predecessor-version":[{"id":1432,"href":"https:\/\/www.ufpb.br\/aseamf\/wp-json\/wp\/v2\/pages\/947\/revisions\/1432"}],"wp:attachment":[{"href":"https:\/\/www.ufpb.br\/aseamf\/wp-json\/wp\/v2\/media?parent=947"}],"curies":[{"name":"wp","href":"https:\/\/api.w.org\/{rel}","templated":true}]}}