{"id":949,"date":"2025-09-30T16:46:26","date_gmt":"2025-09-30T19:46:26","guid":{"rendered":"https:\/\/www.ufpb.br\/aseamf\/?page_id=949"},"modified":"2026-03-06T10:11:40","modified_gmt":"2026-03-06T13:11:40","slug":"funarbe-mg","status":"publish","type":"page","link":"https:\/\/www.ufpb.br\/aseamf\/funarbe-mg\/","title":{"rendered":"FUNARBE-MG"},"content":{"rendered":"<div class=\"wp-block-image\">\n<figure class=\"aligncenter size-full is-resized\"><img loading=\"lazy\" decoding=\"async\" width=\"497\" height=\"119\" src=\"https:\/\/www.ufpb.br\/aseamf\/wp-content\/uploads\/sites\/79\/sites\/155\/2025\/12\/Logo-Site_Prancheta-1-1.png\" alt=\"\" class=\"wp-image-1344\" style=\"aspect-ratio:4.176198805580996;width:296px;height:auto\" srcset=\"https:\/\/www.ufpb.br\/aseamf\/wp-content\/uploads\/sites\/79\/sites\/155\/2025\/12\/Logo-Site_Prancheta-1-1.png 497w, https:\/\/www.ufpb.br\/aseamf\/wp-content\/uploads\/sites\/79\/sites\/155\/2025\/12\/Logo-Site_Prancheta-1-1-300x72.png 300w\" sizes=\"auto, (max-width: 497px) 100vw, 497px\" \/><\/figure>\n<\/div>\n\n\n<p><\/p>\n\n\n\n<p class=\"has-medium-font-size\">Com uma trajet\u00f3ria consolidada desde 1979, a Funda\u00e7\u00e3o Arthur Bernardes (FUNARBE) atua na promo\u00e7\u00e3o do desenvolvimento cient\u00edfico, tecnol\u00f3gico e social no Brasil. Como funda\u00e7\u00e3o de apoio \u00e0 Universidade Federal de Vi\u00e7osa (UFV) e a outras institui\u00e7\u00f5es de reconhecida relev\u00e2ncia, desempenha um papel estrat\u00e9gico na gest\u00e3o administrativa e financeira de projetos de ensino, pesquisa e extens\u00e3o, contribuindo para que o conhecimento gerado se traduza em benef\u00edcios concretos para a sociedade.<\/p>\n\n\n\n<p class=\"has-medium-font-size\">Nesse contexto de colabora\u00e7\u00e3o com institui\u00e7\u00f5es de ensino superior, a FUNARBE e a UFPB iniciaram os tr\u00e2mites necess\u00e1rios para a formaliza\u00e7\u00e3o da parceria. Ap\u00f3s a solicita\u00e7\u00e3o de autoriza\u00e7\u00e3o e a devida tramita\u00e7\u00e3o processual, o <a href=\"http:\/\/www.ufpb.br\/aseamf\/wp-content\/uploads\/sites\/79\/sites\/155\/2026\/03\/Ata_Sumria_Consuni_Reunio_Ordinria_n._07.2025_realizada_no_dia_30_de_setembr.pdf\" target=\"_blank\" rel=\"noreferrer noopener\">Conselho Universit\u00e1rio da UFPB (CONSUNI) aprovou<\/a>, em reuni\u00e3o ordin\u00e1ria realizada em 30 de setembro de 2025, a continuidade da FUNARBE como funda\u00e7\u00e3o de apoio da institui\u00e7\u00e3o. Conclu\u00edda a etapa interna, o processo foi encaminhado ao Minist\u00e9rio da Educa\u00e7\u00e3o (MEC) para an\u00e1lise t\u00e9cnica e ratifica\u00e7\u00e3o.<\/p>\n\n\n\n<p class=\"has-medium-font-size\">A FUNARBE foi autorizada pelo GAT\/MEC a exercer como Funda\u00e7\u00e3o de Apoio \u00e0  UFPB, conforme estabelece a <a href=\"https:\/\/www.ufpb.br\/aseamf\/wp-content\/uploads\/sites\/79\/sites\/155\/2025\/12\/PORTARIA-CONJUNTA-No-276-DE-28-DE-NOVEMBRO-DE-2025-PORTARIA-CONJUNTA-No-276-DE-28-DE-NOVEMBRO-DE-2025-DOU-Imprensa-Nacional.pdf\" data-type=\"attachment\" data-id=\"1335\" target=\"_blank\" rel=\"noreferrer noopener\">Portaria Conjunta n\u00ba 276, de 28 de novembro de 2025<\/a>. Essa autoriza\u00e7\u00e3o viabiliza, pelo per\u00edodo de um ano, a atua\u00e7\u00e3o no gerenciamento administrativo de projetos, ampliando o alcance institucional e fortalecendo parcerias acad\u00eamicas e cient\u00edficas.<\/p>\n\n\n\n<p><\/p>\n\n\n\n<p><\/p>\n","protected":false},"excerpt":{"rendered":"<p>Com uma trajet\u00f3ria consolidada desde 1979, a Funda\u00e7\u00e3o Arthur Bernardes (FUNARBE) atua na promo\u00e7\u00e3o do [&hellip;]<\/p>\n","protected":false},"author":413,"featured_media":0,"parent":0,"menu_order":0,"comment_status":"closed","ping_status":"closed","template":"","meta":{"footnotes":""},"class_list":["post-949","page","type-page","status-publish","hentry"],"_links":{"self":[{"href":"https:\/\/www.ufpb.br\/aseamf\/wp-json\/wp\/v2\/pages\/949","targetHints":{"allow":["GET"]}}],"collection":[{"href":"https:\/\/www.ufpb.br\/aseamf\/wp-json\/wp\/v2\/pages"}],"about":[{"href":"https:\/\/www.ufpb.br\/aseamf\/wp-json\/wp\/v2\/types\/page"}],"author":[{"embeddable":true,"href":"https:\/\/www.ufpb.br\/aseamf\/wp-json\/wp\/v2\/users\/413"}],"replies":[{"embeddable":true,"href":"https:\/\/www.ufpb.br\/aseamf\/wp-json\/wp\/v2\/comments?post=949"}],"version-history":[{"count":8,"href":"https:\/\/www.ufpb.br\/aseamf\/wp-json\/wp\/v2\/pages\/949\/revisions"}],"predecessor-version":[{"id":1434,"href":"https:\/\/www.ufpb.br\/aseamf\/wp-json\/wp\/v2\/pages\/949\/revisions\/1434"}],"wp:attachment":[{"href":"https:\/\/www.ufpb.br\/aseamf\/wp-json\/wp\/v2\/media?parent=949"}],"curies":[{"name":"wp","href":"https:\/\/api.w.org\/{rel}","templated":true}]}}