{"id":951,"date":"2025-09-30T16:46:46","date_gmt":"2025-09-30T19:46:46","guid":{"rendered":"https:\/\/www.ufpb.br\/aseamf\/?page_id=951"},"modified":"2026-03-05T16:41:28","modified_gmt":"2026-03-05T19:41:28","slug":"funpec-rn","status":"publish","type":"page","link":"https:\/\/www.ufpb.br\/aseamf\/funpec-rn\/","title":{"rendered":"FUNPEC-RN"},"content":{"rendered":"<div class=\"wp-block-image is-style-default\">\n<figure class=\"aligncenter size-full\"><img loading=\"lazy\" decoding=\"async\" width=\"281\" height=\"66\" src=\"https:\/\/www.ufpb.br\/aseamf\/wp-content\/uploads\/sites\/79\/sites\/155\/2025\/12\/Captura-de-tela-2025-12-16-085230.png\" alt=\"\" class=\"wp-image-1385\" \/><\/figure>\n<\/div>\n\n\n<p><\/p>\n\n\n\n<p>A <strong>Funda\u00e7\u00e3o Norte-Rio-Grandense de Pesquisa e Cultura (FUNPEC)<\/strong>, criada em 1978 e vinculada \u00e0 Universidade Federal do Rio Grande do Norte (UFRN), atua no apoio e gerenciamento de projetos de pesquisa, ensino, extens\u00e3o, inova\u00e7\u00e3o e desenvolvimento institucional, adotando pr\u00e1ticas modernas de gest\u00e3o pautadas pela \u00e9tica, transpar\u00eancia e efici\u00eancia.<\/p>\n\n\n\n<p>Na reuni\u00e3o ordin\u00e1ria do Conselho Universit\u00e1rio da UFPB (CONSUNI) realizada em 30 de setembro de 2025, foi aprovada, no \u00e2mbito da UFPB, a autoriza\u00e7\u00e3o para que a FUNPEC atue como funda\u00e7\u00e3o de apoio da Universidade, conforme registrado <a href=\"http:\/\/www.ufpb.br\/aseamf\/wp-content\/uploads\/sites\/79\/sites\/155\/2026\/03\/Ata_Sumria_Consuni_Reunio_Ordinria_n._07.2025_realizada_no_dia_30_de_setembr.pdf\" target=\"_blank\" rel=\"noreferrer noopener\">na ata da referida reuni\u00e3<\/a>o. Ap\u00f3s essa delibera\u00e7\u00e3o do Conselho, a documenta\u00e7\u00e3o correspondente foi encaminhada ao Minist\u00e9rio da Educa\u00e7\u00e3o (MEC) para fins de an\u00e1lise e manifesta\u00e7\u00e3o quanto \u00e0 autoriza\u00e7\u00e3o.<\/p>\n\n\n\n<p>Conclu\u00edda a avalia\u00e7\u00e3o pelos \u00f3rg\u00e3os competentes, foi publicada no Di\u00e1rio Oficial da Uni\u00e3o, em 3 de dezembro, a <a href=\"http:\/\/www.ufpb.br\/aseamf\/wp-content\/uploads\/sites\/79\/sites\/155\/2025\/12\/Portaria-FUNPEC-2025.pdf\" target=\"_blank\" rel=\"noreferrer noopener\">Portaria n\u00ba 299<\/a>, de 28 de novembro, por meio da qual a FUNPEC passou a estar formalmente autorizada a atuar como funda\u00e7\u00e3o de apoio parceira da Universidade Federal da Para\u00edba (UFPB).<\/p>\n","protected":false},"excerpt":{"rendered":"<p>A Funda\u00e7\u00e3o Norte-Rio-Grandense de Pesquisa e Cultura (FUNPEC), criada em 1978 e vinculada \u00e0 Universidade [&hellip;]<\/p>\n","protected":false},"author":413,"featured_media":1385,"parent":0,"menu_order":0,"comment_status":"closed","ping_status":"closed","template":"","meta":{"footnotes":""},"class_list":["post-951","page","type-page","status-publish","has-post-thumbnail","hentry"],"_links":{"self":[{"href":"https:\/\/www.ufpb.br\/aseamf\/wp-json\/wp\/v2\/pages\/951","targetHints":{"allow":["GET"]}}],"collection":[{"href":"https:\/\/www.ufpb.br\/aseamf\/wp-json\/wp\/v2\/pages"}],"about":[{"href":"https:\/\/www.ufpb.br\/aseamf\/wp-json\/wp\/v2\/types\/page"}],"author":[{"embeddable":true,"href":"https:\/\/www.ufpb.br\/aseamf\/wp-json\/wp\/v2\/users\/413"}],"replies":[{"embeddable":true,"href":"https:\/\/www.ufpb.br\/aseamf\/wp-json\/wp\/v2\/comments?post=951"}],"version-history":[{"count":9,"href":"https:\/\/www.ufpb.br\/aseamf\/wp-json\/wp\/v2\/pages\/951\/revisions"}],"predecessor-version":[{"id":1427,"href":"https:\/\/www.ufpb.br\/aseamf\/wp-json\/wp\/v2\/pages\/951\/revisions\/1427"}],"wp:featuredmedia":[{"embeddable":true,"href":"https:\/\/www.ufpb.br\/aseamf\/wp-json\/wp\/v2\/media\/1385"}],"wp:attachment":[{"href":"https:\/\/www.ufpb.br\/aseamf\/wp-json\/wp\/v2\/media?parent=951"}],"curies":[{"name":"wp","href":"https:\/\/api.w.org\/{rel}","templated":true}]}}