{"id":953,"date":"2025-09-30T16:47:08","date_gmt":"2025-09-30T19:47:08","guid":{"rendered":"https:\/\/www.ufpb.br\/aseamf\/?page_id=953"},"modified":"2026-03-06T09:50:47","modified_gmt":"2026-03-06T12:50:47","slug":"funetec-pb","status":"publish","type":"page","link":"https:\/\/www.ufpb.br\/aseamf\/funetec-pb\/","title":{"rendered":"FUNETEC-PB"},"content":{"rendered":"<div class=\"wp-block-image\">\n<figure class=\"aligncenter size-full is-resized\"><img loading=\"lazy\" decoding=\"async\" width=\"313\" height=\"91\" src=\"http:\/\/www.ufpb.br\/aseamf\/wp-content\/uploads\/sites\/79\/sites\/155\/2024\/09\/FUNETEC.png\" alt=\"\" class=\"wp-image-226\" style=\"width:440px;height:auto\" srcset=\"https:\/\/www.ufpb.br\/aseamf\/wp-content\/uploads\/sites\/79\/sites\/155\/2024\/09\/FUNETEC.png 313w, https:\/\/www.ufpb.br\/aseamf\/wp-content\/uploads\/sites\/79\/sites\/155\/2024\/09\/FUNETEC-300x87.png 300w\" sizes=\"auto, (max-width: 313px) 100vw, 313px\" \/><\/figure>\n<\/div>\n\n\n<p><\/p>\n\n\n\n<p class=\"has-medium-font-size\">A Funda\u00e7\u00e3o de Educa\u00e7\u00e3o, Tecnologia e Cultura da Para\u00edba (Funetec-PB) \u00e9 uma institui\u00e7\u00e3o de direito privado, sem fins lucrativos, fundada em 1997 para atender \u00e0s demandas do avan\u00e7o tecnol\u00f3gico e do mercado de trabalho. Autorizada a funcionar pelo Minist\u00e9rio da Educa\u00e7\u00e3o e pelo Minist\u00e9rio da Ci\u00eancia e Tecnologia em 1999, a Funetec-PB \u00e9 credenciada ao Instituto Federal da Para\u00edba (IFPB) e a outras universidades e institutos federais do Nordeste e do Norte do pa\u00eds, consolidando-se como parceira estrat\u00e9gica no desenvolvimento de projetos e iniciativas em diversas \u00e1reas do conhecimento.<\/p>\n\n\n\n<p class=\"has-medium-font-size\">Com sede no campus do IFPB, em Jo\u00e3o Pessoa, e unidade administrativa no Bairro dos Estados, a Funda\u00e7\u00e3o re\u00fane 48 instituidores e atua por meio de parcerias com institui\u00e7\u00f5es p\u00fablicas e privadas, oferecendo servi\u00e7os de gest\u00e3o de projetos, consultorias, organiza\u00e7\u00e3o de eventos, congressos e assessorias t\u00e9cnicas.<\/p>\n\n\n\n<p class=\"has-medium-font-size\">Sua miss\u00e3o \u00e9 promover o desenvolvimento econ\u00f4mico e social do Brasil por meio do apoio \u00e0 educa\u00e7\u00e3o, \u00e0 ci\u00eancia, \u00e0 tecnologia e \u00e0 cultura, sempre pautada por excel\u00eancia, inova\u00e7\u00e3o, \u00e9tica, transpar\u00eancia, sustentabilidade, diversidade e valoriza\u00e7\u00e3o do capital humano.<\/p>\n\n\n\n<p class=\"has-medium-font-size\">Em reuni\u00e3o ordin\u00e1ria realizada em 30 de setembro de 2025, o Conselho Universit\u00e1rio da UFPB (CONSUNI) <a href=\"http:\/\/www.ufpb.br\/aseamf\/wp-content\/uploads\/sites\/79\/sites\/155\/2026\/03\/Ata_Sumria_Consuni_Reunio_Ordinria_n._07.2025_realizada_no_dia_30_de_setembr.pdf\" target=\"_blank\" rel=\"noreferrer noopener\">aprovou a renova\u00e7\u00e3o da autoriza\u00e7\u00e3o<\/a> para que a FUNETEC continue atuando como funda\u00e7\u00e3o de apoio da institui\u00e7\u00e3o. Ap\u00f3s o tr\u00e2mite interno, o processo foi submetido ao Minist\u00e9rio da Educa\u00e7\u00e3o (MEC) para an\u00e1lise t\u00e9cnica.<\/p>\n\n\n\n<p class=\"has-medium-font-size\">Em 29 de outubro de 2025, foi publicada no <em>Di\u00e1rio Oficial da Uni\u00e3o<\/em> a <strong><a href=\"http:\/\/www.ufpb.br\/aseamf\/wp-content\/uploads\/sites\/79\/sites\/155\/2025\/11\/Portaria-Conjunta-FUNETEC-quarta-feira-29-de-outubro-de-2025.pdf\" target=\"_blank\" rel=\"noreferrer noopener\">Portaria Conjunta n\u00ba 258, de 24 de outubro de 2025<\/a><\/strong>, que renova a autoriza\u00e7\u00e3o da Funda\u00e7\u00e3o de Educa\u00e7\u00e3o Tecnol\u00f3gica e Cultural da Para\u00edba \u2013 Funetec como Funda\u00e7\u00e3o de Apoio \u00e0 UFPB pelo per\u00edodo de um ano. A medida reconhece a regularidade da atua\u00e7\u00e3o da Funetec e assegura a continuidade das parcerias e projetos desenvolvidos em coopera\u00e7\u00e3o com a Universidade Federal da Para\u00edba.<\/p>\n\n\n\n<p class=\"has-medium-font-size\">Clique <a href=\"https:\/\/funetec.org.br\/\" data-type=\"link\" data-id=\"https:\/\/funetec.org.br\/\" target=\"_blank\" rel=\"noreferrer noopener\">aqui<\/a> e saiba mais.<\/p>\n","protected":false},"excerpt":{"rendered":"<p>A Funda\u00e7\u00e3o de Educa\u00e7\u00e3o, Tecnologia e Cultura da Para\u00edba (Funetec-PB) \u00e9 uma institui\u00e7\u00e3o de direito [&hellip;]<\/p>\n","protected":false},"author":413,"featured_media":0,"parent":0,"menu_order":0,"comment_status":"closed","ping_status":"closed","template":"","meta":{"footnotes":""},"class_list":["post-953","page","type-page","status-publish","hentry"],"_links":{"self":[{"href":"https:\/\/www.ufpb.br\/aseamf\/wp-json\/wp\/v2\/pages\/953","targetHints":{"allow":["GET"]}}],"collection":[{"href":"https:\/\/www.ufpb.br\/aseamf\/wp-json\/wp\/v2\/pages"}],"about":[{"href":"https:\/\/www.ufpb.br\/aseamf\/wp-json\/wp\/v2\/types\/page"}],"author":[{"embeddable":true,"href":"https:\/\/www.ufpb.br\/aseamf\/wp-json\/wp\/v2\/users\/413"}],"replies":[{"embeddable":true,"href":"https:\/\/www.ufpb.br\/aseamf\/wp-json\/wp\/v2\/comments?post=953"}],"version-history":[{"count":5,"href":"https:\/\/www.ufpb.br\/aseamf\/wp-json\/wp\/v2\/pages\/953\/revisions"}],"predecessor-version":[{"id":1429,"href":"https:\/\/www.ufpb.br\/aseamf\/wp-json\/wp\/v2\/pages\/953\/revisions\/1429"}],"wp:attachment":[{"href":"https:\/\/www.ufpb.br\/aseamf\/wp-json\/wp\/v2\/media?parent=953"}],"curies":[{"name":"wp","href":"https:\/\/api.w.org\/{rel}","templated":true}]}}