{"id":955,"date":"2025-09-30T16:47:20","date_gmt":"2025-09-30T19:47:20","guid":{"rendered":"https:\/\/www.ufpb.br\/aseamf\/?page_id=955"},"modified":"2026-03-06T10:39:43","modified_gmt":"2026-03-06T13:39:43","slug":"paqtec-pb","status":"publish","type":"page","link":"https:\/\/www.ufpb.br\/aseamf\/paqtec-pb\/","title":{"rendered":"PAQTC-PB"},"content":{"rendered":"<div class=\"wp-block-image\">\n<figure class=\"aligncenter size-full is-resized\"><img loading=\"lazy\" decoding=\"async\" width=\"249\" height=\"77\" src=\"http:\/\/www.ufpb.br\/aseamf\/wp-content\/uploads\/sites\/79\/sites\/155\/2024\/09\/Captura-de-tela-2024-09-12-102559.png\" alt=\"\" class=\"wp-image-241\" style=\"width:319px;height:auto\" \/><\/figure>\n<\/div>\n\n\n<p><\/p>\n\n\n\n<p class=\"has-medium-font-size\">Criada em 1984, a Funda\u00e7\u00e3o Parque Tecnol\u00f3gico da Para\u00edba (PaqTcPB) \u00e9 uma organiza\u00e7\u00e3o sem fins lucrativos comprometida com o fortalecimento da ci\u00eancia, da tecnologia e da inova\u00e7\u00e3o no Estado. <\/p>\n\n\n\n<p class=\"has-medium-font-size\">A institui\u00e7\u00e3o nasceu a partir de uma parceria estrat\u00e9gica entre o Conselho Nacional de Desenvolvimento Cient\u00edfico e Tecnol\u00f3gico (CNPq), a Universidade Federal da Para\u00edba (UFPB), o Governo do Estado da Para\u00edba e o Banco do Estado da Para\u00edba (PARAIBAN), que uniram esfor\u00e7os para promover o desenvolvimento cient\u00edfico e tecnol\u00f3gico regional. Atualmente a funda\u00e7\u00e3o est\u00e1 credenciada junto \u00e0 Universidade Federal de Campina Grande.<\/p>\n\n\n\n<p class=\"has-medium-font-size\"> &#8220;A miss\u00e3o da Funda\u00e7\u00e3o Parque Tecnol\u00f3gico da Para\u00edba \u00e9 promover o desenvolvimento cient\u00edfico, tecnol\u00f3gico e inovador, atrav\u00e9s da articula\u00e7\u00e3o entre empresas, institui\u00e7\u00f5es acad\u00eamicas e setores da sociedade, visando o fortalecimento econ\u00f4mico e social do estado da Para\u00edba e regi\u00e3o&#8221;.<\/p>\n\n\n\n<p class=\"has-medium-font-size\">Em conson\u00e2ncia com essa miss\u00e3o e com sua atua\u00e7\u00e3o junto \u00e0s institui\u00e7\u00f5es de ensino superior, a PaqTcPB deu in\u00edcio ao processo de renova\u00e7\u00e3o de sua autoriza\u00e7\u00e3o como funda\u00e7\u00e3o de apoio da UFPB. Ap\u00f3s a solicita\u00e7\u00e3o de renova\u00e7\u00e3o e a devida tramita\u00e7\u00e3o processual, <a href=\"http:\/\/www.ufpb.br\/aseamf\/wp-content\/uploads\/sites\/79\/sites\/155\/2026\/03\/1.Aprovaca-Renovacao-Ata_Consuni_Reunio_Ordinria_n._08.2024_realizada_no_dia_30.09.2024-2.pdf\" target=\"_blank\" rel=\"noreferrer noopener\">o Conselho Universit\u00e1rio da UFPB (CONSUNI) aprovou<\/a>, em reuni\u00e3o ordin\u00e1ria realizada em 30 de setembro de 2024, a continuidade da PaqTcPB como funda\u00e7\u00e3o de apoio da institui\u00e7\u00e3o. Conclu\u00edda a etapa interna, o processo foi submetido ao Minist\u00e9rio da Educa\u00e7\u00e3o (MEC) para an\u00e1lise t\u00e9cnica e ratifica\u00e7\u00e3o.<\/p>\n\n\n\n<p class=\"has-medium-font-size\">Em 2025, a Funda\u00e7\u00e3o Parque Tecnol\u00f3gico da Para\u00edba teve renovada, por mais um ano, a autoriza\u00e7\u00e3o atrav\u00e9s da <a href=\"http:\/\/www.ufpb.br\/aseamf\/wp-content\/uploads\/sites\/79\/sites\/155\/2025\/12\/Portaria_5957850__Portaria_Conjunta_103.pdf\">Portaria Conjunta n\u00ba 103, de 4 de julho de 2025<\/a>, publicada em 8 de julho. Essa renova\u00e7\u00e3o reafirma o reconhecimento institucional do trabalho desenvolvido pela Funda\u00e7\u00e3o e fortalece sua atua\u00e7\u00e3o como parceira da UFPB.<\/p>\n\n\n\n<p>Clique <a href=\"https:\/\/www.paqtc.org.br\/portal\/public\/\" target=\"_blank\" rel=\"noreferrer noopener\">aqui<\/a> e saiba mais<\/p>\n\n\n\n<p><\/p>\n","protected":false},"excerpt":{"rendered":"<p>Criada em 1984, a Funda\u00e7\u00e3o Parque Tecnol\u00f3gico da Para\u00edba (PaqTcPB) \u00e9 uma organiza\u00e7\u00e3o sem fins [&hellip;]<\/p>\n","protected":false},"author":413,"featured_media":0,"parent":0,"menu_order":0,"comment_status":"closed","ping_status":"closed","template":"","meta":{"footnotes":""},"class_list":["post-955","page","type-page","status-publish","hentry"],"_links":{"self":[{"href":"https:\/\/www.ufpb.br\/aseamf\/wp-json\/wp\/v2\/pages\/955","targetHints":{"allow":["GET"]}}],"collection":[{"href":"https:\/\/www.ufpb.br\/aseamf\/wp-json\/wp\/v2\/pages"}],"about":[{"href":"https:\/\/www.ufpb.br\/aseamf\/wp-json\/wp\/v2\/types\/page"}],"author":[{"embeddable":true,"href":"https:\/\/www.ufpb.br\/aseamf\/wp-json\/wp\/v2\/users\/413"}],"replies":[{"embeddable":true,"href":"https:\/\/www.ufpb.br\/aseamf\/wp-json\/wp\/v2\/comments?post=955"}],"version-history":[{"count":5,"href":"https:\/\/www.ufpb.br\/aseamf\/wp-json\/wp\/v2\/pages\/955\/revisions"}],"predecessor-version":[{"id":1437,"href":"https:\/\/www.ufpb.br\/aseamf\/wp-json\/wp\/v2\/pages\/955\/revisions\/1437"}],"wp:attachment":[{"href":"https:\/\/www.ufpb.br\/aseamf\/wp-json\/wp\/v2\/media?parent=955"}],"curies":[{"name":"wp","href":"https:\/\/api.w.org\/{rel}","templated":true}]}}