{"id":959,"date":"2025-09-30T16:49:55","date_gmt":"2025-09-30T19:49:55","guid":{"rendered":"https:\/\/www.ufpb.br\/aseamf\/?page_id=959"},"modified":"2025-10-23T14:34:53","modified_gmt":"2025-10-23T17:34:53","slug":"convenios-ativos","status":"publish","type":"page","link":"https:\/\/www.ufpb.br\/aseamf\/convenios-ativos\/","title":{"rendered":"Painel Geral dos Projetos"},"content":{"rendered":"\n<p class=\"has-medium-font-size\">Bem-vindo (a) ao <strong>Painel Geral dos Projetos<\/strong> da <strong><a href=\"https:\/\/www.ufpb.br\/aseamf\/apresentacao\/\" data-type=\"link\" data-id=\"https:\/\/www.ufpb.br\/aseamf\/apresentacao\/\" target=\"_blank\" rel=\"noreferrer noopener\">ASEAMF<\/a><\/strong>.<\/p>\n\n\n\n<p class=\"has-medium-font-size\">Esta p\u00e1gina apresenta um <strong>resumo dos projetos firmados<\/strong> por meio de parcerias e conv\u00eanios monitorados por esta Assessoria. Aqui, voc\u00ea pode conhecer as principais informa\u00e7\u00f5es de cada iniciativa:<br>\ud83d\udd39 <strong>N\u00famero do processo do conv\u00eanio<\/strong><br>\ud83d\udd39 <strong>Concedente:<\/strong> \u00f3rg\u00e3o ou entidade parceira<br>\ud83d\udd39 <strong>Datas de in\u00edcio e t\u00e9rmino do projeto<\/strong><br>\ud83d\udd39 <strong>Valor total firmado<\/strong><br>\ud83d\udd39 <strong>DOAP \u2013 Despesas Operacionais Administrativas de Projetos:<\/strong> recursos destinados \u00e0s <strong>Funda\u00e7\u00f5es de Apoio<\/strong> para cobrir custos administrativos e de gest\u00e3o<\/p>\n\n\n\n<p class=\"has-medium-font-size\"><strong>\ud83d\udca1<\/strong><strong> Ressarcimento \u00e0 UFPB<\/strong><\/p>\n\n\n\n<p class=\"has-medium-font-size\">O <strong>ressarcimento firmado com a UFPB<\/strong> representa a contrapartida acordada com a <strong>Universidade Federal da Para\u00edba<\/strong>. Nem todos os projetos possuem ressarcimento em formato or\u00e7ament\u00e1rio \u2014 em alguns casos, essa contrapartida acontece por meio de <strong>bens ou materiais permanentes adquiridos durante a execu\u00e7\u00e3o<\/strong>. Esses detalhes s\u00e3o demonstrados nos <strong>relat\u00f3rios finais de acompanhamento e monitoramento<\/strong>.<\/p>\n\n\n\n<p class=\"has-medium-font-size\"><strong>\ud83d\udcc4<\/strong><strong> Transpar\u00eancia e Acompanhamento<\/strong><\/p>\n\n\n\n<p class=\"has-medium-font-size\">Este painel tem car\u00e1ter <strong>informativo e de transpar\u00eancia<\/strong>, refletindo os projetos firmados e seus principais dados <strong>contratuais e or\u00e7ament\u00e1rios<\/strong>. <\/p>\n\n\n\n<p class=\"has-medium-font-size\">\ud83d\uddb1\ufe0fClique em cada funda\u00e7\u00e3o e confira:<\/p>\n\n\n\n<div class=\"wp-block-group is-nowrap is-layout-flex wp-container-core-group-is-layout-ad2f72ca wp-block-group-is-layout-flex\">\n<figure class=\"wp-block-image size-full is-resized\"><img loading=\"lazy\" decoding=\"async\" width=\"1024\" height=\"1024\" src=\"https:\/\/www.ufpb.br\/aseamf\/wp-content\/uploads\/sites\/79\/sites\/155\/2025\/10\/image-3.png\" alt=\"\" class=\"wp-image-1272\" style=\"width:267px;height:auto\" srcset=\"https:\/\/www.ufpb.br\/aseamf\/wp-content\/uploads\/sites\/79\/sites\/155\/2025\/10\/image-3.png 1024w, https:\/\/www.ufpb.br\/aseamf\/wp-content\/uploads\/sites\/79\/sites\/155\/2025\/10\/image-3-300x300.png 300w, https:\/\/www.ufpb.br\/aseamf\/wp-content\/uploads\/sites\/79\/sites\/155\/2025\/10\/image-3-150x150.png 150w, https:\/\/www.ufpb.br\/aseamf\/wp-content\/uploads\/sites\/79\/sites\/155\/2025\/10\/image-3-768x768.png 768w\" sizes=\"auto, (max-width: 1024px) 100vw, 1024px\" \/><\/figure>\n\n\n\n<p><strong>Caso ao clicar na funda\u00e7\u00e3o e apare\u00e7a a planilha em branco, puxe para o lado esquerdo a sua barra de rolagem, que fica no canto inferior da tela.<\/strong> <strong>Por outro lado, a planilha pode se apresentar com a tela toda azul, sem nada escrito, ent\u00e3o, olhe para o seu lado direito, local em que se encontra a barra de rolagem lateral, e a mova para cima, que os dados ir\u00e3o aparecer. <\/strong><\/p>\n<\/div>\n\n\n\n<p><\/p>\n\n\n\n<p class=\"has-medium-font-size\"><a href=\"https:\/\/1drv.ms\/x\/c\/343e08260ddcb6c5\/EYmXULnefVxOtlBc6owYybAB6JC1yFhjFnL_l-vAj7uPww?e=JHIIou\" data-type=\"link\" data-id=\"https:\/\/1drv.ms\/x\/c\/343e08260ddcb6c5\/EYmXULnefVxOtlBc6owYybAB6JC1yFhjFnL_l-vAj7uPww?e=JHIIou\" target=\"_blank\" rel=\"noreferrer noopener\">FADE-PE<\/a><\/p>\n\n\n\n<p><\/p>\n\n\n\n<p class=\"has-medium-font-size\"><a href=\"https:\/\/1drv.ms\/x\/c\/343e08260ddcb6c5\/EQfxFyj95dVFuS6rifM0FjcBZkBMleMdJVebtWYwhCJvsA?e=baUnnw\" data-type=\"link\" data-id=\"https:\/\/1drv.ms\/x\/c\/343e08260ddcb6c5\/EQfxFyj95dVFuS6rifM0FjcBZkBMleMdJVebtWYwhCJvsA?e=baUnnw\" target=\"_blank\" rel=\"noreferrer noopener\">FUNETEC-PB<\/a><\/p>\n\n\n\n<p><\/p>\n\n\n\n<p class=\"has-medium-font-size\"><a href=\"https:\/\/1drv.ms\/x\/c\/343e08260ddcb6c5\/ERQQ_CTaFrhMi6TD7AiODrsBjqJvCJb_T3GlYT3MBcw49A?e=AsSbmi\" data-type=\"link\" data-id=\"https:\/\/1drv.ms\/x\/c\/343e08260ddcb6c5\/ERQQ_CTaFrhMi6TD7AiODrsBjqJvCJb_T3GlYT3MBcw49A?e=AsSbmi\" target=\"_blank\" rel=\"noreferrer noopener\">PAQTCPB<\/a><\/p>\n\n\n\n<p><\/p>\n","protected":false},"excerpt":{"rendered":"<p>Bem-vindo (a) ao Painel Geral dos Projetos da ASEAMF. Esta p\u00e1gina apresenta um resumo dos [&hellip;]<\/p>\n","protected":false},"author":413,"featured_media":0,"parent":0,"menu_order":0,"comment_status":"closed","ping_status":"closed","template":"","meta":{"footnotes":""},"class_list":["post-959","page","type-page","status-publish","hentry"],"_links":{"self":[{"href":"https:\/\/www.ufpb.br\/aseamf\/wp-json\/wp\/v2\/pages\/959","targetHints":{"allow":["GET"]}}],"collection":[{"href":"https:\/\/www.ufpb.br\/aseamf\/wp-json\/wp\/v2\/pages"}],"about":[{"href":"https:\/\/www.ufpb.br\/aseamf\/wp-json\/wp\/v2\/types\/page"}],"author":[{"embeddable":true,"href":"https:\/\/www.ufpb.br\/aseamf\/wp-json\/wp\/v2\/users\/413"}],"replies":[{"embeddable":true,"href":"https:\/\/www.ufpb.br\/aseamf\/wp-json\/wp\/v2\/comments?post=959"}],"version-history":[{"count":24,"href":"https:\/\/www.ufpb.br\/aseamf\/wp-json\/wp\/v2\/pages\/959\/revisions"}],"predecessor-version":[{"id":1312,"href":"https:\/\/www.ufpb.br\/aseamf\/wp-json\/wp\/v2\/pages\/959\/revisions\/1312"}],"wp:attachment":[{"href":"https:\/\/www.ufpb.br\/aseamf\/wp-json\/wp\/v2\/media?parent=959"}],"curies":[{"name":"wp","href":"https:\/\/api.w.org\/{rel}","templated":true}]}}