{"id":961,"date":"2025-09-30T16:50:25","date_gmt":"2025-09-30T19:50:25","guid":{"rendered":"https:\/\/www.ufpb.br\/aseamf\/?page_id=961"},"modified":"2025-10-17T15:32:06","modified_gmt":"2025-10-17T18:32:06","slug":"convenios-finalizados","status":"publish","type":"page","link":"https:\/\/www.ufpb.br\/aseamf\/convenios-finalizados\/","title":{"rendered":"Monitoramento dos Projetos"},"content":{"rendered":"\n<p class=\"has-medium-font-size\">\ud83d\udd0d Com o olhar de monitoramento da <a href=\"https:\/\/www.ufpb.br\/aseamf\/apresentacao\/\" data-type=\"link\" data-id=\"https:\/\/www.ufpb.br\/aseamf\/apresentacao\/\" target=\"_blank\" rel=\"noreferrer noopener\">ASEAMF<\/a>, esta p\u00e1gina foi criada para permitir que qualquer cidad\u00e3o acompanhe, de forma clara e transparente, a execu\u00e7\u00e3o dos projetos e conv\u00eanios realizados em parceria com as Funda\u00e7\u00f5es de Apoio da Universidade Federal da Para\u00edba.<\/p>\n\n\n\n<p class=\"has-medium-font-size\">Aqui, voc\u00ea pode consultar o status de cada projeto \u2014 se est\u00e1 em monitoramento, finalizado ou cancelado \u2014 e verificar como os recursos est\u00e3o sendo aplicados ao longo da execu\u00e7\u00e3o.<\/p>\n\n\n\n<p class=\"has-medium-font-size\">\ud83d\udcb0 As informa\u00e7\u00f5es dispon\u00edveis incluem:<\/p>\n\n\n\n<ul class=\"wp-block-list\">\n<li class=\"has-medium-font-size\">\ud83d\udcb5 valores recebidos e seus rendimentos;<\/li>\n\n\n\n<li class=\"has-medium-font-size\">\ud83d\udcc8 valores executados;<\/li>\n\n\n\n<li class=\"has-medium-font-size\">\ud83d\udcca percentual de execu\u00e7\u00e3o financeira;<\/li>\n\n\n\n<li class=\"has-medium-font-size\">\ud83c\udfe6 saldo dispon\u00edvel na conta do projeto.<\/li>\n<\/ul>\n\n\n\n<p class=\"has-medium-font-size\">Com esse acompanhamento, a UFPB refor\u00e7a seu compromisso com a <strong>transpar\u00eancia p\u00fablica<\/strong> e a <strong>responsabilidade na gest\u00e3o dos recursos<\/strong>, permitindo que a sociedade verifique de perto os investimentos destinados \u00e0 <strong>pesquisa, extens\u00e3o, inova\u00e7\u00e3o e desenvolvimento<\/strong>.<\/p>\n\n\n\n<p class=\"has-medium-font-size\">Nosso objetivo \u00e9 garantir que cada projeto seja executado com efici\u00eancia e gere resultados que contribuam para o avan\u00e7o da universidade e o bem-estar da comunidade.<\/p>\n\n\n\n<p class=\"has-medium-font-size\">\ud83d\uddb1\ufe0fClique em cada funda\u00e7\u00e3o e confira:<\/p>\n\n\n\n<div class=\"wp-block-group is-nowrap is-layout-flex wp-container-core-group-is-layout-ad2f72ca wp-block-group-is-layout-flex\">\n<figure class=\"wp-block-image size-full is-resized\"><img loading=\"lazy\" decoding=\"async\" width=\"1024\" height=\"1024\" src=\"https:\/\/www.ufpb.br\/aseamf\/wp-content\/uploads\/sites\/79\/sites\/155\/2025\/10\/image-4.png\" alt=\"\" class=\"wp-image-1296\" style=\"width:243px;height:auto\" srcset=\"https:\/\/www.ufpb.br\/aseamf\/wp-content\/uploads\/sites\/79\/sites\/155\/2025\/10\/image-4.png 1024w, https:\/\/www.ufpb.br\/aseamf\/wp-content\/uploads\/sites\/79\/sites\/155\/2025\/10\/image-4-300x300.png 300w, https:\/\/www.ufpb.br\/aseamf\/wp-content\/uploads\/sites\/79\/sites\/155\/2025\/10\/image-4-150x150.png 150w, https:\/\/www.ufpb.br\/aseamf\/wp-content\/uploads\/sites\/79\/sites\/155\/2025\/10\/image-4-768x768.png 768w\" sizes=\"auto, (max-width: 1024px) 100vw, 1024px\" \/><\/figure>\n\n\n\n<p class=\"has-white-background-color has-background\"><strong>Caso ao clicar na funda\u00e7\u00e3o e apare\u00e7a a planilha em branco, puxe para o lado esquerdo a sua barra de rolagem, que fica no canto inferior da tela.<\/strong> <strong>Por outro lado, a planilha pode se apresentar com a tela toda azul, sem nada escrito, ent\u00e3o, olhe para o seu lado direito, local em que se encontra a barra de rolagem lateral, e a mova para cima, que os dados ir\u00e3o aparecer. <\/strong><\/p>\n<\/div>\n\n\n\n<p><\/p>\n\n\n\n<p class=\"has-medium-font-size\"><a href=\"https:\/\/1drv.ms\/x\/c\/343e08260ddcb6c5\/EckYnLVohZxNlbVePMLtE-EBDmqV_iIZB7RtW5LRk17QIw?e=J1H0yB\" data-type=\"link\" data-id=\"https:\/\/1drv.ms\/x\/c\/343e08260ddcb6c5\/EckYnLVohZxNlbVePMLtE-EBDmqV_iIZB7RtW5LRk17QIw?e=J1H0yB\" target=\"_blank\" rel=\"noreferrer noopener\">FADE-PE<\/a><\/p>\n\n\n\n<p class=\"has-medium-font-size\"><a href=\"https:\/\/1drv.ms\/x\/c\/343e08260ddcb6c5\/EZw_iVNxALhKoTldYSXAIXkBtdGfRz8HMsKyI7QGUl_RQQ?e=UNFuNg\" data-type=\"link\" data-id=\"https:\/\/1drv.ms\/x\/c\/343e08260ddcb6c5\/EZw_iVNxALhKoTldYSXAIXkBtdGfRz8HMsKyI7QGUl_RQQ?e=UNFuNg\" target=\"_blank\" rel=\"noreferrer noopener\">FUNETEC-PB<\/a><\/p>\n\n\n\n<p class=\"has-medium-font-size\"><a href=\"https:\/\/1drv.ms\/x\/c\/343e08260ddcb6c5\/EWH9T_KBfNhMsNKagwLvRbEBiXML9imZf8Kqt-NOFEQjHQ?e=ZoYbbg\" data-type=\"link\" data-id=\"https:\/\/1drv.ms\/x\/c\/343e08260ddcb6c5\/EWH9T_KBfNhMsNKagwLvRbEBiXML9imZf8Kqt-NOFEQjHQ?e=ZoYbbg\" target=\"_blank\" rel=\"noreferrer noopener\">PAQTC-PB<\/a><\/p>\n\n\n\n<p><\/p>\n","protected":false},"excerpt":{"rendered":"<p>\ud83d\udd0d Com o olhar de monitoramento da ASEAMF, esta p\u00e1gina foi criada para permitir que [&hellip;]<\/p>\n","protected":false},"author":413,"featured_media":0,"parent":0,"menu_order":0,"comment_status":"closed","ping_status":"closed","template":"","meta":{"footnotes":""},"class_list":["post-961","page","type-page","status-publish","hentry"],"_links":{"self":[{"href":"https:\/\/www.ufpb.br\/aseamf\/wp-json\/wp\/v2\/pages\/961","targetHints":{"allow":["GET"]}}],"collection":[{"href":"https:\/\/www.ufpb.br\/aseamf\/wp-json\/wp\/v2\/pages"}],"about":[{"href":"https:\/\/www.ufpb.br\/aseamf\/wp-json\/wp\/v2\/types\/page"}],"author":[{"embeddable":true,"href":"https:\/\/www.ufpb.br\/aseamf\/wp-json\/wp\/v2\/users\/413"}],"replies":[{"embeddable":true,"href":"https:\/\/www.ufpb.br\/aseamf\/wp-json\/wp\/v2\/comments?post=961"}],"version-history":[{"count":18,"href":"https:\/\/www.ufpb.br\/aseamf\/wp-json\/wp\/v2\/pages\/961\/revisions"}],"predecessor-version":[{"id":1304,"href":"https:\/\/www.ufpb.br\/aseamf\/wp-json\/wp\/v2\/pages\/961\/revisions\/1304"}],"wp:attachment":[{"href":"https:\/\/www.ufpb.br\/aseamf\/wp-json\/wp\/v2\/media?parent=961"}],"curies":[{"name":"wp","href":"https:\/\/api.w.org\/{rel}","templated":true}]}}