{"id":971,"date":"2025-09-30T16:52:19","date_gmt":"2025-09-30T19:52:19","guid":{"rendered":"https:\/\/www.ufpb.br\/aseamf\/?page_id=971"},"modified":"2026-04-23T09:04:28","modified_gmt":"2026-04-23T12:04:28","slug":"para-pagamento-da-doap-ted-contrato","status":"publish","type":"page","link":"https:\/\/www.ufpb.br\/aseamf\/para-pagamento-da-doap-ted-contrato\/","title":{"rendered":"Pagamento da DOAP-TED\/CONTRATO"},"content":{"rendered":"\n<div class=\"wp-block-file\"><a id=\"wp-block-file--media-9906915d-7545-4069-942c-fd1a5b2fde78\" href=\"http:\/\/www.ufpb.br\/aseamf\/wp-content\/uploads\/sites\/79\/sites\/155\/2025\/10\/Fluxo_pagamento_DOAP-7x.pdf\" target=\"_blank\" rel=\"noreferrer noopener\">Fluxo para Pagamento da DOAP-Modelo da PRA<\/a><a href=\"http:\/\/www.ufpb.br\/aseamf\/wp-content\/uploads\/sites\/79\/sites\/155\/2025\/10\/Fluxo_pagamento_DOAP-7x.pdf\" class=\"wp-block-file__button wp-element-button\" download aria-describedby=\"wp-block-file--media-9906915d-7545-4069-942c-fd1a5b2fde78\">Baixar<\/a><\/div>\n\n\n\n<p><\/p>\n\n\n\n<div class=\"wp-block-file\"><a id=\"wp-block-file--media-ab3ab60d-6baa-4caa-9b79-e7665bd71f19\" href=\"http:\/\/www.ufpb.br\/aseamf\/wp-content\/uploads\/sites\/79\/sites\/155\/2024\/09\/Documentacao-para-pagamento-de-DOAP-TED.pdf\" target=\"_blank\" rel=\"noreferrer noopener\">Documenta\u00e7\u00e3o para Pagamento de DOAP\/TED-ASEAMF\/UFPB<\/a><a href=\"http:\/\/www.ufpb.br\/aseamf\/wp-content\/uploads\/sites\/79\/sites\/155\/2024\/09\/Documentacao-para-pagamento-de-DOAP-TED.pdf\" class=\"wp-block-file__button wp-element-button\" download aria-describedby=\"wp-block-file--media-ab3ab60d-6baa-4caa-9b79-e7665bd71f19\">Baixar<\/a><\/div>\n\n\n\n<p><\/p>\n\n\n\n<div class=\"wp-block-file\"><a id=\"wp-block-file--media-d6d18515-2b95-4333-8ca5-641c56550eb9\" href=\"http:\/\/www.ufpb.br\/aseamf\/wp-content\/uploads\/sites\/79\/sites\/155\/2025\/04\/MODELO-REQUERIMENTO-DE-ABERTURA-PROCESSO-SOLICITACAO-PAGAMENTO-DOAP-ASEMAF-UFPB.docx\" target=\"_blank\" rel=\"noreferrer noopener\">Modelo de Requerimento de Abertura do Processo de Solicita\u00e7\u00e3o para Pagamento da DOAP-ASEAMF\/UFPB<\/a><a href=\"http:\/\/www.ufpb.br\/aseamf\/wp-content\/uploads\/sites\/79\/sites\/155\/2025\/04\/MODELO-REQUERIMENTO-DE-ABERTURA-PROCESSO-SOLICITACAO-PAGAMENTO-DOAP-ASEMAF-UFPB.docx\" class=\"wp-block-file__button wp-element-button\" download aria-describedby=\"wp-block-file--media-d6d18515-2b95-4333-8ca5-641c56550eb9\">Baixar<\/a><\/div>\n\n\n\n<div class=\"wp-block-file\"><a id=\"wp-block-file--media-4529af7a-d9bb-434d-a7d8-ea944d651995\" href=\"http:\/\/www.ufpb.br\/aseamf\/wp-content\/uploads\/sites\/79\/sites\/155\/2026\/02\/DOCUMENTACAO-LIBERACAO-1a-PARCELA-TED-ASEAMF-UFPB.pdf\">DOCUMENTA\u00c7\u00c3O LIBERA\u00c7\u00c3O 1\u00aa PARCELA TED &#8211; ASEAMF &#8211; UFPB<\/a><a href=\"http:\/\/www.ufpb.br\/aseamf\/wp-content\/uploads\/sites\/79\/sites\/155\/2026\/02\/DOCUMENTACAO-LIBERACAO-1a-PARCELA-TED-ASEAMF-UFPB.pdf\" class=\"wp-block-file__button wp-element-button\" download aria-describedby=\"wp-block-file--media-4529af7a-d9bb-434d-a7d8-ea944d651995\">Baixar<\/a><\/div>\n\n\n\n<p><\/p>\n\n\n\n<div class=\"wp-block-file\"><a id=\"wp-block-file--media-d28ec88e-3acd-4b60-a635-a4e254be444f\" href=\"http:\/\/www.ufpb.br\/aseamf\/wp-content\/uploads\/sites\/79\/sites\/155\/2026\/04\/Documentacao-liberacao-parcelas-TEDs.pdf\">Documenta\u00e7\u00e3o libera\u00e7\u00e3o parcelas TEDs<\/a><a href=\"http:\/\/www.ufpb.br\/aseamf\/wp-content\/uploads\/sites\/79\/sites\/155\/2026\/04\/Documentacao-liberacao-parcelas-TEDs.pdf\" class=\"wp-block-file__button wp-element-button\" download aria-describedby=\"wp-block-file--media-d28ec88e-3acd-4b60-a635-a4e254be444f\">Baixar<\/a><\/div>\n\n\n\n<p><\/p>\n","protected":false},"excerpt":{"rendered":"","protected":false},"author":413,"featured_media":0,"parent":0,"menu_order":0,"comment_status":"closed","ping_status":"closed","template":"","meta":{"footnotes":""},"class_list":["post-971","page","type-page","status-publish","hentry"],"_links":{"self":[{"href":"https:\/\/www.ufpb.br\/aseamf\/wp-json\/wp\/v2\/pages\/971","targetHints":{"allow":["GET"]}}],"collection":[{"href":"https:\/\/www.ufpb.br\/aseamf\/wp-json\/wp\/v2\/pages"}],"about":[{"href":"https:\/\/www.ufpb.br\/aseamf\/wp-json\/wp\/v2\/types\/page"}],"author":[{"embeddable":true,"href":"https:\/\/www.ufpb.br\/aseamf\/wp-json\/wp\/v2\/users\/413"}],"replies":[{"embeddable":true,"href":"https:\/\/www.ufpb.br\/aseamf\/wp-json\/wp\/v2\/comments?post=971"}],"version-history":[{"count":9,"href":"https:\/\/www.ufpb.br\/aseamf\/wp-json\/wp\/v2\/pages\/971\/revisions"}],"predecessor-version":[{"id":1447,"href":"https:\/\/www.ufpb.br\/aseamf\/wp-json\/wp\/v2\/pages\/971\/revisions\/1447"}],"wp:attachment":[{"href":"https:\/\/www.ufpb.br\/aseamf\/wp-json\/wp\/v2\/media?parent=971"}],"curies":[{"name":"wp","href":"https:\/\/api.w.org\/{rel}","templated":true}]}}