{"id":975,"date":"2025-09-30T16:53:07","date_gmt":"2025-09-30T19:53:07","guid":{"rendered":"https:\/\/www.ufpb.br\/aseamf\/?page_id=975"},"modified":"2025-10-24T12:31:11","modified_gmt":"2025-10-24T15:31:11","slug":"legislacao-geral","status":"publish","type":"page","link":"https:\/\/www.ufpb.br\/aseamf\/legislacao-geral\/","title":{"rendered":"Legisla\u00e7\u00e3o Geral"},"content":{"rendered":"\n<p><\/p>\n\n\n\n<p class=\"has-vivid-cyan-blue-color has-text-color has-link-color has-medium-font-size wp-elements-f8a3e69beb89d199c5b86832ceec921f\"><a href=\"http:\/\/www.ufpb.br\/aseamf\/wp-content\/uploads\/sites\/79\/sites\/155\/2024\/09\/Lei-8.958-94.pdf\" target=\"_blank\" rel=\"noreferrer noopener\">Lei n\u00ba&nbsp;8.958, de 20 de dezembro de 1994.<\/a><\/p>\n\n\n\n<p>Disp\u00f5e sobre as rela\u00e7\u00f5es entre as institui\u00e7\u00f5es federais de ensino superior e de pesquisa cient\u00edfica e tecnol\u00f3gica e as funda\u00e7\u00f5es de apoio e d\u00e1 outras provid\u00eancias.<\/p>\n\n\n\n<p class=\"has-text-color has-link-color has-medium-font-size wp-elements-4f35954eaae5aea250a7941743d57d38\" style=\"color:#0799ed\"><a href=\"https:\/\/www.ufpb.br\/aseamf\/wp-content\/uploads\/sites\/79\/sites\/155\/2024\/09\/Decreto-no-7423.pdf\" target=\"_blank\" rel=\"noreferrer noopener\">Decreto n\u00ba 7.423, de 31 de dezembro de 2010.<\/a><\/p>\n\n\n\n<p>Regulamenta a Lei n<sup>o<\/sup>&nbsp;8.958, de 20 de dezembro de 1994, que disp\u00f5e sobre as rela\u00e7\u00f5es entre as institui\u00e7\u00f5es federais de ensino superior e de pesquisa cient\u00edfica e tecnol\u00f3gica e as funda\u00e7\u00f5es de apoio, e revoga o Decreto n<sup>o<\/sup>&nbsp;5.205, de 14 de setembro de 2004.<\/p>\n\n\n\n<p class=\"has-vivid-cyan-blue-color has-text-color has-link-color has-medium-font-size wp-elements-34834c68877fdf659c47b34d4397663e\"><a href=\"https:\/\/www.ufpb.br\/aseamf\/wp-content\/uploads\/sites\/79\/sites\/155\/2024\/09\/Portaria-Interministerial-No-191-de-13-de-Marco-de-2012.pdf\" target=\"_blank\" rel=\"noreferrer noopener\">Portaria Interministerial n\u00ba 191 de 13 de Mar\u00e7o de 2012<\/a><\/p>\n\n\n\n<p>Disp\u00f5e sobre as funda\u00e7\u00f5es de apoio registradas e credenciadas para apoiar Institui\u00e7\u00f5es Federais de Ensino Superior \u2013 IFES e demais Institui\u00e7\u00f5es Cient\u00edficas e Tecnol\u00f3gicas \u2013 ICTs.<\/p>\n\n\n\n<p class=\"has-vivid-cyan-blue-color has-text-color has-link-color has-medium-font-size wp-elements-cfae2d53b77358ec018621cc1f3f51df\"><a href=\"http:\/\/www.ufpb.br\/aseamf\/wp-content\/uploads\/sites\/79\/sites\/155\/2024\/05\/LEI-No-10.973-DE-2-DE-DEZEMBRO-DE-2004.pdf\">Lei n\u00ba 10.973, de 2 de Dezembro de 2004<\/a>.<\/p>\n\n\n\n<p>Disp\u00f5e sobre incentivos \u00e0 inova\u00e7\u00e3o e \u00e0 pesquisa cient\u00edfica e tecnol\u00f3gica no ambiente produtivo e d\u00e1 outras provid\u00eancias.<\/p>\n\n\n\n<p class=\"has-vivid-cyan-blue-color has-text-color has-link-color has-medium-font-size wp-elements-29deab7e8ca7ae246188eb08255bb135\"><a href=\"http:\/\/www.ufpb.br\/aseamf\/wp-content\/uploads\/sites\/79\/sites\/155\/2024\/05\/Decreto-9.283-de-7-de-Fevereiro-de-2018.pdf\">Decreto n\u00ba 9.283 de 7 de Fevereiro de 2018<\/a>.<\/p>\n\n\n\n<p>Regulamenta a Lei de Inova\u00e7\u00e3o para estabelecer medidas de incentivo \u00e0 inova\u00e7\u00e3o e \u00e0 pesquisa cient\u00edfica e tecnol\u00f3gica no ambiente produtivo, com vistas \u00e0 capacita\u00e7\u00e3o tecnol\u00f3gica, ao alcance da autonomia tecnol\u00f3gica e ao desenvolvimento do sistema produtivo nacional e regional.<\/p>\n\n\n\n<p class=\"has-vivid-cyan-blue-color has-text-color has-link-color has-medium-font-size wp-elements-66410837f6d68f75052649bcb8aaf30b\"><a href=\"https:\/\/www.ufpb.br\/aseamf\/wp-content\/uploads\/sites\/79\/sites\/155\/2024\/05\/Decreto-no-8.241-de-21-de-marco-de-2014.pdf\" target=\"_blank\" rel=\"noreferrer noopener\">Decreto N\u00ba 8.241 de 21 de mar\u00e7o de 2014<\/a><\/p>\n\n\n\n<p>Regulamenta o art. 3\u00ba da Lei n\u00ba 8.958, de 20 de dezembro de 1994, para dispor sobre a aquisi\u00e7\u00e3o de bens e a contrata\u00e7\u00e3o de obras e servi\u00e7os pelas funda\u00e7\u00f5es.<\/p>\n\n\n\n<p class=\"has-vivid-cyan-blue-color has-text-color has-link-color has-medium-font-size wp-elements-1f77b4912e3160969333842417b6721a\"><a href=\"https:\/\/www.gov.br\/agu\/pt-br\/composicao\/procuradoria-geral-federal-1\/subprocuradoria-federal-de-consultoria-juridica\/ciencia-tecnologia-e-inovacao\/cp-ct-i\" target=\"_blank\" rel=\"noreferrer noopener\">Site Modelos, Minutas e Pareceres da AGU<\/a><\/p>\n\n\n\n<p>A p\u00e1gina re\u00fane informa\u00e7\u00f5es e materiais produzidos pela Equipe Nacional de Ci\u00eancia, Tecnologia e Inova\u00e7\u00e3o (ECT&amp;I), vinculada \u00e0 Subprocuradoria-Federal de Consultoria Jur\u00eddica da Procuradoria-Geral Federal (PGF\/AGU).<br>O espa\u00e7o disponibiliza diretrizes, modelos e orienta\u00e7\u00f5es pr\u00e1tica<strong>s<\/strong> voltadas \u00e0s \u00e1reas t\u00e9cnicas respons\u00e1veis pela formaliza\u00e7\u00e3o e execu\u00e7\u00e3o desses instrumentos.<\/p>\n","protected":false},"excerpt":{"rendered":"<p>Lei n\u00ba&nbsp;8.958, de 20 de dezembro de 1994. Disp\u00f5e sobre as rela\u00e7\u00f5es entre as institui\u00e7\u00f5es [&hellip;]<\/p>\n","protected":false},"author":413,"featured_media":0,"parent":0,"menu_order":0,"comment_status":"closed","ping_status":"closed","template":"","meta":{"footnotes":""},"class_list":["post-975","page","type-page","status-publish","hentry"],"_links":{"self":[{"href":"https:\/\/www.ufpb.br\/aseamf\/wp-json\/wp\/v2\/pages\/975","targetHints":{"allow":["GET"]}}],"collection":[{"href":"https:\/\/www.ufpb.br\/aseamf\/wp-json\/wp\/v2\/pages"}],"about":[{"href":"https:\/\/www.ufpb.br\/aseamf\/wp-json\/wp\/v2\/types\/page"}],"author":[{"embeddable":true,"href":"https:\/\/www.ufpb.br\/aseamf\/wp-json\/wp\/v2\/users\/413"}],"replies":[{"embeddable":true,"href":"https:\/\/www.ufpb.br\/aseamf\/wp-json\/wp\/v2\/comments?post=975"}],"version-history":[{"count":34,"href":"https:\/\/www.ufpb.br\/aseamf\/wp-json\/wp\/v2\/pages\/975\/revisions"}],"predecessor-version":[{"id":1314,"href":"https:\/\/www.ufpb.br\/aseamf\/wp-json\/wp\/v2\/pages\/975\/revisions\/1314"}],"wp:attachment":[{"href":"https:\/\/www.ufpb.br\/aseamf\/wp-json\/wp\/v2\/media?parent=975"}],"curies":[{"name":"wp","href":"https:\/\/api.w.org\/{rel}","templated":true}]}}