{"id":977,"date":"2025-09-30T16:53:21","date_gmt":"2025-09-30T19:53:21","guid":{"rendered":"https:\/\/www.ufpb.br\/aseamf\/?page_id=977"},"modified":"2026-02-05T08:59:43","modified_gmt":"2026-02-05T11:59:43","slug":"normativas-da-ufpb","status":"publish","type":"page","link":"https:\/\/www.ufpb.br\/aseamf\/normativas-da-ufpb\/","title":{"rendered":"Normativa da UFPB"},"content":{"rendered":"\n<p><\/p>\n\n\n\n<p class=\"has-vivid-cyan-blue-color has-text-color has-link-color has-medium-font-size wp-elements-a507a800d7fe7df4bd445e3463ce8ecb\"><a href=\"http:\/\/www.ufpb.br\/aseamf\/wp-content\/uploads\/sites\/79\/sites\/155\/2025\/10\/Runi35_2013.pdf\" target=\"_blank\" rel=\"noreferrer noopener\">Resolu\u00e7\u00e3o n\u00ba35\/2013 CONSUNI\/UFPB<\/a><\/p>\n\n\n\n<p>Fixa normas para retribui\u00e7\u00e3o a docentes por participa\u00e7\u00e3o em Bancas ou Comiss\u00f5es Julgadoras de Concurso P\u00fablico no \u00e2mbito da UFPB, al\u00e9m de disciplinar o relacionamento entre a UFPB e Funda\u00e7\u00f5es de Apoio, estabelecendo os procedimentos operacionais, or\u00e7ament\u00e1rios e financeiros de Projetos Acad\u00eamicos, de Ensino e Extens\u00e3o, Projetos de Pesquisa, de Desenvolvimento Institucional e de est\u00edmulo \u00e0 inova\u00e7\u00e3o desenvolvidos com as Funda\u00e7\u00f5es de Apoio.<\/p>\n\n\n\n<p class=\"has-vivid-cyan-blue-color has-text-color has-link-color has-medium-font-size wp-elements-b91d8afd0c253649ed93e72b2b70331b\"><a href=\"http:\/\/www.ufpb.br\/aseamf\/wp-content\/uploads\/sites\/79\/sites\/155\/2024\/09\/PORTARIA_N_68-2023-PRA-_incorporao_de_bens_mveis_permanentes_oriundos_de_pro-1-1.pdf\" target=\"_blank\" rel=\"noreferrer noopener\">Portaria n\u00ba 68\/2023 PRA Incorpora\u00e7\u00e3o de bens moveis permanentes oriundos de projetos<\/a><\/p>\n\n\n\n<p>Disp\u00f5e sobre a incorpora\u00e7\u00e3o de bens m\u00f3veis permanentes oriundos de projetos de est\u00edmulo \u00e0 ci\u00eancia, \u00e0 tecnologia e \u00e0 inova\u00e7\u00e3o.<\/p>\n\n\n\n<p class=\"has-vivid-cyan-blue-color has-text-color has-link-color has-medium-font-size wp-elements-6fcc61d102ac65b8bc5da4743f03debb\"><a href=\"http:\/\/www.ufpb.br\/aseamf\/wp-content\/uploads\/sites\/79\/sites\/155\/2025\/10\/Runi24_2014-3.pdf\" target=\"_blank\" rel=\"noreferrer noopener\">Resolu\u00e7\u00e3o n\u00ba 24\/2014 CONSUNI\/UFPB<\/a><\/p>\n\n\n\n<p>Regulamenta os crit\u00e9rios para a percep\u00e7\u00e3o de bolsas de ensino, pesquisa, extens\u00e3o, incentivo \u00e0 inova\u00e7\u00e3o e desenvolvimento institucional no \u00e2mbito da UFPB.<br><\/p>\n\n\n\n<p class=\"has-vivid-cyan-blue-color has-text-color has-link-color has-medium-font-size wp-elements-9954227596c79c29658cee279ff6ba05\"><strong><a href=\"http:\/\/www.ufpb.br\/aseamf\/wp-content\/uploads\/sites\/79\/sites\/155\/2025\/12\/Res._02.2025_-_Curador.pdf\" target=\"_blank\" rel=\"noreferrer noopener\">Resolu\u00e7\u00e3o n\u00ba 02\/2025 CONSELHO CURADOR<\/a><\/strong><\/p>\n\n\n\n<p>Institui o Ressarcimento de Custos Indiretos &#8211; RCI no \u00e2mbito da UFPB, destinado a ressarcir a Universidade pelo uso de sua infraestrutura, bens e servi\u00e7os, na execu\u00e7\u00e3o de  projetos acad\u00eamicos financiados por agentes externos (p\u00fablicos e privados).<\/p>\n\n\n\n<p><\/p>\n","protected":false},"excerpt":{"rendered":"<p>Resolu\u00e7\u00e3o n\u00ba35\/2013 CONSUNI\/UFPB Fixa normas para retribui\u00e7\u00e3o a docentes por participa\u00e7\u00e3o em Bancas ou Comiss\u00f5es [&hellip;]<\/p>\n","protected":false},"author":413,"featured_media":0,"parent":0,"menu_order":0,"comment_status":"closed","ping_status":"closed","template":"","meta":{"footnotes":""},"class_list":["post-977","page","type-page","status-publish","hentry"],"_links":{"self":[{"href":"https:\/\/www.ufpb.br\/aseamf\/wp-json\/wp\/v2\/pages\/977","targetHints":{"allow":["GET"]}}],"collection":[{"href":"https:\/\/www.ufpb.br\/aseamf\/wp-json\/wp\/v2\/pages"}],"about":[{"href":"https:\/\/www.ufpb.br\/aseamf\/wp-json\/wp\/v2\/types\/page"}],"author":[{"embeddable":true,"href":"https:\/\/www.ufpb.br\/aseamf\/wp-json\/wp\/v2\/users\/413"}],"replies":[{"embeddable":true,"href":"https:\/\/www.ufpb.br\/aseamf\/wp-json\/wp\/v2\/comments?post=977"}],"version-history":[{"count":13,"href":"https:\/\/www.ufpb.br\/aseamf\/wp-json\/wp\/v2\/pages\/977\/revisions"}],"predecessor-version":[{"id":1405,"href":"https:\/\/www.ufpb.br\/aseamf\/wp-json\/wp\/v2\/pages\/977\/revisions\/1405"}],"wp:attachment":[{"href":"https:\/\/www.ufpb.br\/aseamf\/wp-json\/wp\/v2\/media?parent=977"}],"curies":[{"name":"wp","href":"https:\/\/api.w.org\/{rel}","templated":true}]}}