{"id":11,"date":"2025-12-29T15:53:34","date_gmt":"2025-12-29T18:53:34","guid":{"rendered":"https:\/\/www.ufpb.br\/audin\/?page_id=11"},"modified":"2026-01-08T10:36:32","modified_gmt":"2026-01-08T13:36:32","slug":"notas-de-auditoria","status":"publish","type":"page","link":"https:\/\/www.ufpb.br\/audin\/notas-de-auditoria\/","title":{"rendered":"Notas de Auditoria"},"content":{"rendered":"\n<p class=\" \">A Notas de Auditoria s\u00e3o os documentos destinados a dar ci\u00eancia aos gestores das impropriedades ou irregularidades apuradas no curso de um trabalho de Auditoria.<\/p>\n\n\n\n<p class=\" \">&nbsp;<\/p>\n\n\n\n<h2 class=\"wp-block-heading\"><div class=\"linha-header\">2024<\/div><\/h2>\n\n\n\n<p><strong><a href=\"http:\/\/www.ufpb.br\/audin\/wp-content\/uploads\/sites\/79\/sites\/424\/2026\/01\/na_001_2024_ets-cpt.pdf\">NA2024001<\/a><\/strong><\/p>\n\n\n\n<p>Nota de Auditoria \u00e0 Dire\u00e7\u00e3o do&nbsp; CPT-ETS&nbsp;Publicada em 02\/09\/2024 &#8211; Processo 23074.075405\/2024-56&nbsp; <\/p>\n\n\n\n<h2 class=\"wp-block-heading\"><div class=\"linha-header\">2023<\/div><\/h2>\n\n\n\n<p><strong><a href=\"http:\/\/www.ufpb.br\/audin\/wp-content\/uploads\/sites\/79\/sites\/424\/2026\/01\/nota-de-auditoria-n-001-2023.pdf\">NA2023001<\/a><\/strong><\/p>\n\n\n\n<p>Nota de Auditoria \u00e0 Dire\u00e7\u00e3o do CCHLA Publicada em 14\/03\/2023 &#8211; Processo 23074.023179\/2023-72&nbsp; &nbsp;<\/p>\n\n\n\n<h2 class=\"wp-block-heading\"><div class=\"linha-header\">2022<\/div><\/h2>\n\n\n\n<p><strong><a href=\"http:\/\/www.ufpb.br\/audin\/wp-content\/uploads\/sites\/79\/sites\/424\/2026\/01\/nota-de-auditoria-n-006-2022-1.pdf\">NA2022006<\/a><\/strong><\/p>\n\n\n\n<p>Nota de Auditoria \u00e0 Sup. de Or\u00e7amento e Finan\u00e7as Publicada em 11\/04\/2022 &#8211; Processo 23074.032314\/2022-04<\/p>\n\n\n\n<p><strong><a href=\"http:\/\/www.ufpb.br\/audin\/wp-content\/uploads\/sites\/79\/sites\/424\/2026\/01\/nota-de-auditoria-n-005-2022.pdf\">NA2022005<\/a><\/strong><\/p>\n\n\n\n<p>Nota de Auditoria ao Instituto UFPB de Desenvolvimento da Para\u00edba Publicada em 11\/04\/2022 &#8211; Processo 23074.032307\/2022-96<\/p>\n\n\n\n<p><strong><a href=\"http:\/\/www.ufpb.br\/audin\/wp-content\/uploads\/sites\/79\/sites\/424\/2026\/01\/nota-de-auditoria-n-004-2022.pdf\">NA2022004<\/a><\/strong><\/p>\n\n\n\n<p>Nota de Auditoria ao Centro de Ci\u00eancias Humanas, Sociais e Agr\u00e1rias Publicada em 11\/04\/2022 &#8211; Processo 23074.032301\/2022-64<\/p>\n\n\n\n<p><strong><a href=\"http:\/\/www.ufpb.br\/audin\/wp-content\/uploads\/sites\/79\/sites\/424\/2026\/01\/nota-de-auditoria-n-003-2022.pdf\">NA2022003<\/a><\/strong><\/p>\n\n\n\n<p>Nota de Auditoria \u00e0 Comiss\u00e3o Permanente de Pessoal Docente Publicada em 11\/04\/2022 &#8211; Processo 23074.032294\/2022-59<\/p>\n\n\n\n<p><strong><a href=\"http:\/\/www.ufpb.br\/audin\/wp-content\/uploads\/sites\/79\/sites\/424\/2026\/01\/nota-de-auditoria-n-002-2022.pdf\">NA2022002<\/a><\/strong><\/p>\n\n\n\n<p>Nota de Auditoria \u00e0 Pr\u00f3-Reitoria de P\u00f3s-Gradua\u00e7\u00e3o Publicada em 11\/04\/2022 &#8211; Processo 23074.032287\/2022-54<\/p>\n\n\n\n<p><strong><a href=\"http:\/\/www.ufpb.br\/audin\/wp-content\/uploads\/sites\/79\/sites\/424\/2026\/01\/nota-de-auditoria-n-001-2022.pdf\">NA2022001<\/a><\/strong><\/p>\n\n\n\n<p>Nota de Auditoria \u00e0 Reitoria Publicada em 11\/04\/2022 &#8211; Processo 23074.032243\/2022-78<\/p>\n\n\n\n<p><\/p>\n","protected":false},"excerpt":{"rendered":"<p>A Notas de Auditoria s\u00e3o os documentos destinados a dar ci\u00eancia aos gestores das impropriedades [&hellip;]<\/p>\n","protected":false},"author":47,"featured_media":0,"parent":0,"menu_order":0,"comment_status":"closed","ping_status":"closed","template":"","meta":{"footnotes":""},"class_list":["post-11","page","type-page","status-publish","hentry"],"_links":{"self":[{"href":"https:\/\/www.ufpb.br\/audin\/wp-json\/wp\/v2\/pages\/11","targetHints":{"allow":["GET"]}}],"collection":[{"href":"https:\/\/www.ufpb.br\/audin\/wp-json\/wp\/v2\/pages"}],"about":[{"href":"https:\/\/www.ufpb.br\/audin\/wp-json\/wp\/v2\/types\/page"}],"author":[{"embeddable":true,"href":"https:\/\/www.ufpb.br\/audin\/wp-json\/wp\/v2\/users\/47"}],"replies":[{"embeddable":true,"href":"https:\/\/www.ufpb.br\/audin\/wp-json\/wp\/v2\/comments?post=11"}],"version-history":[{"count":8,"href":"https:\/\/www.ufpb.br\/audin\/wp-json\/wp\/v2\/pages\/11\/revisions"}],"predecessor-version":[{"id":183,"href":"https:\/\/www.ufpb.br\/audin\/wp-json\/wp\/v2\/pages\/11\/revisions\/183"}],"wp:attachment":[{"href":"https:\/\/www.ufpb.br\/audin\/wp-json\/wp\/v2\/media?parent=11"}],"curies":[{"name":"wp","href":"https:\/\/api.w.org\/{rel}","templated":true}]}}