{"id":13,"date":"2025-12-29T15:53:52","date_gmt":"2025-12-29T18:53:52","guid":{"rendered":"https:\/\/www.ufpb.br\/audin\/?page_id=13"},"modified":"2026-01-08T13:45:21","modified_gmt":"2026-01-08T16:45:21","slug":"pareceres-prestacao-de-contas","status":"publish","type":"page","link":"https:\/\/www.ufpb.br\/audin\/pareceres-prestacao-de-contas\/","title":{"rendered":"Pareceres Presta\u00e7\u00e3o de Contas"},"content":{"rendered":"\n<p class=\" \">Os Pareceres de Presta\u00e7\u00e3o de Contas emitidos pela Auditoria consistem em pronunciamentos da AUDIN acerca das contas da Universidade Federal da Para\u00edba e da gest\u00e3o dos respons\u00e1veis pela sua administra\u00e7\u00e3o, em conson\u00e2ncia com a legisla\u00e7\u00e3o aplic\u00e1vel.<\/p>\n\n\n\n<h2 class=\"wp-block-heading\"><div class=\"linha-header\"><strong>PC2021<\/strong><\/div><\/h2>\n\n\n\n<p><a href=\"http:\/\/www.ufpb.br\/audin\/wp-content\/uploads\/sites\/79\/sites\/424\/2026\/01\/parecer-prestacao-de-contas_exercicio-2021-1.pdf\">Parecer &#8211; Presta\u00e7\u00e3o de Contas 2021<\/a><\/p>\n\n\n\n<h2 class=\"wp-block-heading\"><div class=\"linha-header\"><strong>PC2022<\/strong><\/div><\/h2>\n\n\n\n<p><a href=\"http:\/\/www.ufpb.br\/audin\/wp-content\/uploads\/sites\/79\/sites\/424\/2026\/01\/parecer_prestacao_de_contas_rg_ufpb_exercicio-2022-1.pdf\">Parecer &#8211; Presta\u00e7\u00e3o de Contas 2022<\/a><\/p>\n\n\n\n<h2 class=\"wp-block-heading\"><div class=\"linha-header\"><strong>PC2023<\/strong><\/div><\/h2>\n\n\n\n<p><a href=\"http:\/\/www.ufpb.br\/audin\/wp-content\/uploads\/sites\/79\/sites\/424\/2026\/01\/parecer_audin_prestacao-de-contas_ufpb_exercicio-2023.pdf\">Parecer &#8211; Presta\u00e7\u00e3o de Contas 2023<\/a><\/p>\n\n\n\n<h2 class=\"wp-block-heading\"><div class=\"linha-header\"><strong>PC2024<\/strong><\/div><\/h2>\n\n\n\n<p><a href=\"http:\/\/www.ufpb.br\/audin\/wp-content\/uploads\/sites\/79\/sites\/424\/2026\/01\/parecer_audin_rg__2024_assinado.pdf\">Parecer &#8211; Presta\u00e7\u00e3o de Contas 2024<\/a><\/p>\n\n\n\n<p><\/p>\n","protected":false},"excerpt":{"rendered":"<p>Os Pareceres de Presta\u00e7\u00e3o de Contas emitidos pela Auditoria consistem em pronunciamentos da AUDIN acerca [&hellip;]<\/p>\n","protected":false},"author":47,"featured_media":0,"parent":0,"menu_order":0,"comment_status":"closed","ping_status":"closed","template":"","meta":{"footnotes":""},"class_list":["post-13","page","type-page","status-publish","hentry"],"_links":{"self":[{"href":"https:\/\/www.ufpb.br\/audin\/wp-json\/wp\/v2\/pages\/13","targetHints":{"allow":["GET"]}}],"collection":[{"href":"https:\/\/www.ufpb.br\/audin\/wp-json\/wp\/v2\/pages"}],"about":[{"href":"https:\/\/www.ufpb.br\/audin\/wp-json\/wp\/v2\/types\/page"}],"author":[{"embeddable":true,"href":"https:\/\/www.ufpb.br\/audin\/wp-json\/wp\/v2\/users\/47"}],"replies":[{"embeddable":true,"href":"https:\/\/www.ufpb.br\/audin\/wp-json\/wp\/v2\/comments?post=13"}],"version-history":[{"count":5,"href":"https:\/\/www.ufpb.br\/audin\/wp-json\/wp\/v2\/pages\/13\/revisions"}],"predecessor-version":[{"id":232,"href":"https:\/\/www.ufpb.br\/audin\/wp-json\/wp\/v2\/pages\/13\/revisions\/232"}],"wp:attachment":[{"href":"https:\/\/www.ufpb.br\/audin\/wp-json\/wp\/v2\/media?parent=13"}],"curies":[{"name":"wp","href":"https:\/\/api.w.org\/{rel}","templated":true}]}}