{"id":21,"date":"2025-12-29T15:57:21","date_gmt":"2025-12-29T18:57:21","guid":{"rendered":"https:\/\/www.ufpb.br\/audin\/?page_id=21"},"modified":"2026-01-09T15:19:43","modified_gmt":"2026-01-09T18:19:43","slug":"legislacao","status":"publish","type":"page","link":"https:\/\/www.ufpb.br\/audin\/legislacao\/","title":{"rendered":"Legisla\u00e7\u00e3o"},"content":{"rendered":"\n<h2 class=\"wp-block-heading\"><div class=\"linha-header\">Regimento Interno da Unidade de Auditoria Interna da UFPB<\/div><\/h2>\n\n\n\n<p><a href=\"http:\/\/www.ufpb.br\/audin\/wp-content\/uploads\/sites\/79\/sites\/424\/2026\/01\/res-_10-2021_consuni_regimento_interno_audin.pdf\">Resolu\u00e7\u00e3o n\u00ba 10\/2021 do Conselho Universit\u00e1rio da Universidade Federal da Para\u00edba<\/a><\/p>\n\n\n\n<h2 class=\"wp-block-heading\"><div class=\"linha-header\">Portaria n\u00ba 3.113, de 19 de setembro de 2025 da Controladoria-Geral da Uni\u00e3o<\/div><\/h2>\n\n\n\n<p><a href=\"https:\/\/www.in.gov.br\/web\/dou\/-\/portaria-n-3.113-de-19-de-setembro-de-2025-657183391\">Delibera\u00e7\u00e3o CCCI n\u00ba 03\/2025: Uso da Intelig\u00eancia Artificial (IA) pelas Unidades de Auditoria Interna Governamental (UAIG)<\/a><\/p>\n\n\n\n<h2 class=\"wp-block-heading\"><div class=\"linha-header\">Portaria n\u00ba 4.826, de 18 de dezembro de 2024 da Controladoria-Geral da Uni\u00e3o<\/div><\/h2>\n\n\n\n<p><a href=\"https:\/\/www.in.gov.br\/web\/dou\/-\/portaria-n-4.826-de-18-de-dezembro-de-2024-602950577\">Delibera\u00e7\u00e3o CCCI n\u00ba 04\/2024:\u00a0Considera\u00e7\u00e3o das expectativas da Alta Administra\u00e7\u00e3o e demais partes interessadas para elabora\u00e7\u00e3o do Plano de Auditoria Interna (PAINT)<\/a><\/p>\n\n\n\n<h2 class=\"wp-block-heading\"><div class=\"linha-header\">Portaria n\u00ba 2.823, de 29 de agosto de 2024 da Controladoria-Geral da Uni\u00e3o<\/div><\/h2>\n\n\n\n<p><a href=\"https:\/\/www.in.gov.br\/en\/web\/dou\/-\/portaria-n-2.823-de-29-de-agosto-de-2024-581218301\">Delibera\u00e7\u00e3o CCCI n\u00ba 03\/2024:\u00a0Avalia\u00e7\u00f5es internas e externas de qualidade\u00a0\u00a0<\/a><\/p>\n\n\n\n<h2 class=\"wp-block-heading\"><div class=\"linha-header\">Portaria n\u00ba 2.821, de 29 de agosto de 2024 da Controladoria-Geral da Uni\u00e3o<\/div><\/h2>\n\n\n\n<p><a href=\"https:\/\/www.in.gov.br\/en\/web\/dou\/-\/portaria-n-2.821-de-29-de-agosto-de-2024-581189836\">Delibera\u00e7\u00e3o CCCI n\u00ba 02\/2024:\u00a0Gest\u00e3o de compet\u00eancias na atividade de auditoria interna governamental\u00a0<\/a><\/p>\n\n\n\n<h2 class=\"wp-block-heading\"><div class=\"linha-header\">Instru\u00e7\u00e3o Normativa n\u00ba 05\/2021 da Secretaria Federal de Controle Interno<\/div><\/h2>\n\n\n\n<p><a href=\"https:\/\/www.in.gov.br\/en\/web\/dou\/-\/instrucao-normativa-n-5-de-27-de-agosto-de-2021-342352374\">Disp\u00f5e sobre o Plano Anual de Auditoria Interna, sobre o Relat\u00f3rio Anual de Atividades de Auditoria Interna e sobre o parecer de presta\u00e7\u00e3o de contas<\/a><\/p>\n\n\n\n<h2 class=\"wp-block-heading\"><div class=\"linha-header\">Instru\u00e7\u00e3o Normativa n\u00ba 10\/2020 da Secretaria Federal de Controle Interno<\/div><\/h2>\n\n\n\n<p><a href=\"https:\/\/www.in.gov.br\/en\/web\/dou\/-\/instrucao-normativa-n-10-de-28-de-abril-de-2020-254433622\">Sistem\u00e1tica de Quantifica\u00e7\u00e3o e Registro dos Resultados e Benef\u00edcios da Atividade de Auditoria Interna Governamental<\/a><\/p>\n\n\n\n<h2 class=\"wp-block-heading\"><div class=\"linha-header\">Instru\u00e7\u00e3o Normativa n\u00ba 13\/2020 da Secretaria Federal de Controle Interno<\/div><\/h2>\n\n\n\n<p><a href=\"https:\/\/www.in.gov.br\/en\/web\/dou\/-\/instrucao-normativa-n-13-de-6-de-maio-de-2020-255615399\">Requisitos M\u00ednimos a Serem Observados nos Estatutos das Unidades de Auditoria Interna Governamental\u00a0<\/a><\/p>\n\n\n\n<h2 class=\"wp-block-heading\"><div class=\"linha-header\">Portaria n\u00ba 777\/2019 da Controladoria-Geral da Uni\u00e3o<\/div><\/h2>\n\n\n\n<p><a href=\"https:\/\/www.in.gov.br\/materia\/-\/asset_publisher\/Kujrw0TZC2Mb\/content\/id\/64160869\">Utiliza\u00e7\u00e3o das Metodologias IA-CM e QA pelas Unidades de Auditoria Interna Governamental<\/a><\/p>\n\n\n\n<h2 class=\"wp-block-heading\"><div class=\"linha-header\">Instru\u00e7\u00e3o Normativa n\u00ba 08\/2017 da Secretaria Federal de Controle Interno<\/div><\/h2>\n\n\n\n<p><a href=\"http:\/\/www.ufpb.br\/audin\/wp-content\/uploads\/sites\/79\/sites\/424\/2026\/01\/manual-de-orientacoes-tecnicas-MOT-CGU.pdf\">Manual de Orienta\u00e7\u00f5es T\u00e9cnicas da Atividade de Auditoria Interna Governamental<\/a><\/p>\n\n\n\n<h2 class=\"wp-block-heading\"><div class=\"linha-header\">Instru\u00e7\u00e3o Normativa n\u00ba 03\/2017 da Secretaria Federal de Controle Interno<\/div><\/h2>\n\n\n\n<p><a href=\"https:\/\/www.in.gov.br\/materia\/-\/asset_publisher\/Kujrw0TZC2Mb\/content\/id\/19111706\/do1-2017-06-12-instrucao-normativa-n-3-de-9-de-junho-de-2017-19111304\">Referencial T\u00e9cnico da Atividade de Auditoria Interna Governamental<\/a><\/p>\n\n\n\n<h2 class=\"wp-block-heading\"><div class=\"linha-header\"><\/div><\/h2>\n\n\n\n<p><\/p>\n","protected":false},"excerpt":{"rendered":"<p>Regimento Interno da Unidade de Auditoria Interna da UFPB Resolu\u00e7\u00e3o n\u00ba 10\/2021 do Conselho Universit\u00e1rio [&hellip;]<\/p>\n","protected":false},"author":47,"featured_media":0,"parent":0,"menu_order":0,"comment_status":"closed","ping_status":"closed","template":"","meta":{"footnotes":""},"class_list":["post-21","page","type-page","status-publish","hentry"],"_links":{"self":[{"href":"https:\/\/www.ufpb.br\/audin\/wp-json\/wp\/v2\/pages\/21","targetHints":{"allow":["GET"]}}],"collection":[{"href":"https:\/\/www.ufpb.br\/audin\/wp-json\/wp\/v2\/pages"}],"about":[{"href":"https:\/\/www.ufpb.br\/audin\/wp-json\/wp\/v2\/types\/page"}],"author":[{"embeddable":true,"href":"https:\/\/www.ufpb.br\/audin\/wp-json\/wp\/v2\/users\/47"}],"replies":[{"embeddable":true,"href":"https:\/\/www.ufpb.br\/audin\/wp-json\/wp\/v2\/comments?post=21"}],"version-history":[{"count":10,"href":"https:\/\/www.ufpb.br\/audin\/wp-json\/wp\/v2\/pages\/21\/revisions"}],"predecessor-version":[{"id":289,"href":"https:\/\/www.ufpb.br\/audin\/wp-json\/wp\/v2\/pages\/21\/revisions\/289"}],"wp:attachment":[{"href":"https:\/\/www.ufpb.br\/audin\/wp-json\/wp\/v2\/media?parent=21"}],"curies":[{"name":"wp","href":"https:\/\/api.w.org\/{rel}","templated":true}]}}