{"id":23,"date":"2025-12-29T15:57:40","date_gmt":"2025-12-29T18:57:40","guid":{"rendered":"https:\/\/www.ufpb.br\/audin\/?page_id=23"},"modified":"2025-12-29T19:52:59","modified_gmt":"2025-12-29T22:52:59","slug":"glossario-de-termos-da-auditoria-interna-governamental","status":"publish","type":"page","link":"https:\/\/www.ufpb.br\/audin\/glossario-de-termos-da-auditoria-interna-governamental\/","title":{"rendered":"Gloss\u00e1rio de Termos da Auditoria Interna Governamental"},"content":{"rendered":"\n<p>O presente Gloss\u00e1rio busca facilitar o entendimento dos termos t\u00e9cnicos empregados na atividade de auditoria interna governamental, buscando melhor compreens\u00e3o da atividade pelos respons\u00e1veis pela governan\u00e7a, gestores e demais partes interessadas da UFPB.<\/p>\n\n\n\n<p><em><strong>ACCOUNTABILITY<\/strong><\/em><strong>:<\/strong>&nbsp;Obriga\u00e7\u00e3o dos agentes e das organiza\u00e7\u00f5es que gerenciam recursos p\u00fablicos de assumir integralmente as responsabilidades por suas decis\u00f5es e pela presta\u00e7\u00e3o de contas de sua atua\u00e7\u00e3o de forma volunt\u00e1ria, inclusive sobre as consequ\u00eancias de seus atos e omiss\u00f5es.<\/p>\n\n\n\n<p><strong>ACHADO DE AUDITORIA:<\/strong>&nbsp;\u00c9 o resultado da compara\u00e7\u00e3o entre um crit\u00e9rio preestabelecido pela equipe de auditoria durante a fase de planejamento e a condi\u00e7\u00e3o real encontrada durante a realiza\u00e7\u00e3o dos exames, comprovada por evid\u00eancias.<\/p>\n\n\n\n<p><strong>APETITE A RISCO:<\/strong>&nbsp;N\u00edvel de risco que uma organiza\u00e7\u00e3o est\u00e1 disposta a aceitar.<\/p>\n\n\n\n<p><strong>ATIVIDADE DE AUDITORIA INTERNA GOVERNAMENTAL:<\/strong>&nbsp;Atividade independente e objetiva de avalia\u00e7\u00e3o e consultoria, desenhada para adicionar valor e melhorar as opera\u00e7\u00f5es das organiza\u00e7\u00f5es p\u00fablicas.<\/p>\n\n\n\n<p><strong>AVALIA\u00c7\u00c3O<\/strong>:&nbsp;\u00c9 o&nbsp;exame objetivo de evid\u00eancias com o fim de fornecer uma vis\u00e3o t\u00e9cnica conclusiva sobre o seu&nbsp;n\u00edvel de desenvolvimento ou de conformidade.<\/p>\n\n\n\n<p><strong>AUDITADO:<\/strong>&nbsp;\u00c9 a&nbsp;unidade, setor ou entidade que est\u00e1 sujeita a uma a\u00e7\u00e3o de auditoria.<\/p>\n\n\n\n<p><strong>AUDITOR INTERNO GOVERNAMENTAL:<\/strong>&nbsp;Servidor ou empregado p\u00fablico, civil ou militar, que exerce atividades de auditoria interna governamental, em uma Unidade de Auditoria Interna Governamental.<\/p>\n\n\n\n<p><strong>BENEF\u00cdCIO EFETIVO:<\/strong>&nbsp;Impacto positivo na gest\u00e3o p\u00fablica, comprovado, decorrente da implementa\u00e7\u00e3o de orienta\u00e7\u00f5es e recomenda\u00e7\u00f5es provenientes das atividades de auditoria interna executadas pela UAIG; consiste no tipo de benef\u00edcio que deve ser registrado como resultado da atua\u00e7\u00e3o da atividade de auditoria interna.<\/p>\n\n\n\n<p><strong>BENEF\u00cdCIO FINANCEIRO:&nbsp;<\/strong>Benef\u00edcio que pode ser representado monetariamente e demonstrado por meio de documenta\u00e7\u00e3o comprobat\u00f3ria, preferencialmente fornecida pelo gestor; inclui aqueles decorrentes de recupera\u00e7\u00e3o de preju\u00edzo.<\/p>\n\n\n\n<p><strong>BENEF\u00cdCIO N\u00c3O-FINANCEIRO:&nbsp;<\/strong>Benef\u00edcio que demonstra impacto positivo de forma monet\u00e1ria estruturante, ou seja, que se direciona a um processo ou atividade fundamental da administra\u00e7\u00e3o p\u00fablica, mas que n\u00e3o \u00e9 pass\u00edvel de representa\u00e7\u00e3o (como melhorias gerenciais, em normativos ou em controles internos, por exemplo), devendo ser quantificado, se poss\u00edvel, em alguma unidade n\u00e3o monet\u00e1ria.<\/p>\n\n\n\n<p><strong>CADASTRO DE RISCOS:&nbsp;<\/strong>\u00c9 uma lista de riscos, interdependentes ou n\u00e3o, que cont\u00eam caracter\u00edsticas semelhantes.<\/p>\n\n\n\n<p><strong>CAUSA-RAIZ:&nbsp;<\/strong>Causa prim\u00e1ria ou causas que deram origem a uma dificuldade, um erro ou um caso de n\u00e3o conformidade.<\/p>\n\n\n\n<p><strong>CETICISMO PROFISSIONAL:&nbsp;<\/strong>Postura que inclui uma mente questionadora e alerta para condi\u00e7\u00f5es que possam indicar poss\u00edvel distor\u00e7\u00e3o devido a erro ou fraude e uma avalia\u00e7\u00e3o cr\u00edtica das evid\u00eancias de auditoria.<\/p>\n\n\n\n<p><strong>CIRCULARIZA\u00c7\u00c3O:<\/strong>&nbsp;\u00c9 a t\u00e9cnica utilizada para a obten\u00e7\u00e3o de declara\u00e7\u00e3o formal e independente de parte externas (pessoas, empresas, \u00f3rg\u00e3os fiscalizadores etc.) a respeito de fatos ligados \u00e0s opera\u00e7\u00f5es da Unidade Auditada.<\/p>\n\n\n\n<p><strong>CONFLITO DE INTERESSE:&nbsp;<\/strong>Situa\u00e7\u00e3o na qual o auditor interno governamental tem interesse profissional ou pessoal conflitante com o desempenho da auditoria, comprometendo sua objetividade.<\/p>\n\n\n\n<p><strong>CONTROLE INTERNO ADMINISTRATIVO:&nbsp;<\/strong>(ver Controles Internos da Gest\u00e3o)<\/p>\n\n\n\n<p><strong>CONTROLE COMPLEMENTAR:&nbsp;<\/strong>S\u00e3o os controles que trabalham junto com outros controles para reduzir o risco a um n\u00edvel aceit\u00e1vel.<\/p>\n\n\n\n<p><strong>CONTROLE CORRETIVO:&nbsp;<\/strong>S\u00e3o os controles que corrigem os efeitos negativos de eventos indesejados.<\/p>\n\n\n\n<p><strong>CONTROLE DIRETIVO:&nbsp;<\/strong>Causam ou incentivam a ocorr\u00eancia de um evento desej\u00e1vel. Exemplo: treinamento de funcion\u00e1rios, manuais.<\/p>\n\n\n\n<p><strong>CONTROLES INTERNOS DA GEST\u00c3O:<\/strong>&nbsp;Conjunto de regras, procedimentos, diretrizes, protocolos, rotinas de sistemas informatizados, confer\u00eancias e tr\u00e2mites de documentos e informa\u00e7\u00f5es, entre outros, operacionalizados de forma integrada pela alta administra\u00e7\u00e3o, pelos gestores e pelo corpo de servidores e empregados, destinados a enfrentar os riscos e fornecer seguran\u00e7a razo\u00e1vel de que, na consecu\u00e7\u00e3o da miss\u00e3o da entidade, os objetivos gerais sejam alcan\u00e7ados.<\/p>\n\n\n\n<p><strong>CONTROLES INTERNOS CHAVE:<\/strong>&nbsp;Conjunto de&nbsp;medidas relevantes tomadas pela organiza\u00e7\u00e3o para evitar a ocorr\u00eancia de um risco associado a um objetivo fundamental para a organiza\u00e7\u00e3o, ou seja, todas as medidas adotadas para mitigar a ocorr\u00eancia de riscos e aumentar a probabilidade de atingir os principais objetivos estabelecidos.<\/p>\n\n\n\n<p><strong>CONTROLE PREVENTIVO:&nbsp;<\/strong>S\u00e3o os controles que impedem a ocorr\u00eancia de eventos indesejados.<\/p>\n\n\n\n<p><strong>CRIT\u00c9RIO:<\/strong>&nbsp;\u00c9 o padr\u00e3o ou par\u00e2metro utilizado para avaliar se o objeto auditado atende, excede ou est\u00e1 aqu\u00e9m do desempenho esperado.<\/p>\n\n\n\n<p><strong>DISTOR\u00c7\u00c3O RELEVANTE:&nbsp;<\/strong>Distor\u00e7\u00f5es, incluindo omiss\u00f5es, s\u00e3o consideradas relevantes se, individualmente ou em conjunto, puderem razoavelmente influenciar as decis\u00f5es relevantes dos usu\u00e1rios previstos tomadas com base na informa\u00e7\u00e3o do objeto.<\/p>\n\n\n\n<p><strong>ERRO:&nbsp;<\/strong>Ato n\u00e3o-volunt\u00e1rio, n\u00e3o-intencional, resultante de omiss\u00e3o, desconhecimento, imper\u00edcia, imprud\u00eancia, desaten\u00e7\u00e3o ou m\u00e1 interpreta\u00e7\u00e3o de fatos na elabora\u00e7\u00e3o de documentos, registros ou demonstra\u00e7\u00f5es.<\/p>\n\n\n\n<p><strong>EVENTO:<\/strong>&nbsp;Situa\u00e7\u00f5es que afetam as atividades da organiza\u00e7\u00e3o, sendo considerado indesej\u00e1vel, quando causa impacto negativo e contribui para ocorr\u00eancia do risco.<\/p>\n\n\n\n<p><strong>EVID\u00caNCIA:<\/strong>&nbsp;S\u00e3o as informa\u00e7\u00f5es coletadas, analisadas e avaliadas pelo auditor para apoiar os achados e as conclus\u00f5es do trabalho de auditoria. Constituem meio de informa\u00e7\u00e3o ou de prova para fundamentar a opini\u00e3o da UAIG e, ao mesmo tempo, reduzir o risco de auditoria a um n\u00edvel aceit\u00e1vel.<\/p>\n\n\n\n<p><strong>FRAUDE:&nbsp;<\/strong>Quaisquer atos ilegais caracterizados por desonestidade, dissimula\u00e7\u00e3o ou quebra de confian\u00e7a, a fim de se obter dinheiro, propriedade ou servi\u00e7os; para evitar pagamento ou perda de servi\u00e7os; ou para garantir vantagem pessoal ou em neg\u00f3cios.<\/p>\n\n\n\n<p><strong>GERENCIAMENTO DE RISCOS:&nbsp;<\/strong>Processo para identificar, analisar, avaliar, administrar e controlar potenciais eventos ou situa\u00e7\u00f5es, para fornecer razo\u00e1vel certeza quanto ao alcance dos objetivos da organiza\u00e7\u00e3o.<\/p>\n\n\n\n<p><strong>GOVERNAN\u00c7A:&nbsp;<\/strong>Combina\u00e7\u00e3o de processos e estruturas implantadas pela alta administra\u00e7\u00e3o, para informar, dirigir, administrar e monitorar as atividades da organiza\u00e7\u00e3o, com o intuito de alcan\u00e7ar os seus objetivos.<\/p>\n\n\n\n<p><strong>ILEGALIDADE:<\/strong>&nbsp;\u00c9 o ato ou fato contr\u00e1rio ao ordenamento jur\u00eddico, inclu\u00eddos as leis e outros atos normativos, bem como os princ\u00edpios jur\u00eddicos.<\/p>\n\n\n\n<p><strong>IMPROPRIEDADE:<\/strong>&nbsp;S\u00e3o falhas de natureza formal de que n\u00e3o resulte dano ao er\u00e1rio e outras que t\u00eam o potencial para conduzir \u00e0 inobserv\u00e2ncia aos princ\u00edpios da administra\u00e7\u00e3o p\u00fablica ou \u00e0 infra\u00e7\u00e3o de normas legais e regulamentares.<\/p>\n\n\n\n<p><strong>INDEPEND\u00caNCIA:&nbsp;<\/strong>\u00c9 a imunidade quanto \u00e0s condi\u00e7\u00f5es que amea\u00e7am a capacidade da atividade de auditoria interna de conduzir suas responsabilidades de maneira imparcial.<\/p>\n\n\n\n<p><strong>JULGAMENTO PROFISSIONAL:<\/strong><strong>&nbsp;<\/strong>\u00c9 a aplica\u00e7\u00e3o do treinamento, conhecimento e experi\u00eancia relevantes, dentro do contexto fornecido pelas normas de auditoria, cont\u00e1beis e \u00e9ticas, na tomada de decis\u00f5es informadas a respeito dos cursos de a\u00e7\u00e3o apropriados nas circunst\u00e2ncias do trabalho de auditoria.<\/p>\n\n\n\n<p><strong>MAGNITUDE DO RISCO:&nbsp;<\/strong>N\u00edvel de risco medido em termos de impacto e probabilidade. A nomenclatura pode variar no \u00e2mbito de cada \u00f3rg\u00e3o\/entidade.<\/p>\n\n\n\n<p><strong>MONITORAMENTO:&nbsp;<\/strong>\u00c9 o&nbsp;processo que avalia a presen\u00e7a e funcionamento da governan\u00e7a, gerenciamento de riscos e controle ao longo do tempo.<\/p>\n\n\n\n<p><strong>NOTA DE AUDITORIA (NA):&nbsp;<\/strong>\u00c9 o documento emitido no decorrer dos exames para&nbsp;recomendar provid\u00eancias imediatas a serem adotadas pela unidade auditada, visando eliminar situa\u00e7\u00e3o potencialmente danosa ao er\u00e1rio, pass\u00edvel de ser evitada pela assun\u00e7\u00e3o de procedimento corretivo.<\/p>\n\n\n\n<p><strong>OBJETIVIDADE:<\/strong>&nbsp;Refere-se a atitude mental imparcial que permite aos auditores internos executarem os trabalhos de auditoria de maneira a terem uma confian\u00e7a no resultado de seu trabalho e que n\u00e3o seja feito nenhum comprometimento da qualidade.<\/p>\n\n\n\n<p><strong>OBJETO DE AUDITORIA:&nbsp;<\/strong>Unidade, fun\u00e7\u00e3o, processo, sistema ou similar, sob a responsabilidade de uma Unidade Auditada, sobre a qual pode ser realizada atividades avalia\u00e7\u00e3o ou consultoria pela UAIG.<\/p>\n\n\n\n<p><strong>ORDEM DE SERVI\u00c7O (OS):&nbsp;<\/strong>Documento expedido pelo respons\u00e1vel pela AUDIN que autoriza formalmente \u00e0 equipe realizar o trabalho de auditoria, o qual deve trazer a s\u00edntese das principais diretrizes e informa\u00e7\u00f5es acerca da atividade a ser realizada como: objeto da auditoria, objetivo, prazo previsto, membros da equipe, respons\u00e1vel pela coordena\u00e7\u00e3o dos trabalhos, unidade auditada, dentre outras informa\u00e7\u00f5es.<\/p>\n\n\n\n<p><strong>PAP\u00c9IS DE TRABALHO:&nbsp;<\/strong>Constituem os documentos que suportam o trabalho de auditoria, contendo o registro das informa\u00e7\u00f5es utilizadas pelos auditores internos governamentais, das verifica\u00e7\u00f5es realizadas e das conclus\u00f5es a que chegaram.<\/p>\n\n\n\n<p><strong>PARECER SOBRE A PRESTA\u00c7\u00c3O DE CONTAS ANUAL:<\/strong>&nbsp;Documento t\u00e9cnico emitido pelo titular da Unidade de Auditoria Interna sobre a gest\u00e3o, o qual&nbsp;deve expressar opini\u00e3o geral, com base nos trabalhos de auditorias individuais previstos e executados no \u00e2mbito do PAINT, sobre a adequa\u00e7\u00e3o dos processos de governan\u00e7a, gest\u00e3o de riscos e controles internos institu\u00eddos pela entidade.&nbsp;<\/p>\n\n\n\n<p><strong>PLANO ANUAL DE AUDITORIA INTERNA (PAINT):<\/strong>&nbsp;\u00c9 o documento devidamente formalizado contendo a prioriza\u00e7\u00e3o dos trabalhos de auditoria para o exerc\u00edcio seguinte.<\/p>\n\n\n\n<p><strong>POL\u00cdTICA DE GEST\u00c3O DE RISCOS:&nbsp;<\/strong>Declara\u00e7\u00e3o das inten\u00e7\u00f5es e das diretrizes gerais de uma organiza\u00e7\u00e3o relacionadas \u00e0 gest\u00e3o de riscos.<\/p>\n\n\n\n<p><strong>PROBABILIDADE:<\/strong>&nbsp;Trata-se da possibilidade de que um dado evento possa ocorrer. Pode ser expressa utilizando-se de termos qualitativos (frequente, comum, poss\u00edvel, incomum, raro) ou quantitativos, como percentual de probabilidade ou frequ\u00eancia.<\/p>\n\n\n\n<p><strong>PROCEDIMENTO DE AUDITORIA:<\/strong>&nbsp;Conjunto de exames, previstos no programa de trabalho, com a finalidade de obter evid\u00eancias suficientes, confi\u00e1veis, fidedignas, relevantes e \u00fateis, que permitam responder a uma quest\u00e3o de auditoria definida na fase de planejamento do trabalho.<\/p>\n\n\n\n<p><strong>RASTREAMENTO:<\/strong>&nbsp;T\u00e9cnica em que o auditor seleciona documentos que representam transa\u00e7\u00f5es e, posteriormente verifica se aquelas transa\u00e7\u00f5es foram de fato registradas no sistema cont\u00e1bil.<\/p>\n\n\n\n<p><strong>RECOMENDA\u00c7\u00d5ES:<\/strong>&nbsp;Consistem em a\u00e7\u00f5es que a UAIG solicita \u00e0s Unidades Auditadas que adotem com a finalidade de corrigir falhas, aperfei\u00e7oar processos. S\u00e3o fundamentais para que a auditoria interna atinja seu prop\u00f3sito de agregar valor \u00e0 gest\u00e3o.<\/p>\n\n\n\n<p><strong>RELAT\u00d3RIO ANUAL DE ATIVIDADES DE AUDITORIA INTERNA (RAINT):<\/strong>&nbsp;\u00c9 o documento t\u00e9cnico que apresenta os resultados dos trabalhos de auditoria interna realizados em compara\u00e7\u00e3o aos previstos no planejamento anual.<\/p>\n\n\n\n<p><strong>RELAT\u00d3RIO DE AUDITORIA:<\/strong>&nbsp;\u00c9 o&nbsp;documento t\u00e9cnico conclusivo, emitido pela equipe de auditoria ao final dos trabalhos, que refletir\u00e1 os resultados obtidos, as constata\u00e7\u00f5es, bem como as recomenda\u00e7\u00f5es a serem adotadas, visando agregar valor \u00e0 organiza\u00e7\u00e3o.<\/p>\n\n\n\n<p><strong>RISCO:&nbsp;<\/strong>Possibilidade de ocorrer um evento que venha a ter impacto no cumprimento dos objetivos da Unidade Auditada. Em geral, o risco \u00e9 medido em termos de impacto e de probabilidade.<\/p>\n\n\n\n<p><strong>RISCO DE AUDITORIA:&nbsp;<\/strong>Consiste na possibilidade de que a informa\u00e7\u00e3o ou atividade sujeita a exame contenha erros significativos ou irregularidades e n\u00e3o sejam detectadas na execu\u00e7\u00e3o da auditoria.<\/p>\n\n\n\n<p><strong>RISCO DE CONTROLE:&nbsp;<\/strong>Risco de que um erro ou classifica\u00e7\u00e3o indevida materiais que possam constar de uma afirma\u00e7\u00e3o n\u00e3o sejam evitados ou detectados tempestivamente pelos controles internos da entidade.<\/p>\n\n\n\n<p><strong>RISCO DE DETEC\u00c7\u00c3O:&nbsp;<\/strong>\u00c9 o risco de que os procedimentos executados pelo auditor para reduzir o risco de auditoria a um n\u00edvel aceitavelmente baixo n\u00e3o detectem uma distor\u00e7\u00e3o existente que possa ser relevante, individualmente ou em conjunto com outras distor\u00e7\u00f5es.<\/p>\n\n\n\n<p><strong>RISCO INERENTE:&nbsp;<\/strong>Risco a que uma organiza\u00e7\u00e3o est\u00e1 exposta sem considerar quaisquer a\u00e7\u00f5es gerenciais que possam reduzir a probabilidade de sua ocorr\u00eancia ou seu impacto.<\/p>\n\n\n\n<p><strong>SEGREGA\u00c7\u00c3O DE FUN\u00c7\u00d5ES:&nbsp;<\/strong>Consiste na separa\u00e7\u00e3o de fun\u00e7\u00f5es de tal forma que estejam segregadas entre pessoas diferentes, a fim de reduzir o risco de erros ou de a\u00e7\u00f5es inadequadas ou fraudulentas. Geralmente implica dividir as responsabilidades de registro, autoriza\u00e7\u00e3o e aprova\u00e7\u00e3o de transa\u00e7\u00f5es, bem como manuseio dos ativos.<\/p>\n\n\n\n<p><strong>SERVI\u00c7OS DE AVALIA\u00c7\u00c3O:&nbsp;<\/strong>Atividade de auditoria interna governamental que consiste no exame objetivo da evid\u00eancia, com o prop\u00f3sito de fornecer ao \u00f3rg\u00e3o ou entidade da Administra\u00e7\u00e3o P\u00fablica Federal uma avalia\u00e7\u00e3o tecnicamente aut\u00f4noma e objetiva sobre o escopo da auditoria.<\/p>\n\n\n\n<p><strong>SERVI\u00c7OS DE CONSULTORIA:&nbsp;<\/strong>Atividade de auditoria interna governamental que consiste em assessoramento, aconselhamento e servi\u00e7os relacionados, prestados em decorr\u00eancia de solicita\u00e7\u00e3o espec\u00edfica do \u00f3rg\u00e3o ou entidade da Administra\u00e7\u00e3o P\u00fablica Federal, cuja natureza e escopo s\u00e3o acordados previamente e que se destinam a adicionar valor e a aperfei\u00e7oar os processos de governan\u00e7a, de gerenciamento de riscos e a implementa\u00e7\u00e3o de controles internos na organiza\u00e7\u00e3o, sem que o auditor interno governamental assuma qualquer responsabilidade que seja da administra\u00e7\u00e3o da Unidade Auditada.<\/p>\n\n\n\n<p><strong>SISTEMA DE CONTROLE INTERNO (SCI):<\/strong>&nbsp;No \u00e2mbito do Poder Executivo Federal, compreende a estrutura estabelecida pela Lei 10.180, de 6 de fevereiro de 2001, tendo como \u00f3rg\u00e3o central a Secretaria Federal de Controle (CGU), atuando por meio de suas unidades regionais.<\/p>\n\n\n\n<p><strong>SOLICITA\u00c7\u00c3O DE AUDITORIA (SA):<\/strong>&nbsp;\u00c9 o documento utilizado pela auditoria interna para solicitar \u00e0 unidade auditada documentos, informa\u00e7\u00f5es e esclarecimentos sobre os assuntos pertinentes&nbsp;\u00e0 a\u00e7\u00e3o de auditoria executada.<\/p>\n\n\n\n<p><strong>UNIDADE AUDITADA:&nbsp;<\/strong>\u00d3rg\u00e3o ou entidade da Administra\u00e7\u00e3o P\u00fablica Federal para o qual uma determinada UAIG tem a responsabilidade de contribuir com a gest\u00e3o, por meio de atividades de avalia\u00e7\u00e3o e consultoria.<\/p>\n\n\n\n<p><strong>UNIDADE DE AUDITORIA INTERNA GOVERNAMENTAL (UAIG):<\/strong>&nbsp;Unidade respons\u00e1vel pela presta\u00e7\u00e3o de servi\u00e7os independentes e objetivos de avalia\u00e7\u00e3o e consultoria, desenvolvidos para adicionar valor e melhorar as opera\u00e7\u00f5es da organiza\u00e7\u00e3o.<\/p>\n\n\n\n<p><strong>UNIVERSO DE AUDITORIA:&nbsp;<\/strong>Consiste no conjunto de objetos sobre os quais a UAIG pode realizar suas atividades, como: unidades de neg\u00f3cios, linhas de produtos ou servi\u00e7os, macroprocessos, processos, programas, sistemas, controles, opera\u00e7\u00f5es, contas, divis\u00f5es, fun\u00e7\u00f5es, procedimentos, pol\u00edticas.&nbsp;<\/p>\n\n\n\n<p><strong><em>VOUCHING<\/em>:<\/strong>&nbsp;T\u00e9cnica em que o auditor seleciona primeiramente as transa\u00e7\u00f5es e, em seguida, verifica se existe de fato a documenta\u00e7\u00e3o que lhe serve de base e, por conseguinte, se aquela transa\u00e7\u00e3o de fato ocorreu.&nbsp;<\/p>\n\n\n\n<p><strong>Fonte:&nbsp;<\/strong>Manual de orienta\u00e7\u00f5es t\u00e9cnicas da atividade de auditoria governamental do Poder Executivo Federal. Minist\u00e9rio da Transpar\u00eancia e Controladoria-Geral da Uni\u00e3o. Bras\u00edlia: CGU,2017.<\/p>\n","protected":false},"excerpt":{"rendered":"<p>O presente Gloss\u00e1rio busca facilitar o entendimento dos termos t\u00e9cnicos empregados na atividade de auditoria [&hellip;]<\/p>\n","protected":false},"author":47,"featured_media":0,"parent":0,"menu_order":0,"comment_status":"closed","ping_status":"closed","template":"","meta":{"footnotes":""},"class_list":["post-23","page","type-page","status-publish","hentry"],"_links":{"self":[{"href":"https:\/\/www.ufpb.br\/audin\/wp-json\/wp\/v2\/pages\/23","targetHints":{"allow":["GET"]}}],"collection":[{"href":"https:\/\/www.ufpb.br\/audin\/wp-json\/wp\/v2\/pages"}],"about":[{"href":"https:\/\/www.ufpb.br\/audin\/wp-json\/wp\/v2\/types\/page"}],"author":[{"embeddable":true,"href":"https:\/\/www.ufpb.br\/audin\/wp-json\/wp\/v2\/users\/47"}],"replies":[{"embeddable":true,"href":"https:\/\/www.ufpb.br\/audin\/wp-json\/wp\/v2\/comments?post=23"}],"version-history":[{"count":1,"href":"https:\/\/www.ufpb.br\/audin\/wp-json\/wp\/v2\/pages\/23\/revisions"}],"predecessor-version":[{"id":24,"href":"https:\/\/www.ufpb.br\/audin\/wp-json\/wp\/v2\/pages\/23\/revisions\/24"}],"wp:attachment":[{"href":"https:\/\/www.ufpb.br\/audin\/wp-json\/wp\/v2\/media?parent=23"}],"curies":[{"name":"wp","href":"https:\/\/api.w.org\/{rel}","templated":true}]}}