{"id":25,"date":"2025-12-29T15:59:03","date_gmt":"2025-12-29T18:59:03","guid":{"rendered":"https:\/\/www.ufpb.br\/audin\/?page_id=25"},"modified":"2025-12-29T19:53:00","modified_gmt":"2025-12-29T22:53:00","slug":"perguntas-frequentes-faq","status":"publish","type":"page","link":"https:\/\/www.ufpb.br\/audin\/perguntas-frequentes-faq\/","title":{"rendered":"Perguntas Frequentes &#8211; FAQ"},"content":{"rendered":"\n<h2 class=\"wp-block-heading\"><div class=\"linha-header\"><strong>O que faz a Auditoria Interna?<\/strong><\/div><\/h2>\n\n\n\n<p class=\" \">A Auditoria Interna da Universidade Federal da Para\u00edba (Audin) \u00e9 o \u00f3rg\u00e3o t\u00e9cnico vinculado ao Conselho Universit\u00e1rio que realiza atividade independente e objetiva de avalia\u00e7\u00e3o, de modo a adicionar valor e melhorar os processos de trabalho da Institui\u00e7\u00e3o. A Audin tamb\u00e9m auxilia na realiza\u00e7\u00e3o de objetivos institucionais, a partir da aplica\u00e7\u00e3o de uma abordagem sistem\u00e1tica e disciplinada para avaliar e melhorar a efic\u00e1cia dos processos de governan\u00e7a, gest\u00e3o de riscos e controles internos.<\/p>\n\n\n\n<h2 class=\"wp-block-heading\"><div class=\"linha-header\"><strong>A Auditoria Interna recebe den\u00fancias?&nbsp;<\/strong><\/div><\/h2>\n\n\n\n<p class=\" \">Via de regra, a Auditoria Interna n\u00e3o \u00e9 o \u00f3rg\u00e3o competente para o recebimento de den\u00fancias formuladas pelo p\u00fablico externo, papel este que \u00e9 desempenhado pela Ouvidoria. No entanto,\u00a0algumas den\u00fancias oriundas da Alta Administra\u00e7\u00e3o da Institui\u00e7\u00e3o ou de \u00f3rg\u00e3os de controle (a exemplo do\u00a0Minist\u00e9rio P\u00fablico e da Controladoria-Geral da Uni\u00e3o) podem,\u00a0em car\u00e1ter excepcional,\u00a0vir a se tornar objeto de trabalhos realizados pela Auditoria, atrav\u00e9s de procedimentos conhecidos como Auditorias Especiais.<\/p>\n\n\n\n<h2 class=\"wp-block-heading\"><div class=\"linha-header\"><strong>A Auditoria Interna \u00e9 respons\u00e1vel pela Gest\u00e3o de Riscos da Universidade?&nbsp;&nbsp;<\/strong><\/div><\/h2>\n\n\n\n<p class=\" \">A gest\u00e3o de riscos compreende um conjunto de a\u00e7\u00f5es que visa \u00e0 identifica\u00e7\u00e3o, avalia\u00e7\u00e3o e controle de potenciais amea\u00e7as, riscos e incertezas que venham a comprometer o adequado funcionamento de uma organiza\u00e7\u00e3o, impactando negativamente na consecu\u00e7\u00e3o dos objetivos estabelecidos pelo Poder P\u00fablico.<\/p>\n\n\n\n<p class=\" \">Tomando por base o gerenciamento dos riscos, os gestores dos \u00f3rg\u00e3os e entidades p\u00fablicas devem implementar, manter, monitorar e revisar os controles internos da gest\u00e3o, de modo a mitigar a probabilidade de ocorr\u00eancia dos riscos ou o seu impacto.<\/p>\n\n\n\n<p class=\" \">\u00c0 Auditoria Interna, por sua vez, incumbe apenas a avalia\u00e7\u00e3o da operacionaliza\u00e7\u00e3o e das pr\u00e1ticas de supervis\u00e3o dos controles internos adotadas pelos gestores, visando a aprimor\u00e1-los para que tais controles possam tornar-se cada vez mais eficientes e eficazes no combate aos riscos.<\/p>\n\n\n\n<h2 class=\"wp-block-heading\"><div class=\"linha-header\">&nbsp;<strong>O que \u00e9 uma Solicita\u00e7\u00e3o de Auditoria?<\/strong><\/div><\/h2>\n\n\n\n<p>A Solicita\u00e7\u00e3o de Auditoria \u00e9 o documento emitido pela equipe de auditores aos gestores visando \u00e0 apresenta\u00e7\u00e3o de esclarecimentos, informa\u00e7\u00f5es e documentos acerca de quest\u00f5es relevantes compreendidas nos trabalhos de auditoria.<\/p>\n\n\n\n<h2 class=\"wp-block-heading\"><div class=\"linha-header\"><strong>Como responder a uma Solicita\u00e7\u00e3o de Auditoria?<\/strong><\/div><\/h2>\n\n\n\n<p class=\" \">As unidades auditadas dever\u00e3o atender \u00e0s Solicita\u00e7\u00f5es de Auditoria no prazo proposto, oferecendo respostas aos questionamentos formulados e documentos pertinentes \u00e0 comprova\u00e7\u00e3o dos fatos explicitados. Quanto mais detalhados forem os esclarecimentos apresentados em resposta \u00e0s Solicita\u00e7\u00f5es, mais acuradas ser\u00e3o as an\u00e1lises e recomenda\u00e7\u00f5es expedidas pela Auditoria Interna.<\/p>\n\n\n\n<h2 class=\"wp-block-heading\"><div class=\"linha-header\"><strong>O que s\u00e3o os Relat\u00f3rios Preliminares de Auditoria?<\/strong><\/div><\/h2>\n\n\n\n<p>Os Relat\u00f3rios Preliminares de Auditoria s\u00e3o documentos formais e de car\u00e1ter t\u00e9cnico que apresentam os resultados obtidos a partir da realiza\u00e7\u00e3o de trabalhos de auditoria, e possuem a finalidade de oportunizar aos gestores tempestividade para a tomada de decis\u00f5es.<\/p>\n\n\n\n<h2 class=\"wp-block-heading\"><div class=\"linha-header\"><strong>O que s\u00e3o os Relat\u00f3rios Definitivos de Auditoria?<\/strong><\/div><\/h2>\n\n\n\n<p>Os Relat\u00f3rios Definitivos de Auditoria consistem nas vers\u00f5es finais dos Relat\u00f3rios de Auditoria e possuem objetivo prec\u00edpuo de informar aos gestores p\u00fablicos as constata\u00e7\u00f5es observadas pela equipe de auditoria no curso da realiza\u00e7\u00e3o dos trabalhos, bem como apontar recomenda\u00e7\u00f5es que podem ser implementadas para a melhoria da&nbsp;efic\u00e1cia dos processos de governan\u00e7a, gest\u00e3o de riscos e controles internos.<\/p>\n\n\n\n<p>Ap\u00f3s a sua conclus\u00e3o, os Relat\u00f3rios Definitivos de Auditoria s\u00e3o encaminhados \u00e0s unidades auditadas, ao Gabinete do Reitor e publicados na p\u00e1gina da Auditoria Internet na internet. Ainda, todo o trabalho realizado \u00e9 formalmente comunicado \u00e0 Controladoria-Geral da Uni\u00e3o (CGU), para ci\u00eancia do \u00f3rg\u00e3o.<\/p>\n\n\n\n<h2 class=\"wp-block-heading\"><div class=\"linha-header\"><strong>O que \u00e9 o Relat\u00f3rio de Monitoramento?<\/strong><\/div><\/h2>\n\n\n\n<p>O Relat\u00f3rio de Monitoramento \u00e9 um documento t\u00e9cnico elaborado no in\u00edcio de cada exerc\u00edcio e que tem por finalidade acompanhar a evolu\u00e7\u00e3o do atendimento \u00e0s recomenda\u00e7\u00f5es emitidas pela Auditoria Interna e pelos \u00f3rg\u00e3os de controle em exerc\u00edcios anteriores.<\/p>\n\n\n\n<p>Durante o curso da atividade de monitoramento, cada recomenda\u00e7\u00e3o formulada \u00e9 avaliada de forma individualizada e recebe, ao fim, o status de &#8220;n\u00e3o atendida&#8221;, &#8220;parcialmente atendida&#8221; ou &#8220;atendida&#8221;, a depender do progresso obtido pelos gestores na implementa\u00e7\u00e3o das medidas.<\/p>\n\n\n\n<h2 class=\"wp-block-heading\"><div class=\"linha-header\"><strong>O que \u00e9 o Plano Anual de Atividades de Auditoria Interna &#8211; PAINT?<\/strong><\/div><\/h2>\n\n\n\n<p>O Plano Anual de Atividades de Auditoria Interna (PAINT) \u00e9 o instrumento elaborado pela Auditoria Interna com o fim de delinear os macroprocessos e temas que ser\u00e3o explorados nos trabalhos de auditoria previstos para o exerc\u00edcio seguinte; estabelecer o acompanhamento das dilig\u00eancias e monitoramento das recomenda\u00e7\u00f5es e determina\u00e7\u00f5es da Controladoria-Geral da Uni\u00e3o (CGU) e Tribunal de Contas da Uni\u00e3o (TCU); e elucidar&nbsp;quest\u00f5es administrativas e de gest\u00e3o relativas \u00e0 pr\u00f3pria Auditoria, inclusive no que tange \u00e0 particia\u00e7\u00e3o de seus membros em capacita\u00e7\u00f5es.<\/p>\n\n\n\n<p>Ap\u00f3s a sua conclus\u00e3o, o PAINT \u00e9 remetido \u00e0 Controladoria-Geral da Uni\u00e3o e ao Conselho Universit\u00e1rio da UFPB para aprecia\u00e7\u00e3o e aprova\u00e7\u00e3o.<\/p>\n\n\n\n<h2 class=\"wp-block-heading\"><div class=\"linha-header\"><strong>O que \u00e9 o Relat\u00f3rio Anual de Atividades de Auditoria Interna &#8211; RAINT?<\/strong><\/div><\/h2>\n\n\n\n<p>O Relat\u00f3rio Anual de Atividades de Auditoria Interna (RAINT) \u00e9 o documento formal que apresenta o relato e os resultados dos trabalhos de auditoria executados ao longo do exerc\u00edcio.<\/p>\n\n\n\n<p>Ap\u00f3s concluso, o RAINT \u00e9 remetido \u00e0 Controladoria-Geral da Uni\u00e3o e ao Conselho Universit\u00e1rio da UFPB para aprecia\u00e7\u00e3o.<\/p>\n","protected":false},"excerpt":{"rendered":"<p>O que faz a Auditoria Interna? A Auditoria Interna da Universidade Federal da Para\u00edba (Audin) [&hellip;]<\/p>\n","protected":false},"author":47,"featured_media":0,"parent":0,"menu_order":0,"comment_status":"closed","ping_status":"closed","template":"","meta":{"footnotes":""},"class_list":["post-25","page","type-page","status-publish","hentry"],"_links":{"self":[{"href":"https:\/\/www.ufpb.br\/audin\/wp-json\/wp\/v2\/pages\/25","targetHints":{"allow":["GET"]}}],"collection":[{"href":"https:\/\/www.ufpb.br\/audin\/wp-json\/wp\/v2\/pages"}],"about":[{"href":"https:\/\/www.ufpb.br\/audin\/wp-json\/wp\/v2\/types\/page"}],"author":[{"embeddable":true,"href":"https:\/\/www.ufpb.br\/audin\/wp-json\/wp\/v2\/users\/47"}],"replies":[{"embeddable":true,"href":"https:\/\/www.ufpb.br\/audin\/wp-json\/wp\/v2\/comments?post=25"}],"version-history":[{"count":2,"href":"https:\/\/www.ufpb.br\/audin\/wp-json\/wp\/v2\/pages\/25\/revisions"}],"predecessor-version":[{"id":27,"href":"https:\/\/www.ufpb.br\/audin\/wp-json\/wp\/v2\/pages\/25\/revisions\/27"}],"wp:attachment":[{"href":"https:\/\/www.ufpb.br\/audin\/wp-json\/wp\/v2\/media?parent=25"}],"curies":[{"name":"wp","href":"https:\/\/api.w.org\/{rel}","templated":true}]}}