{"id":34,"date":"2025-12-29T16:09:34","date_gmt":"2025-12-29T19:09:34","guid":{"rendered":"https:\/\/www.ufpb.br\/audin\/?page_id=34"},"modified":"2025-12-29T19:53:00","modified_gmt":"2025-12-29T22:53:00","slug":"painel-de-monitoramento-recomendacoes-e-beneficios","status":"publish","type":"page","link":"https:\/\/www.ufpb.br\/audin\/painel-de-monitoramento-recomendacoes-e-beneficios\/","title":{"rendered":"Painel de Monitoramento Recomenda\u00e7\u00f5es e Benef\u00edcios"},"content":{"rendered":"\n<p><strong>O painel de monitoramento \u00e9 interativo, permitindo selecionar op\u00e7\u00f5es e aplicar filtros aos dados, otimizando assim a informa\u00e7\u00e3o desejada. Para melhor visualiza\u00e7\u00e3o, favor clicar no bot\u00e3o tela cheia na parte inferior direita do painel.<\/strong><\/p>\n\n\n\n<p class=\" \"><em><\/em><iframe loading=\"lazy\" src=\"https:\/\/lookerstudio.google.com\/embed\/reporting\/ba0468b5-32f2-4b77-ba6a-2312ebf473bf\/page\/KT2DF\" width=\"750\" height=\"600\" allowfullscreen=\"\" frameborder=\"0\" style=\"\"><\/iframe><\/p>\n","protected":false},"excerpt":{"rendered":"<p>O painel de monitoramento \u00e9 interativo, permitindo selecionar op\u00e7\u00f5es e aplicar filtros aos dados, otimizando [&hellip;]<\/p>\n","protected":false},"author":47,"featured_media":0,"parent":0,"menu_order":0,"comment_status":"closed","ping_status":"closed","template":"","meta":{"footnotes":""},"class_list":["post-34","page","type-page","status-publish","hentry"],"_links":{"self":[{"href":"https:\/\/www.ufpb.br\/audin\/wp-json\/wp\/v2\/pages\/34","targetHints":{"allow":["GET"]}}],"collection":[{"href":"https:\/\/www.ufpb.br\/audin\/wp-json\/wp\/v2\/pages"}],"about":[{"href":"https:\/\/www.ufpb.br\/audin\/wp-json\/wp\/v2\/types\/page"}],"author":[{"embeddable":true,"href":"https:\/\/www.ufpb.br\/audin\/wp-json\/wp\/v2\/users\/47"}],"replies":[{"embeddable":true,"href":"https:\/\/www.ufpb.br\/audin\/wp-json\/wp\/v2\/comments?post=34"}],"version-history":[{"count":1,"href":"https:\/\/www.ufpb.br\/audin\/wp-json\/wp\/v2\/pages\/34\/revisions"}],"predecessor-version":[{"id":35,"href":"https:\/\/www.ufpb.br\/audin\/wp-json\/wp\/v2\/pages\/34\/revisions\/35"}],"wp:attachment":[{"href":"https:\/\/www.ufpb.br\/audin\/wp-json\/wp\/v2\/media?parent=34"}],"curies":[{"name":"wp","href":"https:\/\/api.w.org\/{rel}","templated":true}]}}