{"id":5,"date":"2025-12-29T15:50:38","date_gmt":"2025-12-29T18:50:38","guid":{"rendered":"https:\/\/www.ufpb.br\/audin\/?page_id=5"},"modified":"2025-12-29T19:52:59","modified_gmt":"2025-12-29T22:52:59","slug":"equipe","status":"publish","type":"page","link":"https:\/\/www.ufpb.br\/audin\/equipe\/","title":{"rendered":"Equipe"},"content":{"rendered":"\n<h2 class=\"wp-block-heading\"><div class=\"linha-header\">Paloma Rodrigues Duarte da N\u00f3brega<\/div><\/h2>\n\n\n\n<h3 class=\"wp-block-heading\">Auditora-chefe<\/h3>\n\n\n\n<p>Mestre em Pol\u00edticas P\u00fablicas, Gest\u00e3o e Avalia\u00e7\u00e3o da Educa\u00e7\u00e3o Superior.Especialista em Direito Tribut\u00e1rio.Graduada em Direito e Ci\u00eancias Cont\u00e1beis.<\/p>\n\n\n\n<figure class=\"wp-block-image\"><a class=\"external-link\" href=\"http:\/\/lattes.cnpq.br\/5687054758323070\" target=\"_blank\" rel=\"noreferrer noopener\"><img decoding=\"async\" src=\"http:\/\/buscatextual.cnpq.br\/buscatextual\/images\/v2\/fav_ico_lattes.ico\" alt=\"Lattes\" title=\"Lattes\"\/><\/a><\/figure>\n\n\n\n<p>&nbsp;|&nbsp; E-mail: palomanobrega@reitoria.ufpb.br<\/p>\n\n\n\n<h2 class=\"wp-block-heading\"><div class=\"linha-header\">Andr\u00e9 Luiz Pestana Carneiro<\/div><\/h2>\n\n\n\n<h3 class=\"wp-block-heading\">Auditor<\/h3>\n\n\n\n<p>Doutorando no Programa de P\u00f3s-Gradua\u00e7\u00e3o em Humanidades, Direitos e Outras Legitimidades da USP.Mestre em Educa\u00e7\u00e3o.Graduado em Direito.<\/p>\n\n\n\n<figure class=\"wp-block-image\"><a class=\"external-link\" href=\"http:\/\/lattes.cnpq.br\/1763039209533940\" target=\"_blank\" rel=\"noreferrer noopener\"><img decoding=\"async\" src=\"http:\/\/buscatextual.cnpq.br\/buscatextual\/images\/v2\/fav_ico_lattes.ico\" alt=\"Lattes\" title=\"Lattes\"\/><\/a><\/figure>\n\n\n\n<p>&nbsp;|&nbsp; E-mail: andrepestana@reitoria.ufpb.br&nbsp;<\/p>\n\n\n\n<h2 class=\"wp-block-heading\"><div class=\"linha-header\">Cl\u00e1udia Suely Ferreira Gomes<\/div><\/h2>\n\n\n\n<h3 class=\"wp-block-heading\">Auditora<\/h3>\n\n\n\n<p>Doutora no Programa de P\u00f3s-Gradua\u00e7\u00e3o em Ci\u00eancia da Informa\u00e7\u00e3o da UFPB.Mestre em Pol\u00edticas P\u00fablicas, Gest\u00e3o e Avalia\u00e7\u00e3o da Educa\u00e7\u00e3o Superior.Especialista em Contabilidade e Auditoria P\u00fablica.Graduada em Ci\u00eancias Cont\u00e1beis e Direito.<\/p>\n\n\n\n<figure class=\"wp-block-image\"><a class=\"external-link\" href=\"http:\/\/lattes.cnpq.br\/1104806493562184\" target=\"_blank\" rel=\"noreferrer noopener\"><img decoding=\"async\" src=\"http:\/\/buscatextual.cnpq.br\/buscatextual\/images\/v2\/fav_ico_lattes.ico\" alt=\"Lattes\" title=\"Lattes\"\/><\/a><\/figure>\n\n\n\n<p>&nbsp;|&nbsp; E-mail: claudiasfg@reitoria.ufpb.br<\/p>\n\n\n\n<h2 class=\"wp-block-heading\"><div class=\"linha-header\">Diego Gomes de Lima<\/div><\/h2>\n\n\n\n<h3 class=\"wp-block-heading\">Contador<\/h3>\n\n\n\n<p>Mestre em Gest\u00e3o P\u00fablica e Coopera\u00e7\u00e3o Internacional.Especialista em Finan\u00e7as e Controladoria.Especialista em Auditoria Governamental.Graduado em Ci\u00eancias Cont\u00e1beis.<\/p>\n\n\n\n<figure class=\"wp-block-image\"><a class=\"external-link\" href=\"http:\/\/lattes.cnpq.br\/0832345371137889\" target=\"_blank\" rel=\"noreferrer noopener\"><img decoding=\"async\" src=\"http:\/\/buscatextual.cnpq.br\/buscatextual\/images\/v2\/fav_ico_lattes.ico\" alt=\"Lattes\" title=\"Lattes\"\/><\/a><\/figure>\n\n\n\n<p>&nbsp;| E-mail: diegolima@reitoria.ufpb.br<\/p>\n\n\n\n<h2 class=\"wp-block-heading\"><div class=\"linha-header\">Izabel Cristina Carvalho de Almeida<\/div><\/h2>\n\n\n\n<h3 class=\"wp-block-heading\">Auditora<\/h3>\n\n\n\n<p>Mestre em Pol\u00edticas P\u00fablicas, Gest\u00e3o e Avalia\u00e7\u00e3o da Educa\u00e7\u00e3o Superior.Especialista em Auditoria Governamental.Graduada em Ci\u00eancias Cont\u00e1beis.<\/p>\n\n\n\n<figure class=\"wp-block-image\"><a class=\"external-link\" href=\"http:\/\/lattes.cnpq.br\/2345315342641991\" target=\"_blank\" rel=\"noreferrer noopener\"><img decoding=\"async\" src=\"http:\/\/buscatextual.cnpq.br\/buscatextual\/images\/v2\/fav_ico_lattes.ico\" alt=\"Lattes\" title=\"Lattes\"\/><\/a><\/figure>\n\n\n\n<p>&nbsp;|&nbsp; E-mail: izabelccalmeida@reitoria.ufpb.br<\/p>\n\n\n\n<h2 class=\"wp-block-heading\"><div class=\"linha-header\">Ram Anand Gajadhar&nbsp;<\/div><\/h2>\n\n\n\n<h3 class=\"wp-block-heading\">Auditor<\/h3>\n\n\n\n<p>Mestre em Pol\u00edticas P\u00fablicas, Gest\u00e3o e Avalia\u00e7\u00e3o da Educa\u00e7\u00e3o Superior.Especialista em Gest\u00e3o Educacional.Graduado em Ci\u00eancias Cont\u00e1beis.<\/p>\n\n\n\n<figure class=\"wp-block-image\"><a class=\"external-link\" href=\"http:\/\/lattes.cnpq.br\/1952489621472488\" target=\"_blank\" rel=\"noreferrer noopener\"><img decoding=\"async\" src=\"http:\/\/buscatextual.cnpq.br\/buscatextual\/images\/v2\/fav_ico_lattes.ico\" alt=\"Lattes\" title=\"Lattes\"\/><\/a><\/figure>\n\n\n\n<p>&nbsp;|&nbsp; E-mail: ram.ag@reitoria.ufpb.br<\/p>\n\n\n\n<h2 class=\"wp-block-heading\"><div class=\"linha-header\">Ver\u00f4nica Lins de Ara\u00fajo Macedo&nbsp;<\/div><\/h2>\n\n\n\n<h3 class=\"wp-block-heading\">Auditora<\/h3>\n\n\n\n<p>Doutoranda no Programa de P\u00f3s-Gradua\u00e7\u00e3o em Administra\u00e7\u00e3o da UNP.Mestre em Pol\u00edticas P\u00fablicas, Gest\u00e3o e Avalia\u00e7\u00e3o da Educa\u00e7\u00e3o Superior.Especialista em Auditoria e Contabilidade P\u00fablica.Graduada em Ci\u00eancias Cont\u00e1beis.<\/p>\n\n\n\n<figure class=\"wp-block-image\"><a class=\"external-link\" href=\"http:\/\/lattes.cnpq.br\/1881982479892956\" target=\"_blank\" rel=\"noreferrer noopener\"><img decoding=\"async\" src=\"http:\/\/buscatextual.cnpq.br\/buscatextual\/images\/v2\/fav_ico_lattes.ico\" alt=\"Lattes\" title=\"Lattes\"\/><\/a><\/figure>\n\n\n\n<p>&nbsp;|&nbsp; E-mail: veronica.lins@reitoria.ufpb.br<\/p>\n\n\n\n<h2 class=\"wp-block-heading\"><div class=\"linha-header\">Sandra Maria da Silva Gonzaga&nbsp;<\/div><\/h2>\n\n\n\n<h3 class=\"wp-block-heading\">T\u00e9cnica em Secretariado<\/h3>\n\n\n\n<p>Graduada em Secretariado Executivo Bil\u00edngue.<\/p>\n","protected":false},"excerpt":{"rendered":"<p>Paloma Rodrigues Duarte da N\u00f3brega Auditora-chefe Mestre em Pol\u00edticas P\u00fablicas, Gest\u00e3o e Avalia\u00e7\u00e3o da Educa\u00e7\u00e3o [&hellip;]<\/p>\n","protected":false},"author":47,"featured_media":0,"parent":0,"menu_order":0,"comment_status":"closed","ping_status":"closed","template":"","meta":{"footnotes":""},"class_list":["post-5","page","type-page","status-publish","hentry"],"_links":{"self":[{"href":"https:\/\/www.ufpb.br\/audin\/wp-json\/wp\/v2\/pages\/5","targetHints":{"allow":["GET"]}}],"collection":[{"href":"https:\/\/www.ufpb.br\/audin\/wp-json\/wp\/v2\/pages"}],"about":[{"href":"https:\/\/www.ufpb.br\/audin\/wp-json\/wp\/v2\/types\/page"}],"author":[{"embeddable":true,"href":"https:\/\/www.ufpb.br\/audin\/wp-json\/wp\/v2\/users\/47"}],"replies":[{"embeddable":true,"href":"https:\/\/www.ufpb.br\/audin\/wp-json\/wp\/v2\/comments?post=5"}],"version-history":[{"count":1,"href":"https:\/\/www.ufpb.br\/audin\/wp-json\/wp\/v2\/pages\/5\/revisions"}],"predecessor-version":[{"id":6,"href":"https:\/\/www.ufpb.br\/audin\/wp-json\/wp\/v2\/pages\/5\/revisions\/6"}],"wp:attachment":[{"href":"https:\/\/www.ufpb.br\/audin\/wp-json\/wp\/v2\/media?parent=5"}],"curies":[{"name":"wp","href":"https:\/\/api.w.org\/{rel}","templated":true}]}}