{"id":7,"date":"2025-12-29T15:51:39","date_gmt":"2025-12-29T18:51:39","guid":{"rendered":"https:\/\/www.ufpb.br\/audin\/?page_id=7"},"modified":"2026-04-06T14:56:21","modified_gmt":"2026-04-06T17:56:21","slug":"paint-e-raint","status":"publish","type":"page","link":"https:\/\/www.ufpb.br\/audin\/paint-e-raint\/","title":{"rendered":"PAINT e RAINT"},"content":{"rendered":"\n<h2 class=\"wp-block-heading\"><div class=\"linha-header\">Plano Anual de Atividades de Auditoria Interna &#8211; PAINT<\/div><\/h2>\n\n\n\n<p class=\" \">O Plano Anual de Atividades de Auditoria Interna traz, de forma pormenorizada, o planejamento das a\u00e7\u00f5es de auditoria a serem desenvolvidas pela AUDIN no exerc\u00edcio, apontando os temas que ser\u00e3o trabalhados, o objetivo que se espera alcan\u00e7ar com cada a\u00e7\u00e3o planejada, bem como os per\u00edodos definidos para sua realiza\u00e7\u00e3o, com a previs\u00e3o das horas que ser\u00e3o despendidas em cada trabalho.<\/p>\n\n\n\n<h2 class=\"wp-block-heading\"><div class=\"linha-header\">PAINT 2026<\/div><\/h2>\n\n\n\n<p><a href=\"http:\/\/www.ufpb.br\/audin\/wp-content\/uploads\/sites\/79\/sites\/424\/2025\/12\/PAINT_2026-2.pdf\">Aprovado&nbsp;<\/a><a href=\"http:\/\/www.ufpb.br\/audin\/wp-content\/uploads\/sites\/79\/sites\/424\/2025\/12\/PAINT_2026-2.pdf\">pelo CONSUNI em 10\/02\/2026 \u00cdntegra do processo:&nbsp;23074.134975\/2025-20<\/a><\/p>\n\n\n\n<h2 class=\"wp-block-heading\"><div class=\"linha-header\">PAINT 2025<\/div><\/h2>\n\n\n\n<p><a href=\"http:\/\/www.ufpb.br\/audin\/wp-content\/uploads\/sites\/79\/sites\/424\/2026\/01\/PAINT_2025_FINAL_CGU.pdf\">Aprovado&nbsp;pelo CONSUNI em 26\/02\/2025 \u00cdntegra do processo:&nbsp;23074.118770\/2024-88<\/a><\/p>\n\n\n\n<h2 class=\"wp-block-heading\"><div class=\"linha-header\">PAINT 2024<\/div><\/h2>\n\n\n\n<p><a href=\"http:\/\/www.ufpb.br\/audin\/wp-content\/uploads\/sites\/79\/sites\/424\/2026\/01\/paint-2024-ad-referendo.pdf\">Aprovado&nbsp;pelo CONSUNI em 27\/03\/2024 \u00cdntegra do processo:&nbsp;23074.126164\/2023-79<\/a><\/p>\n\n\n\n<h2 class=\"wp-block-heading\"><div class=\"linha-header\">PAINT 2023<\/div><\/h2>\n\n\n\n<p><a href=\"http:\/\/www.ufpb.br\/audin\/wp-content\/uploads\/sites\/79\/sites\/424\/2026\/01\/paint-2023-2.pdf\">Aprovado pelo CONSUNI em 06\/03\/2023 \u00cdntegra do processo:&nbsp;23074.114411\/2022-29<\/a><\/p>\n\n\n\n<h2 class=\"wp-block-heading\"><div class=\"linha-header\">PAINT 2022<\/div><\/h2>\n\n\n\n<p><a href=\"http:\/\/www.ufpb.br\/audin\/wp-content\/uploads\/sites\/79\/sites\/424\/2026\/01\/paint-2022.pdf\">Aprovado pelo CONSUNI em 30\/11\/2021 \u00cdntegra do processo:&nbsp;23074.117290\/2021-93<\/a><\/p>\n\n\n\n<h2 class=\"wp-block-heading\"><div class=\"linha-header\">PAINT 2021<\/div><\/h2>\n\n\n\n<p><a href=\"http:\/\/www.ufpb.br\/audin\/wp-content\/uploads\/sites\/79\/sites\/424\/2026\/01\/paint-2021.pdf\">Aprovado pelo CONSUNI em 16\/12\/2020 \u00cdntegra do processo:&nbsp;23074.092324\/2020-28<\/a><\/p>\n\n\n\n<h2 class=\"wp-block-heading\"><div class=\"linha-header\">PAINT 2020<\/div><\/h2>\n\n\n\n<p><a href=\"http:\/\/www.ufpb.br\/audin\/wp-content\/uploads\/sites\/79\/sites\/424\/2026\/01\/paint-2020.pdf\">Aprovado pelo CONSUNI em 17\/12\/2019 \u00cdntegra do processo:&nbsp;23074.074274\/2019-95<\/a><\/p>\n\n\n\n<h2 class=\"wp-block-heading\"><div class=\"linha-header\">PAINT 2019<\/div><\/h2>\n\n\n\n<p><a href=\"http:\/\/www.ufpb.br\/audin\/wp-content\/uploads\/sites\/79\/sites\/424\/2026\/01\/paint-2019.pdf\">Aprovado pelo CONSUNI em 28\/03\/2019 \u00cdntegra do processo:&nbsp;23074.000402\/2019-64<\/a><\/p>\n\n\n\n<h2 class=\"wp-block-heading\"><div class=\"linha-header\">PAINT 2018<\/div><\/h2>\n\n\n\n<p><a href=\"http:\/\/www.ufpb.br\/audin\/wp-content\/uploads\/sites\/79\/sites\/424\/2026\/01\/paint-2018.pdf\">Aprovado pelo CONSUNI em xx\/xx\/xxxx \u00cdntegra do processo:&nbsp;23074.082740\/2017-44<\/a><\/p>\n\n\n\n<h2 class=\"wp-block-heading\"><div class=\"linha-header\">PAINT 2017<\/div><\/h2>\n\n\n\n<p><a href=\"http:\/\/www.ufpb.br\/audin\/wp-content\/uploads\/sites\/79\/sites\/424\/2026\/01\/paint-2017.pdf\">Aprovado pelo CONSUNI em xx\/xx\/xxxx \u00cdntegra do processo:&nbsp;23074.079663\/2016-64<\/a><\/p>\n\n\n\n<p class=\" \">&nbsp;<\/p>\n\n\n\n<h2 class=\"wp-block-heading\"><div class=\"linha-header\">Relat\u00f3rio Anual de Atividades de Auditoria Interna &#8211; RAINT<\/div><\/h2>\n\n\n\n<p class=\" \">O Relat\u00f3rio Anual de Atividades de Auditoria Interna (RAINT) apresenta informa\u00e7\u00f5es relativas \u00e0 execu\u00e7\u00e3o do PAINT, evidenciando os resultados decorrentes dos trabalhos de auditoria interna realizados no exerc\u00edcio de refer\u00eancia demonstrando, ainda, os resultados das a\u00e7\u00f5es que n\u00e3o foram previstas no PAINT, com a devida motiva\u00e7\u00e3o para sua execu\u00e7\u00e3o.<\/p>\n\n\n\n<h2 class=\"wp-block-heading\"><div class=\"linha-header\">RAINT 2025&nbsp;<\/div><\/h2>\n\n\n\n<p><a href=\"http:\/\/www.ufpb.br\/audin\/wp-content\/uploads\/sites\/79\/sites\/424\/2026\/04\/RAINT_2025_FINAL.pdf\" data-type=\"link\" data-id=\"http:\/\/www.ufpb.br\/audin\/wp-content\/uploads\/sites\/79\/sites\/424\/2026\/04\/RAINT_2025_FINAL.pdf\">Comunicado ao CONSUNI em 30\/03\/2026\u00cdntegra do processo:\u00a023074.027157\/2026-36<\/a><\/p>\n\n\n\n<h2 class=\"wp-block-heading\"><div class=\"linha-header\">RAINT 2024<\/div><\/h2>\n\n\n\n<p class=\" \"><a href=\"http:\/\/www.ufpb.br\/audin\/wp-content\/uploads\/sites\/79\/sites\/424\/2026\/01\/raint_2024_final_assinado-1.pdf\">Comunicado ao CONSUNI em 28\/03\/2025\u00cdntegra do processo:\u00a023074.029681\/2025-82<\/a><\/p>\n\n\n\n<h2 class=\"wp-block-heading\"><div class=\"linha-header\">RAINT 2023<\/div><\/h2>\n\n\n\n<p><a href=\"http:\/\/www.ufpb.br\/audin\/wp-content\/uploads\/sites\/79\/sites\/424\/2026\/01\/raint_2023_final_assinado.pdf\">Comunicado ao CONSUNI em 02\/04\/2024\u00cdntegra do processo:\u00a023074.025521\/2024-79<\/a><\/p>\n\n\n\n<h2 class=\"wp-block-heading\"><div class=\"linha-header\">RAINT 2022<\/div><\/h2>\n\n\n\n<p><a href=\"http:\/\/www.ufpb.br\/audin\/wp-content\/uploads\/sites\/79\/sites\/424\/2026\/01\/raint-2022.pdf\">Comunicado ao CONSUNI em 21\/03\/2022\u00cdntegra do processo:\u00a023074.025669\/2023-63<\/a><\/p>\n\n\n\n<h2 class=\"wp-block-heading\"><div class=\"linha-header\">RAINT 2021<\/div><\/h2>\n\n\n\n<p><a href=\"http:\/\/www.ufpb.br\/audin\/wp-content\/uploads\/sites\/79\/sites\/424\/2026\/01\/raint-2021.pdf\">Comunicado ao CONSUNI em 15\/03\/2022\u00cdntegra do processo:\u00a023074.022080\/2022-66<\/a><\/p>\n\n\n\n<h2 class=\"wp-block-heading\"><div class=\"linha-header\">RAINT 2020<\/div><\/h2>\n\n\n\n<p><a href=\"http:\/\/www.ufpb.br\/audin\/wp-content\/uploads\/sites\/79\/sites\/424\/2026\/01\/RAINT-2020_Vesao-final.pdf\">Comunicado ao CONSUNI em 12\/05\/2021\u00cdntegra do processo:\u00a023074.047377\/2021-27<\/a><\/p>\n\n\n\n<h2 class=\"wp-block-heading\"><div class=\"linha-header\">RAINT 2019<\/div><\/h2>\n\n\n\n<p><a href=\"http:\/\/www.ufpb.br\/audin\/wp-content\/uploads\/sites\/79\/sites\/424\/2026\/01\/raint-2019.pdf\">Comunicado ao CONSUNI em 18\/03\/2020\u00cdntegra do processo:\u00a023074.016106\/2020-59<\/a><\/p>\n\n\n\n<h2 class=\"wp-block-heading\"><div class=\"linha-header\">RAINT 2018<\/div><\/h2>\n\n\n\n<p><a href=\"http:\/\/www.ufpb.br\/audin\/wp-content\/uploads\/sites\/79\/sites\/424\/2026\/01\/raint-2018.pdf\">Comunicado ao CONSUNI em 27\/03\/2019\u00cdntegra do processo:\u00a023074.015437\/2019-06<\/a><\/p>\n\n\n\n<h2 class=\"wp-block-heading\"><div class=\"linha-header\">RAINT 2017<\/div><\/h2>\n\n\n\n<p><a href=\"http:\/\/www.ufpb.br\/audin\/wp-content\/uploads\/sites\/79\/sites\/424\/2026\/01\/raint-2017.pdf\">Comunicado ao CONSUNI em 27\/02\/2018\u00cdntegra do processo:\u00a023074.011009\/2018-15<\/a><\/p>\n\n\n\n<h2 class=\"wp-block-heading\"><div class=\"linha-header\">RAINT 2016<\/div><\/h2>\n\n\n\n<p><a href=\"http:\/\/www.ufpb.br\/audin\/wp-content\/uploads\/sites\/79\/sites\/424\/2026\/01\/raint-2016.pdf\">Comunicado ao CONSUNI em 20\/02\/2017\u00cdntegra do processo:\u00a023074.011400\/2017-39<\/a><\/p>\n\n\n\n<p><\/p>\n","protected":false},"excerpt":{"rendered":"<p>Plano Anual de Atividades de Auditoria Interna &#8211; PAINT O Plano Anual de Atividades de [&hellip;]<\/p>\n","protected":false},"author":47,"featured_media":0,"parent":0,"menu_order":0,"comment_status":"closed","ping_status":"closed","template":"","meta":{"footnotes":""},"class_list":["post-7","page","type-page","status-publish","hentry"],"_links":{"self":[{"href":"https:\/\/www.ufpb.br\/audin\/wp-json\/wp\/v2\/pages\/7","targetHints":{"allow":["GET"]}}],"collection":[{"href":"https:\/\/www.ufpb.br\/audin\/wp-json\/wp\/v2\/pages"}],"about":[{"href":"https:\/\/www.ufpb.br\/audin\/wp-json\/wp\/v2\/types\/page"}],"author":[{"embeddable":true,"href":"https:\/\/www.ufpb.br\/audin\/wp-json\/wp\/v2\/users\/47"}],"replies":[{"embeddable":true,"href":"https:\/\/www.ufpb.br\/audin\/wp-json\/wp\/v2\/comments?post=7"}],"version-history":[{"count":20,"href":"https:\/\/www.ufpb.br\/audin\/wp-json\/wp\/v2\/pages\/7\/revisions"}],"predecessor-version":[{"id":323,"href":"https:\/\/www.ufpb.br\/audin\/wp-json\/wp\/v2\/pages\/7\/revisions\/323"}],"wp:attachment":[{"href":"https:\/\/www.ufpb.br\/audin\/wp-json\/wp\/v2\/media?parent=7"}],"curies":[{"name":"wp","href":"https:\/\/api.w.org\/{rel}","templated":true}]}}