{"id":1119,"date":"2025-02-05T09:21:50","date_gmt":"2025-02-05T12:21:50","guid":{"rendered":"https:\/\/www.ufpb.br\/cau\/?page_id=1119"},"modified":"2025-10-08T18:38:50","modified_gmt":"2025-10-08T21:38:50","slug":"quem-somos","status":"publish","type":"page","link":"https:\/\/www.ufpb.br\/cau\/quem-somos\/","title":{"rendered":"Quem somos?"},"content":{"rendered":"\n<p>Integrado por discentes, t\u00e9cnico(as) administrativos(as) e docentes da Universidade Federal da Para\u00edba (UFPB), o Coletivo Autista (CAU) da UFPB principalmente busca disseminar conhecimento relacionado ao autismo para favorecer a inclus\u00e3o de pessoas adultas com essa condi\u00e7\u00e3o oculta.<\/p>\n\n\n\n<p><\/p>\n","protected":false},"excerpt":{"rendered":"<p>Integrado por discentes, t\u00e9cnico(as) administrativos(as) e docentes da Universidade Federal da Para\u00edba (UFPB), o Coletivo Autista (CAU) da UFPB principalmente busca disseminar conhecimento relacionado ao autismo para favorecer a inclus\u00e3o de pessoas adultas com essa condi\u00e7\u00e3o oculta.<\/p>\n","protected":false},"author":47,"featured_media":9,"parent":0,"menu_order":0,"comment_status":"closed","ping_status":"closed","template":"","meta":{"footnotes":""},"class_list":["post-1119","page","type-page","status-publish","has-post-thumbnail","hentry"],"_links":{"self":[{"href":"https:\/\/www.ufpb.br\/cau\/wp-json\/wp\/v2\/pages\/1119","targetHints":{"allow":["GET"]}}],"collection":[{"href":"https:\/\/www.ufpb.br\/cau\/wp-json\/wp\/v2\/pages"}],"about":[{"href":"https:\/\/www.ufpb.br\/cau\/wp-json\/wp\/v2\/types\/page"}],"author":[{"embeddable":true,"href":"https:\/\/www.ufpb.br\/cau\/wp-json\/wp\/v2\/users\/47"}],"replies":[{"embeddable":true,"href":"https:\/\/www.ufpb.br\/cau\/wp-json\/wp\/v2\/comments?post=1119"}],"version-history":[{"count":2,"href":"https:\/\/www.ufpb.br\/cau\/wp-json\/wp\/v2\/pages\/1119\/revisions"}],"predecessor-version":[{"id":1789,"href":"https:\/\/www.ufpb.br\/cau\/wp-json\/wp\/v2\/pages\/1119\/revisions\/1789"}],"wp:featuredmedia":[{"embeddable":true,"href":"https:\/\/www.ufpb.br\/cau\/wp-json\/wp\/v2\/media\/9"}],"wp:attachment":[{"href":"https:\/\/www.ufpb.br\/cau\/wp-json\/wp\/v2\/media?parent=1119"}],"curies":[{"name":"wp","href":"https:\/\/api.w.org\/{rel}","templated":true}]}}