{"id":23,"date":"2024-06-11T11:58:59","date_gmt":"2024-06-11T11:58:59","guid":{"rendered":"https:\/\/www.ufpb.br\/cau\/?page_id=23"},"modified":"2026-02-12T19:23:20","modified_gmt":"2026-02-12T22:23:20","slug":"contato","status":"publish","type":"page","link":"https:\/\/www.ufpb.br\/cau\/contato\/","title":{"rendered":"Contato"},"content":{"rendered":"\n<p class=\"has-medium-font-size\">Entre em contato pelo nosso <em>e-mail<\/em>: <a href=\"mailto:coletivoautistaufpb@gmail.com\" target=\"_blank\" rel=\"noopener noreferrer\">coletivoautistaufpb@gmail.com<\/a><\/p>\n\n\n\n<p class=\"has-text-align-center has-light-green-cyan-background-color has-background has-medium-font-size\">Se voc\u00ea \u00e9 <strong>professor(a) autista<\/strong> -da rede p\u00fablica ou privada- e deseja participar de um <strong>grupo de <em>WhatsApp<\/em> para troca de experi\u00eancias<\/strong>,<a href=\"https:\/\/chat.whatsapp.com\/Dq9C6bFxdFUGbOt1aPOFjY?mode=gi_t\"> entre em contato<\/a>!<\/p>\n\n\n<div class=\"wp-block-image\">\n<figure class=\"aligncenter size-medium\"><img loading=\"lazy\" decoding=\"async\" width=\"300\" height=\"233\" src=\"https:\/\/www.ufpb.br\/cau\/wp-content\/uploads\/sites\/79\/sites\/188\/2024\/06\/cropped-Logo-300x233.jpg\" alt=\"\" class=\"wp-image-7\" srcset=\"https:\/\/www.ufpb.br\/cau\/wp-content\/uploads\/sites\/79\/sites\/188\/2024\/06\/cropped-Logo-300x233.jpg 300w, https:\/\/www.ufpb.br\/cau\/wp-content\/uploads\/sites\/79\/sites\/188\/2024\/06\/cropped-Logo-1024x794.jpg 1024w, https:\/\/www.ufpb.br\/cau\/wp-content\/uploads\/sites\/79\/sites\/188\/2024\/06\/cropped-Logo-768x595.jpg 768w, https:\/\/www.ufpb.br\/cau\/wp-content\/uploads\/sites\/79\/sites\/188\/2024\/06\/cropped-Logo-1536x1191.jpg 1536w, https:\/\/www.ufpb.br\/cau\/wp-content\/uploads\/sites\/79\/sites\/188\/2024\/06\/cropped-Logo.jpg 2046w\" sizes=\"auto, (max-width: 300px) 100vw, 300px\" \/><\/figure>\n<\/div>","protected":false},"excerpt":{"rendered":"<p>Entre em contato pelo nosso e-mail: coletivoautistaufpb@gmail.com Se voc\u00ea \u00e9 professor(a) autista -da rede p\u00fablica ou privada- e deseja participar de um grupo de WhatsApp para troca de experi\u00eancias, entre em contato!<\/p>\n","protected":false},"author":122,"featured_media":0,"parent":0,"menu_order":0,"comment_status":"closed","ping_status":"closed","template":"","meta":{"footnotes":""},"class_list":["post-23","page","type-page","status-publish","hentry"],"_links":{"self":[{"href":"https:\/\/www.ufpb.br\/cau\/wp-json\/wp\/v2\/pages\/23","targetHints":{"allow":["GET"]}}],"collection":[{"href":"https:\/\/www.ufpb.br\/cau\/wp-json\/wp\/v2\/pages"}],"about":[{"href":"https:\/\/www.ufpb.br\/cau\/wp-json\/wp\/v2\/types\/page"}],"author":[{"embeddable":true,"href":"https:\/\/www.ufpb.br\/cau\/wp-json\/wp\/v2\/users\/122"}],"replies":[{"embeddable":true,"href":"https:\/\/www.ufpb.br\/cau\/wp-json\/wp\/v2\/comments?post=23"}],"version-history":[{"count":13,"href":"https:\/\/www.ufpb.br\/cau\/wp-json\/wp\/v2\/pages\/23\/revisions"}],"predecessor-version":[{"id":2475,"href":"https:\/\/www.ufpb.br\/cau\/wp-json\/wp\/v2\/pages\/23\/revisions\/2475"}],"wp:attachment":[{"href":"https:\/\/www.ufpb.br\/cau\/wp-json\/wp\/v2\/media?parent=23"}],"curies":[{"name":"wp","href":"https:\/\/api.w.org\/{rel}","templated":true}]}}