{"id":33,"date":"2024-06-12T00:28:14","date_gmt":"2024-06-12T00:28:14","guid":{"rendered":"https:\/\/www.ufpb.br\/cau\/?page_id=33"},"modified":"2025-10-08T18:38:50","modified_gmt":"2025-10-08T21:38:50","slug":"vitrine","status":"publish","type":"page","link":"https:\/\/www.ufpb.br\/cau\/vitrine\/","title":{"rendered":"Vitrine"},"content":{"rendered":"\n<p class=\"has-text-align-center has-pale-cyan-blue-background-color has-background\"><strong>Nesta p\u00e1gina pode ser acessado conte\u00fado proveniente de integrantes do Coletivo Autista da UFPB<\/strong><\/p>\n\n\n\n<p><strong>Coletivo Autista da UFPB<\/strong> <a href=\"mailto:adailton.aragao@gmail.com\">(<\/a><em><a href=\"mailto:coletivoautistaufpb@gmail.com\">e-mail<\/a><\/em><a href=\"mailto:adailton.aragao@gmail.com\">)<\/a><\/p>\n\n\n\n<p>Publicou no <em>YouTube<\/em> em 28 de setembro de 2023 o v\u00eddeo <a href=\"https:\/\/youtu.be\/-mjw3SGOxb0?si=TSu_UDyQG9IlY4Bw\">TEA: ansiedade social e problemas de comunica\u00e7\u00e3o &#8211; CAU UFPB<\/a>, com quest\u00f5es relacionadas a autistas e pessoas al\u00edsticas (fora do espectro do autismo):<\/p>\n\n\n\n<figure class=\"wp-block-embed is-type-video is-provider-youtube wp-block-embed-youtube wp-embed-aspect-16-9 wp-has-aspect-ratio\"><div class=\"wp-block-embed__wrapper\">\n<iframe loading=\"lazy\" title=\"TEA: ansiedade social e problemas de comunica\u00e7\u00e3o - CAU UFPB\" width=\"500\" height=\"281\" src=\"https:\/\/www.youtube.com\/embed\/-mjw3SGOxb0?feature=oembed\" frameborder=\"0\" allow=\"accelerometer; autoplay; clipboard-write; encrypted-media; gyroscope; picture-in-picture; web-share\" referrerpolicy=\"strict-origin-when-cross-origin\" allowfullscreen><\/iframe>\n<\/div><\/figure>\n\n\n\n<div class=\"wp-block-group is-layout-grid wp-container-core-group-is-layout-9649a0d9 wp-block-group-is-layout-grid\">\n<p class=\"wp-container-content-5f80b302\"><\/p>\n\n\n\n<p><\/p>\n<\/div>\n\n\n\n<p><strong>Prof. Dr.<\/strong> <strong>Jos\u00e9 Adailton Vieira Arag\u00e3o Melo<\/strong> <a href=\"mailto:adailton.aragao@gmail.com\">(<em>e-mail<\/em>)<\/a><\/p>\n\n\n\n<p>Participou do<em> podcast<\/em>&nbsp;da Escola de Refer\u00eancia em Ensino M\u00e9dio de Timba\u00faba Professor Ant\u00f4nio Jos\u00e9 Barboza dos Santos (EREMT) relatando \u201c<a href=\"https:\/\/youtu.be\/FHrqbA7oHSQ?si=9TP_OCIKZttzvXcK\">Desafios e a Falta de Inclus\u00e3o de Pessoas com Autismo no Mercado de Trabalho<\/a>\u201d:<\/p>\n\n\n\n<figure class=\"wp-block-embed is-type-video is-provider-youtube wp-block-embed-youtube wp-embed-aspect-16-9 wp-has-aspect-ratio\"><div class=\"wp-block-embed__wrapper\">\n<iframe loading=\"lazy\" title=\"podcast- audiovisual\" width=\"500\" height=\"281\" src=\"https:\/\/www.youtube.com\/embed\/FHrqbA7oHSQ?feature=oembed\" frameborder=\"0\" allow=\"accelerometer; autoplay; clipboard-write; encrypted-media; gyroscope; picture-in-picture; web-share\" referrerpolicy=\"strict-origin-when-cross-origin\" allowfullscreen><\/iframe>\n<\/div><\/figure>\n\n\n\n<p><\/p>\n\n\n\n<div class=\"wp-block-group is-layout-grid wp-container-core-group-is-layout-9649a0d9 wp-block-group-is-layout-grid\"><\/div>\n\n\n\n<p><strong>Profa. Ol\u00edvia Doria Santana da Costa Rodrigues Almeida<\/strong> <a href=\"mailto:oliviadoriasantanadacosta@gmail.com\">(<em>e-mail<\/em>)<\/a><\/p>\n\n\n\n<p>Elaborou o Trabalho de Conclus\u00e3o de Curso intitulado &#8220;Espectrum, (Des)Montagem de uma Artista-Docente-Autista&#8221;:<\/p>\n\n\n<div class=\"wp-block-image\">\n<figure class=\"aligncenter size-full is-resized\"><a href=\"http:\/\/www.ufpb.br\/cau\/wp-content\/uploads\/sites\/79\/sites\/188\/2025\/06\/OliviaDoriaTCC.pdf\"><img loading=\"lazy\" decoding=\"async\" width=\"591\" height=\"402\" src=\"https:\/\/www.ufpb.br\/cau\/wp-content\/uploads\/sites\/79\/sites\/188\/2025\/06\/TCC_Olivia.png\" alt=\"\" class=\"wp-image-1399\" style=\"width:591px;height:auto\" srcset=\"https:\/\/www.ufpb.br\/cau\/wp-content\/uploads\/sites\/79\/sites\/188\/2025\/06\/TCC_Olivia.png 591w, https:\/\/www.ufpb.br\/cau\/wp-content\/uploads\/sites\/79\/sites\/188\/2025\/06\/TCC_Olivia-300x204.png 300w\" sizes=\"auto, (max-width: 591px) 100vw, 591px\" \/><\/a><\/figure>\n<\/div>\n\n\n<div class=\"wp-block-group is-layout-grid wp-container-core-group-is-layout-9649a0d9 wp-block-group-is-layout-grid\">\n<p><\/p>\n<\/div>\n\n\n\n<figure class=\"wp-block-embed aligncenter is-type-video is-provider-youtube wp-block-embed-youtube wp-embed-aspect-16-9 wp-has-aspect-ratio\"><div class=\"wp-block-embed__wrapper\">\n<iframe loading=\"lazy\" title=\"Espectrum, (des)montagem de uma Artista- Docente- Autista. - TCC DE OL\u00cdVIA  ALMEIDA\" width=\"500\" height=\"281\" src=\"https:\/\/www.youtube.com\/embed\/5N7J8Tqwkz4?feature=oembed\" frameborder=\"0\" allow=\"accelerometer; autoplay; clipboard-write; encrypted-media; gyroscope; picture-in-picture; web-share\" referrerpolicy=\"strict-origin-when-cross-origin\" allowfullscreen><\/iframe>\n<\/div><\/figure>\n\n\n\n<p><\/p>\n\n\n\n<div class=\"wp-block-group is-layout-grid wp-container-core-group-is-layout-9649a0d9 wp-block-group-is-layout-grid\"><\/div>\n\n\n\n<p><strong>Maria Bonita de Calcutah<\/strong> <a href=\"mailto:coletivoautistaufpb@gmail.com\">(<em>e-mail<\/em>)<\/a><\/p>\n\n\n\n<p>Exp\u00f4s suas obras em 20 de setembro de 2023 no II CIA UFPB:<\/p>\n\n\n\n<figure class=\"wp-block-embed is-type-video is-provider-youtube wp-block-embed-youtube wp-embed-aspect-16-9 wp-has-aspect-ratio\"><div class=\"wp-block-embed__wrapper\">\n<iframe loading=\"lazy\" title=\"Mulher, por Maria Bonita de Calcutah\" width=\"500\" height=\"281\" src=\"https:\/\/www.youtube.com\/embed\/AtszQRzLMOc?feature=oembed\" frameborder=\"0\" allow=\"accelerometer; autoplay; clipboard-write; encrypted-media; gyroscope; picture-in-picture; web-share\" referrerpolicy=\"strict-origin-when-cross-origin\" allowfullscreen><\/iframe>\n<\/div><\/figure>\n\n\n\n<div class=\"wp-block-columns is-layout-flex wp-container-core-columns-is-layout-9d6595d7 wp-block-columns-is-layout-flex\">\n<div class=\"wp-block-column is-layout-flow wp-block-column-is-layout-flow\" style=\"flex-basis:100%\"><\/div>\n<\/div>\n\n\n\n<p><\/p>\n\n\n\n<div class=\"wp-block-group is-layout-grid wp-container-core-group-is-layout-9649a0d9 wp-block-group-is-layout-grid\"><\/div>\n\n\n\n<p><strong>Profa. Dra. Caroline de Oliveira Martins<\/strong> (<em><a href=\"carolineufpb@gmail.com\">e-mail<\/a><\/em>)<\/p>\n\n\n\n<p>Criou <a href=\"http:\/\/www.ufpb.br\/cau\/wp-content\/uploads\/sites\/79\/sites\/188\/2025\/06\/fitinha_da_barriga.pdf\">ferramenta de automonitoria da obesidade abdominal<\/a> patenteada pela UFPB:<\/p>\n\n\n<div class=\"wp-block-image\">\n<figure class=\"aligncenter size-full\"><a href=\"http:\/\/www.ufpb.br\/cau\/wp-content\/uploads\/sites\/79\/sites\/188\/2025\/06\/fitinha_da_barriga.pdf\" target=\"_blank\" rel=\" noreferrer noopener\"><img loading=\"lazy\" decoding=\"async\" width=\"272\" height=\"119\" src=\"http:\/\/www.ufpb.br\/cau\/wp-content\/uploads\/sites\/79\/sites\/188\/2025\/06\/Fitinha_da_Barriga.jpg\" alt=\"\" class=\"wp-image-1414\" \/><\/a><\/figure>\n<\/div>\n\n\n<div class=\"wp-block-group is-layout-grid wp-container-core-group-is-layout-9649a0d9 wp-block-group-is-layout-grid\"><\/div>\n\n\n<div class=\"wp-block-image\">\n<figure class=\"aligncenter size-full\"><img loading=\"lazy\" decoding=\"async\" width=\"300\" height=\"297\" src=\"http:\/\/www.ufpb.br\/cau\/wp-content\/uploads\/sites\/79\/sites\/188\/2024\/06\/CAU_OK-e1718374164171.png\" alt=\"\" class=\"wp-image-159\" \/><\/figure>\n<\/div>","protected":false},"excerpt":{"rendered":"<p>Nesta p\u00e1gina pode ser acessado conte\u00fado proveniente de integrantes do Coletivo Autista da UFPB Coletivo Autista da UFPB (e-mail) Publicou no YouTube em 28 de setembro de 2023 o v\u00eddeo TEA: ansiedade social e problemas de comunica\u00e7\u00e3o &#8211; CAU UFPB, com quest\u00f5es relacionadas a autistas e pessoas al\u00edsticas (fora do espectro do autismo): Prof. Dr. [&hellip;]<\/p>\n","protected":false},"author":122,"featured_media":0,"parent":0,"menu_order":0,"comment_status":"closed","ping_status":"closed","template":"","meta":{"footnotes":""},"class_list":["post-33","page","type-page","status-publish","hentry"],"_links":{"self":[{"href":"https:\/\/www.ufpb.br\/cau\/wp-json\/wp\/v2\/pages\/33","targetHints":{"allow":["GET"]}}],"collection":[{"href":"https:\/\/www.ufpb.br\/cau\/wp-json\/wp\/v2\/pages"}],"about":[{"href":"https:\/\/www.ufpb.br\/cau\/wp-json\/wp\/v2\/types\/page"}],"author":[{"embeddable":true,"href":"https:\/\/www.ufpb.br\/cau\/wp-json\/wp\/v2\/users\/122"}],"replies":[{"embeddable":true,"href":"https:\/\/www.ufpb.br\/cau\/wp-json\/wp\/v2\/comments?post=33"}],"version-history":[{"count":39,"href":"https:\/\/www.ufpb.br\/cau\/wp-json\/wp\/v2\/pages\/33\/revisions"}],"predecessor-version":[{"id":1545,"href":"https:\/\/www.ufpb.br\/cau\/wp-json\/wp\/v2\/pages\/33\/revisions\/1545"}],"wp:attachment":[{"href":"https:\/\/www.ufpb.br\/cau\/wp-json\/wp\/v2\/media?parent=33"}],"curies":[{"name":"wp","href":"https:\/\/api.w.org\/{rel}","templated":true}]}}